{"id":124,"date":"2024-09-16T10:49:16","date_gmt":"2024-09-16T10:49:16","guid":{"rendered":"https:\/\/xrival.qodeinteractive.com\/?page_id=124"},"modified":"2025-09-18T09:48:30","modified_gmt":"2025-09-18T09:48:30","slug":"accueil","status":"publish","type":"page","link":"https:\/\/breakdance-geneve.ch\/en\/","title":{"rendered":"Home"},"content":{"rendered":"<div data-elementor-type=\"wp-page\" data-elementor-id=\"124\" class=\"elementor elementor-124\" data-elementor-post-type=\"page\">\n\t\t\t\t<div class=\"elementor-element elementor-element-ca7bbe7 e-con-full e-flex e-con e-parent\" data-id=\"ca7bbe7\" data-element_type=\"container\" data-settings=\"{&quot;background_background&quot;:&quot;classic&quot;}\">\n\t\t\t\t<div class=\"elementor-element elementor-element-3d9bc26 elementor-widget elementor-widget-slider_revolution\" data-id=\"3d9bc26\" data-element_type=\"widget\" data-widget_type=\"slider_revolution.default\">\n\t\t\t\t<div class=\"elementor-widget-container\">\n\t\t\t\t\t\n\t\t<div class=\"wp-block-themepunch-revslider\">\n\t\t\t\t<p class=\"rs-p-wp-fix\"><\/p>\n\t\t\t\t<sr7-module data-alias=\"main-home\" data-id=\"2\" id=\"SR7_2_1\" class=\"rs-ov-hidden\" data-version=\"6.7.34\">\n\t\t\t\t\t<sr7-adjuster><\/sr7-adjuster>\n\t\t\t\t\t<sr7-content>\n\t\t\t\t\t\t<sr7-slide id=\"SR7_2_1-3\" data-key=\"3\">\n\t\t\t\t\t\t\t<sr7-bg id=\"SR7_2_1-3-6\" class=\"sr7-layer\"><noscript><img decoding=\"async\" src=\"https:\/\/www.get-down-dev.ch\/wp-content\/uploads\/2025\/06\/299924684_1119468375654034_4239666385740303248_n-1-1.webp\" alt=\"\" title=\"299924684_1119468375654034_4239666385740303248_n (1) 1\"><\/noscript><\/sr7-bg>\n\t\t\t\t\t\t\t<sr7-txt id=\"SR7_2_1-3-0\" class=\"sr7-layer\" srscsrc><a class=\"qodef-shortcode qodef-m qodef-button qodef-layout--filled qodef-html--link\" href=\"https:\/\/www.get-down-dev.ch\/inscription\/\" target=\"_self\" rel=\"noopener\">\n\t<span class=\"qodef-m-text\" data-title=\"Inscriptions\">Registration<\/span>\n    <span class=\"qodef-btn-arrow\"><svg class=\"qodef-svg--btn-arrow\" xmlns=\"http:\/\/www.w3.org\/2000\/svg\" width=\"13.458\" height=\"13.574\" viewbox=\"0 0 13.458 13.574\"><g><path d=\"m4.74.766 7.164 6.02-7.163 6.022\"\/><path d=\"M11.904 6.787H.004\"\/><\/g><g><path d=\"m4.74.766 7.164 6.02-7.163 6.022\"\/><path d=\"M11.904 6.787H.004\"\/><\/g><\/svg><\/span>\n<\/a>\n<\/sr7-txt>\n\t\t\t\t\t\t\t<sr7-txt id=\"SR7_2_1-3-1\" class=\"sr7-layer\">Dance School<\/sr7-txt>\n\t\t\t\t\t\t\t<sr7-txt id=\"SR7_2_1-3-2\" class=\"sr7-layer\">The<\/sr7-txt>\n\t\t\t\t\t\t\t<sr7-txt id=\"SR7_2_1-3-5\" class=\"sr7-layer\">Get Down<\/sr7-txt>\n\t\t\t\t\t\t<\/sr7-slide>\n\t\t\t\t\t\t<sr7-slide id=\"SR7_2_1-5\" data-key=\"5\">\n\t\t\t\t\t\t\t<sr7-bg id=\"SR7_2_1-5-9\" class=\"sr7-layer\"><noscript><img decoding=\"async\" src=\"https:\/\/www.get-down-dev.ch\/wp-content\/uploads\/2025\/06\/140550015_1041362456344972_6226638386033527854_n-1.webp\" alt=\"\" title=\"140550015_1041362456344972_6226638386033527854_n 1\"><\/noscript><\/sr7-bg>\n\t\t\t\t\t\t\t<sr7-txt id=\"SR7_2_1-5-0\" class=\"sr7-layer\" srscsrc><a class=\"qodef-shortcode qodef-m qodef-button qodef-layout--filled qodef-html--link\" href=\"https:\/\/www.get-down-dev.ch\/inscription\/\" target=\"_self\" rel=\"noopener\">\n\t<span class=\"qodef-m-text\" data-title=\"Inscriptions\">Registration<\/span>\n    <span class=\"qodef-btn-arrow\"><svg class=\"qodef-svg--btn-arrow\" xmlns=\"http:\/\/www.w3.org\/2000\/svg\" width=\"13.458\" height=\"13.574\" viewbox=\"0 0 13.458 13.574\"><g><path d=\"m4.74.766 7.164 6.02-7.163 6.022\"\/><path d=\"M11.904 6.787H.004\"\/><\/g><g><path d=\"m4.74.766 7.164 6.02-7.163 6.022\"\/><path d=\"M11.904 6.787H.004\"\/><\/g><\/svg><\/span>\n<\/a>\n<\/sr7-txt>\n\t\t\t\t\t\t\t<sr7-txt id=\"SR7_2_1-5-6\" class=\"sr7-layer\">Classes<\/sr7-txt>\n\t\t\t\t\t\t\t<sr7-txt id=\"SR7_2_1-5-7\" class=\"sr7-layer\">of<\/sr7-txt>\n\t\t\t\t\t\t\t<sr7-txt id=\"SR7_2_1-5-8\" class=\"sr7-layer\">breakdance<\/sr7-txt>\n\t\t\t\t\t\t<\/sr7-slide>\n\t\t\t\t\t\t<sr7-slide id=\"SR7_2_1-6\" data-key=\"6\">\n\t\t\t\t\t\t\t<sr7-bg id=\"SR7_2_1-6-12\" class=\"sr7-layer\"><noscript><img decoding=\"async\" src=\"https:\/\/www.get-down-dev.ch\/wp-content\/uploads\/2025\/07\/274896678_108363315123952_5076361325430576264_n-1.webp\" alt=\"\" title=\"274896678_108363315123952_5076361325430576264_n 1\"><\/noscript><\/sr7-bg>\n\t\t\t\t\t\t\t<sr7-txt id=\"SR7_2_1-6-0\" class=\"sr7-layer\" srscsrc><a class=\"qodef-shortcode qodef-m qodef-button qodef-layout--filled qodef-html--link\" href=\"https:\/\/www.get-down-dev.ch\/inscription\/\" target=\"_self\" rel=\"noopener\">\n\t<span class=\"qodef-m-text\" data-title=\"Inscriptions\">Registration<\/span>\n    <span class=\"qodef-btn-arrow\"><svg class=\"qodef-svg--btn-arrow\" xmlns=\"http:\/\/www.w3.org\/2000\/svg\" width=\"13.458\" height=\"13.574\" viewbox=\"0 0 13.458 13.574\"><g><path d=\"m4.74.766 7.164 6.02-7.163 6.022\"\/><path d=\"M11.904 6.787H.004\"\/><\/g><g><path d=\"m4.74.766 7.164 6.02-7.163 6.022\"\/><path d=\"M11.904 6.787H.004\"\/><\/g><\/svg><\/span>\n<\/a>\n<\/sr7-txt>\n\t\t\t\t\t\t\t<sr7-txt id=\"SR7_2_1-6-9\" class=\"sr7-layer\">Classes<\/sr7-txt>\n\t\t\t\t\t\t\t<sr7-txt id=\"SR7_2_1-6-10\" class=\"sr7-layer\">of<\/sr7-txt>\n\t\t\t\t\t\t\t<sr7-txt id=\"SR7_2_1-6-11\" class=\"sr7-layer\">hip-hop<\/sr7-txt>\n\t\t\t\t\t\t<\/sr7-slide>\n\t\t\t\t\t\t<sr7-slide id=\"SR7_2_1-10\" data-key=\"10\">\n\t\t\t\t\t\t<\/sr7-slide>\n\t\t\t\t\t<\/sr7-content>\n\t\t\t\t\t<image_lists style=\"display:none\">\n\t\t\t\t\t\t<img data-src=\"\/\/www.get-down-dev.ch\/wp-content\/uploads\/2025\/06\/299924684_1119468375654034_4239666385740303248_n-1-1.webp\" data-libid=\"5315\" data-lib=\"medialibrary\" title=\"299924684_1119468375654034_4239666385740303248_n (1) 1\" width=\"0\" height=\"0\" data-dbsrc=\"Ly93d3cuZ2V0LWRvd24tZGV2LmNoL3dwLWNvbnRlbnQvdXBsb2Fkcy8yMDI1LzA2LzI5OTkyNDY4NF8xMTE5NDY4Mzc1NjU0MDM0XzQyMzk2NjYzODU3NDAzMDMyNDhfbi0xLTEud2VicA==\"\/>\n\t\t\t\t\t\t<img data-src=\"\/\/www.get-down-dev.ch\/wp-content\/uploads\/2025\/06\/140550015_1041362456344972_6226638386033527854_n-1.webp\" data-libid=\"5311\" data-lib=\"medialibrary\" title=\"140550015_1041362456344972_6226638386033527854_n 1\" width=\"0\" height=\"0\" data-dbsrc=\"Ly93d3cuZ2V0LWRvd24tZGV2LmNoL3dwLWNvbnRlbnQvdXBsb2Fkcy8yMDI1LzA2LzE0MDU1MDAxNV8xMDQxMzYyNDU2MzQ0OTcyXzYyMjY2MzgzODYwMzM1Mjc4NTRfbi0xLndlYnA=\"\/>\n\t\t\t\t\t\t<img data-src=\"\/\/www.get-down-dev.ch\/wp-content\/uploads\/2025\/07\/274896678_108363315123952_5076361325430576264_n-1.webp\" data-libid=\"6160\" data-lib=\"medialibrary\" title=\"274896678_108363315123952_5076361325430576264_n 1\" width=\"0\" height=\"0\" data-dbsrc=\"Ly93d3cuZ2V0LWRvd24tZGV2LmNoL3dwLWNvbnRlbnQvdXBsb2Fkcy8yMDI1LzA3LzI3NDg5NjY3OF8xMDgzNjMzMTUxMjM5NTJfNTA3NjM2MTMyNTQzMDU3NjI2NF9uLTEud2VicA==\"\/>\n\t\t\t\t\t<\/image_lists>\n\t\t\t\t<\/sr7-module>\n\t\t\t\t<script>\n\t\t\t\t\tSR7.PMH ??={}; SR7.PMH[\"SR7_2_1\"] = {cn:100,state:false,fn: function() { if (_tpt!==undefined && _tpt.prepareModuleHeight !== undefined) {  _tpt.prepareModuleHeight({id:\"SR7_2_1\",el:[900,900,768,960,720],type:'standard',shdw:'0',gh:[900,900,768,960,720],gw:[1240,1240,1024,778,480],vpt:['-100px&#039;,&#039;-100px&#039;,&#039;-100px&#039;,&#039;-100px&#039;,&#039;-100px'],size:{fullWidth:true, fullHeight:true},fho:'',mh:'0',onh:0,onw:0,bg:{color:'{\"orig\":\"transparent\",\"type\":\"solid\",\"string\":\"transparent\"}'}});   SR7.PMH[\"SR7_2_1\"].state=true;} else if(SR7.PMH[\"SR7_2_1\"].cn-->0)\tsetTimeout( SR7.PMH[\"SR7_2_1\"].fn,19);}};SR7.PMH[\"SR7_2_1\" ].fn();\n\t\t\t\t<\/script>\n<\/div>\n\n\t\t\t\t\t\t<\/div>\n\t\t\t\t<\/div>\n\t\t\t\t<\/div>\n\t\t<div class=\"elementor-element elementor-element-8083011 e-flex e-con-boxed e-con e-parent\" data-id=\"8083011\" data-element_type=\"container\">\n\t\t\t\t\t<div class=\"e-con-inner\">\n\t\t\t\t<div class=\"elementor-element elementor-element-dc2deb7 elementor-widget-divider--view-line elementor-widget elementor-widget-divider\" data-id=\"dc2deb7\" data-element_type=\"widget\" data-widget_type=\"divider.default\">\n\t\t\t\t<div class=\"elementor-widget-container\">\n\t\t\t\t\t\t\t<div class=\"elementor-divider\">\n\t\t\t<span class=\"elementor-divider-separator\">\n\t\t\t\t\t\t<\/span>\n\t\t<\/div>\n\t\t\t\t\t\t<\/div>\n\t\t\t\t<\/div>\n\t\t\t\t\t<\/div>\n\t\t\t\t<\/div>\n\t\t<div class=\"elementor-element elementor-element-560c11f e-con-full e-flex e-con e-parent\" data-id=\"560c11f\" data-element_type=\"container\" data-settings=\"{&quot;background_background&quot;:&quot;classic&quot;}\">\n\t\t<div class=\"elementor-element elementor-element-ee269d4 e-con-full qodef-elementor-content-grid e-flex e-con e-child\" data-id=\"ee269d4\" data-element_type=\"container\">\n\t\t<div class=\"elementor-element elementor-element-e61ea2b e-con-full e-flex e-con e-child\" data-id=\"e61ea2b\" data-element_type=\"container\">\n\t\t\t\t<div class=\"elementor-element elementor-element-87926ea elementor-widget elementor-widget-xrival_core_section_title\" data-id=\"87926ea\" data-element_type=\"widget\" data-widget_type=\"xrival_core_section_title.default\">\n\t\t\t\t<div class=\"elementor-widget-container\">\n\t\t\t\t\t<div class=\"qodef-shortcode qodef-m qodef-section-title qodef-alignment--left qodef-title-break--disabled\">\n\t\t<h1 class=\"qodef-m-title\" style=\"color: #000000\">\n\t\t\t\t\tEcole de danse urbaine\t\t\t<\/h1>\n\t<\/div>\n\t\t\t\t<\/div>\n\t\t\t\t<\/div>\n\t\t\t\t<\/div>\n\t\t<div class=\"elementor-element elementor-element-0c7508e e-con-full e-flex e-con e-child\" data-id=\"0c7508e\" data-element_type=\"container\">\n\t\t\t\t<div class=\"elementor-element elementor-element-04a491a elementor-widget elementor-widget-text-editor\" data-id=\"04a491a\" data-element_type=\"widget\" data-widget_type=\"text-editor.default\">\n\t\t\t\t<div class=\"elementor-widget-container\">\n\t\t\t\t\t\t\t\t\t<p class=\"p1\">Nous proposons des cours de breakdance et de hip-hop \u00e0 Gen\u00e8ve, Nyon et Gland pour tous les niveaux et tous les \u00e2ges.<\/p>\t\t\t\t\t\t\t\t<\/div>\n\t\t\t\t<\/div>\n\t\t\t\t<div class=\"elementor-element elementor-element-4ab3e94 elementor-widget elementor-widget-xrival_core_button\" data-id=\"4ab3e94\" data-element_type=\"widget\" data-widget_type=\"xrival_core_button.default\">\n\t\t\t\t<div class=\"elementor-widget-container\">\n\t\t\t\t\t<a class=\"qodef-shortcode qodef-m qodef-button qodef-layout--filled qodef-html--link\" href=\"\/en\/cours\/\" target=\"_self\" >\n\t<span class=\"qodef-m-text\" data-title=\"Nos cours\">Our classes<\/span>\n    <span class=\"qodef-btn-arrow\"><svg class=\"qodef-svg--btn-arrow\" xmlns=\"http:\/\/www.w3.org\/2000\/svg\" width=\"13.458\" height=\"13.574\" viewbox=\"0 0 13.458 13.574\"><g><path d=\"m4.74.766 7.164 6.02-7.163 6.022\"\/><path d=\"M11.904 6.787H.004\"\/><\/g><g><path d=\"m4.74.766 7.164 6.02-7.163 6.022\"\/><path d=\"M11.904 6.787H.004\"\/><\/g><\/svg><\/span>\n<\/a>\n\t\t\t\t<\/div>\n\t\t\t\t<\/div>\n\t\t\t\t<\/div>\n\t\t\t\t<\/div>\n\t\t\t\t<\/div>\n\t\t<div class=\"elementor-element elementor-element-1dfbc9f e-con-full e-flex e-con e-parent\" data-id=\"1dfbc9f\" data-element_type=\"container\">\n\t\t<div class=\"elementor-element elementor-element-52cda31 e-con-full e-flex e-con e-child\" data-id=\"52cda31\" data-element_type=\"container\" data-settings=\"{&quot;background_background&quot;:&quot;classic&quot;}\">\n\t\t<div class=\"elementor-element elementor-element-6c15e80 e-con-full e-flex e-con e-child\" data-id=\"6c15e80\" data-element_type=\"container\">\n\t\t\t\t<div class=\"elementor-element elementor-element-cceeb41 elementor-widget elementor-widget-xrival_core_section_title\" data-id=\"cceeb41\" data-element_type=\"widget\" data-widget_type=\"xrival_core_section_title.default\">\n\t\t\t\t<div class=\"elementor-widget-container\">\n\t\t\t\t\t<div class=\"qodef-shortcode qodef-m qodef-section-title qodef-alignment--left\">\n\t\t<h2 class=\"qodef-m-title\" style=\"color: #FFFFFF\">\n\t\t\t\t\tThe expertise at the heart<br \/> courses\t\t\t<\/h2>\n\t<\/div>\n\t\t\t\t<\/div>\n\t\t\t\t<\/div>\n\t\t\t\t<div class=\"elementor-element elementor-element-a57f886 elementor-widget__width-initial elementor-widget elementor-widget-xrival_core_section_title\" data-id=\"a57f886\" data-element_type=\"widget\" data-widget_type=\"xrival_core_section_title.default\">\n\t\t\t\t<div class=\"elementor-widget-container\">\n\t\t\t\t\t<div class=\"qodef-shortcode qodef-m qodef-section-title qodef-alignment--left\">\n\t\t<h5 class=\"qodef-m-title\" style=\"color: #FFFFFF\">\n\t\t\t\t\tChampions of disciplines\t\t\t<\/h5>\n\t\t<p class=\"qodef-m-text\" style=\"color: #C0CAC9\">Teachers who are champions in their field <\/p>\n<\/div>\n\t\t\t\t<\/div>\n\t\t\t\t<\/div>\n\t\t\t\t<div class=\"elementor-element elementor-element-26bbbf6 elementor-widget__width-initial elementor-widget elementor-widget-xrival_core_section_title\" data-id=\"26bbbf6\" data-element_type=\"widget\" data-widget_type=\"xrival_core_section_title.default\">\n\t\t\t\t<div class=\"elementor-widget-container\">\n\t\t\t\t\t<div class=\"qodef-shortcode qodef-m qodef-section-title qodef-alignment--left\">\n\t\t<h5 class=\"qodef-m-title\" style=\"color: #FFFFFF\">\n\t\t\t\t\tAn environment of trust\t\t\t<\/h5>\n\t\t<p class=\"qodef-m-text\" style=\"color: #C0CAC9\">Partners who trust us and years of experience<\/p>\n<\/div>\n\t\t\t\t<\/div>\n\t\t\t\t<\/div>\n\t\t\t\t<div class=\"elementor-element elementor-element-516bd99 elementor-widget elementor-widget-xrival_core_button\" data-id=\"516bd99\" data-element_type=\"widget\" data-widget_type=\"xrival_core_button.default\">\n\t\t\t\t<div class=\"elementor-widget-container\">\n\t\t\t\t\t<a class=\"qodef-shortcode qodef-m qodef-button qodef-layout--textual qodef-html--link\" href=\"\/en\/philosophie\/\" target=\"_self\" style=\"--qode-button-color: #FFD531;--qode-button-icon-color: #FFD531;--qode-button-icon-hover-color: #FFD531\">\n    <span class=\"qodef-m-text\" data-title=\"Notre l\u00e9gitimit\u00e9\">Our legitimacy<\/span>\n    <span class=\"qodef-btn-arrow\"><svg class=\"qodef-svg--textual-btn-arrow\" xmlns=\"http:\/\/www.w3.org\/2000\/svg\" width=\"15.254\" height=\"15.391\" viewbox=\"0 0 15.254 15.391\"><g><path d=\"m5.457.766 8.243 6.93-8.243 6.93\"\/><path d=\"M13.7 7.695H0\"\/><\/g><g><path d=\"m5.457.766 8.243 6.93-8.243 6.93\"\/><path d=\"M13.7 7.695H0\"\/><\/g><\/svg><\/span>\n<\/a>\n\t\t\t\t<\/div>\n\t\t\t\t<\/div>\n\t\t\t\t<\/div>\n\t\t\t\t<\/div>\n\t\t<div class=\"elementor-element elementor-element-99368d3 e-con-full e-flex e-con e-child\" data-id=\"99368d3\" data-element_type=\"container\" data-settings=\"{&quot;background_background&quot;:&quot;classic&quot;}\">\n\t\t\t\t<\/div>\n\t\t\t\t<\/div>\n\t\t<div class=\"elementor-element elementor-element-f803b7c e-con-full qodef-elementor-content-grid e-flex e-con e-parent\" data-id=\"f803b7c\" data-element_type=\"container\">\n\t\t<div class=\"elementor-element elementor-element-7cec4cf e-con-full e-flex e-con e-child\" data-id=\"7cec4cf\" data-element_type=\"container\">\n\t\t\t\t<div class=\"elementor-element elementor-element-11e943b elementor-widget elementor-widget-xrival_core_section_title\" data-id=\"11e943b\" data-element_type=\"widget\" data-widget_type=\"xrival_core_section_title.default\">\n\t\t\t\t<div class=\"elementor-widget-container\">\n\t\t\t\t\t<div class=\"qodef-shortcode qodef-m qodef-section-title qodef-alignment--left qodef-title-break--disabled\">\n\t\t<h2 class=\"qodef-m-title\" style=\"color: #030303\">\n\t\t\t\t\tCourses and<br \/> shows for everyone\t\t\t<\/h2>\n\t<\/div>\n\t\t\t\t<\/div>\n\t\t\t\t<\/div>\n\t\t\t\t<div class=\"elementor-element elementor-element-1f4b9f9 elementor-widget elementor-widget-xrival_core_button\" data-id=\"1f4b9f9\" data-element_type=\"widget\" data-widget_type=\"xrival_core_button.default\">\n\t\t\t\t<div class=\"elementor-widget-container\">\n\t\t\t\t\t<a class=\"qodef-shortcode qodef-m qodef-button qodef-layout--filled qodef-html--link\" href=\"\/en\/prestations\/\" target=\"_self\" >\n\t<span class=\"qodef-m-text\" data-title=\"Nos prestations\">Our services<\/span>\n    <span class=\"qodef-btn-arrow\"><svg class=\"qodef-svg--btn-arrow\" xmlns=\"http:\/\/www.w3.org\/2000\/svg\" width=\"13.458\" height=\"13.574\" viewbox=\"0 0 13.458 13.574\"><g><path d=\"m4.74.766 7.164 6.02-7.163 6.022\"\/><path d=\"M11.904 6.787H.004\"\/><\/g><g><path d=\"m4.74.766 7.164 6.02-7.163 6.022\"\/><path d=\"M11.904 6.787H.004\"\/><\/g><\/svg><\/span>\n<\/a>\n\t\t\t\t<\/div>\n\t\t\t\t<\/div>\n\t\t\t\t<\/div>\n\t\t<div class=\"elementor-element elementor-element-4274ad8 e-con-full e-flex e-con e-child\" data-id=\"4274ad8\" data-element_type=\"container\">\n\t\t<div class=\"elementor-element elementor-element-f73761e e-con-full e-flex e-con e-child\" data-id=\"f73761e\" data-element_type=\"container\">\n\t\t\t\t<div class=\"elementor-element elementor-element-669723d elementor-widget elementor-widget-xrival_core_icon_with_text\" data-id=\"669723d\" data-element_type=\"widget\" data-widget_type=\"xrival_core_icon_with_text.default\">\n\t\t\t\t<div class=\"elementor-widget-container\">\n\t\t\t\t\t<div class=\"qodef-shortcode qodef-m qodef-icon-with-text qodef-layout--before-content qodef--custom-icon qodef--retina qodef--has-appear\" data-appear-delay=\"0\">\n\t<div class=\"qodef-m-icon-wrapper\" >\n\t\t\t<\/div>\n\t<div class=\"qodef-m-content\">\n\t\t\t<h6 class=\"qodef-m-title\" style=\"color: #000000\">\n\t\t\t\t\t<span class=\"qodef-m-title-text\">Dance classes<\/span>\n\t\t\t<\/h6>\n\t\t\t<p class=\"qodef-m-text\" style=\"color: #070707\">During breakdance and hip-hop for all ages and levels, tutored by passionate teachers in an atmosphere of caring and dynamic.<\/p>\n\t<\/div>\n<\/div>\n\t\t\t\t<\/div>\n\t\t\t\t<\/div>\n\t\t\t\t<div class=\"elementor-element elementor-element-78fd462 elementor-widget elementor-widget-xrival_core_icon_with_text\" data-id=\"78fd462\" data-element_type=\"widget\" data-widget_type=\"xrival_core_icon_with_text.default\">\n\t\t\t\t<div class=\"elementor-widget-container\">\n\t\t\t\t\t<div class=\"qodef-shortcode qodef-m qodef-icon-with-text qodef-layout--before-content qodef--custom-icon qodef--retina qodef--has-appear\" data-appear-delay=\"300\">\n\t<div class=\"qodef-m-icon-wrapper\" >\n\t\t\t<\/div>\n\t<div class=\"qodef-m-content\">\n\t\t\t<h6 class=\"qodef-m-title\" style=\"color: #000000\">\n\t\t\t\t\t<span class=\"qodef-m-title-text\">Private Show<\/span>\n\t\t\t<\/h6>\n\t\t\t<p class=\"qodef-m-text\" style=\"color: #080808\">The benefits of dance and custom animations for your private events or business, with shows and workshops led by experienced professionals.<\/p>\n\t<\/div>\n<\/div>\n\t\t\t\t<\/div>\n\t\t\t\t<\/div>\n\t\t\t\t<\/div>\n\t\t\t\t<\/div>\n\t\t\t\t<\/div>\n\t\t<div class=\"elementor-element elementor-element-120f908 e-con-full e-flex e-con e-parent\" data-id=\"120f908\" data-element_type=\"container\" data-settings=\"{&quot;background_background&quot;:&quot;classic&quot;}\">\n\t\t\t\t<div class=\"elementor-element elementor-element-ca62f62 elementor-widget elementor-widget-xrival_core_triple_image_highlight\" data-id=\"ca62f62\" data-element_type=\"widget\" data-widget_type=\"xrival_core_triple_image_highlight.default\">\n\t\t\t\t<div class=\"elementor-widget-container\">\n\t\t\t\t\t<div class=\"qodef-shortcode qodef-m qodef-triple-image-highlight qodef-navigation-enabled\">\n\t<div class=\"qodef-e-holder\">\n\t\t<div class=\"qodef-e-inner\">\n\t\t\t\t\t\t\t\t\t\t\t<div class=\"qodef-e-image-holder qodef--center\">\n\t\t\t\t\t\t\t\t\t\t\t\t<img class=\"qodef-e-image--center\"\n\t\t\t\t\t\t\tsrc=\"https:\/\/breakdance-geneve.ch\/wp-content\/uploads\/2025\/06\/297988760_464557512346879_8747068642013016625_n-1.webp\"\n\t\t\t\t\t\t\talt=\"297988760_464557512346879_8747068642013016625_n\" \/>\n\t\t\t\t\t<\/div>\n\t\t\t\t\t\t\t\t\t\t\t\t<div class=\"qodef-e-image-holder qodef--left\">\n\t\t\t\t\t\t\t\t\t\t\t\t<img class=\"qodef-e-image--left\"\n\t\t\t\t\t\t\tsrc=\"https:\/\/breakdance-geneve.ch\/wp-content\/uploads\/2025\/06\/382818850_18263914081091678_481244342222890610_n-1.webp\"\n\t\t\t\t\t\t\talt=\"382818850_18263914081091678_481244342222890610_n\" \/>\n\t\t\t\t\t<\/div>\n\t\t\t\t\t\t\t\t\t\t\t\t<div class=\"qodef-e-image-holder qodef--right\">\n\t\t\t\t\t\t\t\t\t\t\t\t<img class=\"qodef-e-image--right\"\n\t\t\t\t\t\t\tsrc=\"https:\/\/breakdance-geneve.ch\/wp-content\/uploads\/2025\/06\/280258778_368463851898721_7345742582649678150_n-1.webp\"\n\t\t\t\t\t\t\talt=\"280258778_368463851898721_7345742582649678150_n\" \/>\n\t\t\t\t\t<\/div>\n\t\t\t\t\t\t\t\t\t<\/div>\n\t\t<div class=\"qodef-left-trigger\"><\/div>\n\t\t<div class=\"qodef-right-trigger\"><\/div>\n\t<\/div>\n\n\t\n\t\t<span class=\"qodef-left-arrow\">\n            <svg class=\"qodef-svg--slider-arrow-left-alt\" xmlns=\"http:\/\/www.w3.org\/2000\/svg\" width=\"23.702\" height=\"23.937\" viewbox=\"0 0 23.702 23.937\"><g><path d=\"M14.88 23.17 1.555 11.97 14.88.77\"\/><path d=\"M1.554 11.968h22.148\"\/><\/g><g><path d=\"M14.88 23.17 1.555 11.97 14.88.77\"\/><path d=\"M1.554 11.968h22.148\"\/><\/g><\/svg>        <\/span>\n\t\t<span class=\"qodef-right-arrow\">\n            <svg class=\"qodef-svg--slider-arrow-right-alt\" xmlns=\"http:\/\/www.w3.org\/2000\/svg\" width=\"24\" height=\"24\" viewbox=\"0 0 23.702 23.937\"><g><path d=\"m8.82148396.76609028 13.327 11.2-13.326 11.2\"\/><path d=\"M22.14848396 11.96909028h-22.148\"\/><\/g><g><path d=\"m8.82148396.76609028 13.327 11.2-13.326 11.2\"\/><path d=\"M22.14848396 11.96909028h-22.148\"\/><\/g><\/svg>        <\/span>\n\t\t<\/div>\n\t\t\t\t<\/div>\n\t\t\t\t<\/div>\n\t\t\t\t<\/div>\n\t\t<div class=\"elementor-element elementor-element-5f113e3 e-flex e-con-boxed e-con e-parent\" data-id=\"5f113e3\" data-element_type=\"container\" data-settings=\"{&quot;background_background&quot;:&quot;classic&quot;}\">\n\t\t\t\t\t<div class=\"e-con-inner\">\n\t\t\t\t<div class=\"elementor-element elementor-element-99cdb7d elementor-widget elementor-widget-heading\" data-id=\"99cdb7d\" data-element_type=\"widget\" data-widget_type=\"heading.default\">\n\t\t\t\t<div class=\"elementor-widget-container\">\n\t\t\t\t\t<h2 class=\"elementor-heading-title elementor-size-default\">They trusted us <\/h2>\t\t\t\t<\/div>\n\t\t\t\t<\/div>\n\t\t\t\t\t<\/div>\n\t\t\t\t<\/div>\n\t\t<div class=\"elementor-element elementor-element-d16f087 e-con-full e-flex e-con e-parent\" data-id=\"d16f087\" data-element_type=\"container\" data-settings=\"{&quot;background_background&quot;:&quot;classic&quot;}\">\n\t\t\t\t<div class=\"elementor-element elementor-element-320bc70 elementor-arrows-position-inside elementor-pagination-position-outside elementor-widget elementor-widget-image-carousel\" data-id=\"320bc70\" data-element_type=\"widget\" data-settings=\"{&quot;slides_to_show&quot;:&quot;3&quot;,&quot;navigation&quot;:&quot;both&quot;,&quot;autoplay&quot;:&quot;yes&quot;,&quot;pause_on_hover&quot;:&quot;yes&quot;,&quot;pause_on_interaction&quot;:&quot;yes&quot;,&quot;autoplay_speed&quot;:5000,&quot;infinite&quot;:&quot;yes&quot;,&quot;speed&quot;:500}\" data-widget_type=\"image-carousel.default\">\n\t\t\t\t<div class=\"elementor-widget-container\">\n\t\t\t\t\t\t\t<div class=\"elementor-image-carousel-wrapper swiper\" role=\"region\" aria-roledescription=\"carousel\" aria-label=\"Image carousel\" dir=\"ltr\">\n\t\t\t<div class=\"elementor-image-carousel swiper-wrapper\" aria-live=\"off\">\n\t\t\t\t\t\t\t\t<div class=\"swiper-slide\" role=\"group\" aria-roledescription=\"slide\" aria-label=\"1 of 3\" data-no-translation-aria-label=\"\"><figure class=\"swiper-slide-inner\"><img decoding=\"async\" class=\"swiper-slide-image\" src=\"https:\/\/breakdance-geneve.ch\/wp-content\/uploads\/2025\/06\/GTG_Logo-300x193-1.png\" alt=\"grand theatre\" \/><\/figure><\/div><div class=\"swiper-slide\" role=\"group\" aria-roledescription=\"slide\" aria-label=\"2 of 3\" data-no-translation-aria-label=\"\"><figure class=\"swiper-slide-inner\"><img decoding=\"async\" class=\"swiper-slide-image\" src=\"https:\/\/breakdance-geneve.ch\/wp-content\/uploads\/2025\/06\/Genf_logo.svg-1-300x190.png\" alt=\"geneva\" \/><\/figure><\/div><div class=\"swiper-slide\" role=\"group\" aria-roledescription=\"slide\" aria-label=\"3 of 3\" data-no-translation-aria-label=\"\"><figure class=\"swiper-slide-inner\"><img decoding=\"async\" class=\"swiper-slide-image\" src=\"https:\/\/breakdance-geneve.ch\/wp-content\/uploads\/2025\/06\/m-schools2-300x157.png\" alt=\"m-schools2\" \/><\/figure><\/div>\t\t\t<\/div>\n\t\t\t\t\t\t\t\t\t\t\t\t<div class=\"elementor-swiper-button elementor-swiper-button-prev\" role=\"button\" tabindex=\"0\">\n\t\t\t\t\t\t<svg aria-hidden=\"true\" class=\"e-font-icon-svg e-eicon-chevron-left\" viewbox=\"0 0 1000 1000\" xmlns=\"http:\/\/www.w3.org\/2000\/svg\"><path d=\"M646 125C629 125 613 133 604 142L308 442C296 454 292 471 292 487 292 504 296 521 308 533L604 854C617 867 629 875 646 875 663 875 679 871 692 858 704 846 713 829 713 812 713 796 708 779 692 767L438 487 692 225C700 217 708 204 708 187 708 171 704 154 692 142 675 129 663 125 646 125Z\"><\/path><\/svg>\t\t\t\t\t<\/div>\n\t\t\t\t\t<div class=\"elementor-swiper-button elementor-swiper-button-next\" role=\"button\" tabindex=\"0\">\n\t\t\t\t\t\t<svg aria-hidden=\"true\" class=\"e-font-icon-svg e-eicon-chevron-right\" viewbox=\"0 0 1000 1000\" xmlns=\"http:\/\/www.w3.org\/2000\/svg\"><path d=\"M696 533C708 521 713 504 713 487 713 471 708 454 696 446L400 146C388 133 375 125 354 125 338 125 325 129 313 142 300 154 292 171 292 187 292 204 296 221 308 233L563 492 304 771C292 783 288 800 288 817 288 833 296 850 308 863 321 871 338 875 354 875 371 875 388 867 400 854L696 533Z\"><\/path><\/svg>\t\t\t\t\t<\/div>\n\t\t\t\t\n\t\t\t\t\t\t\t\t\t<div class=\"swiper-pagination\"><\/div>\n\t\t\t\t\t\t\t\t\t<\/div>\n\t\t\t\t\t\t<\/div>\n\t\t\t\t<\/div>\n\t\t\t\t<\/div>\n\t\t\t\t<\/div>","protected":false},"excerpt":{"rendered":"<p>Ecole de danse urbaine Nous proposons des cours de breakdance et de hip-hop \u00e0 Gen\u00e8ve, Nyon et Gland pour tous les niveaux et tous les \u00e2ges. Nos cours L\u2019expertise au c\u0153ur des cours Des champions de disciplines Des profs champions de leur discipline Une structure de confiance Des partenaires qui nous font confiance et des [&hellip;]<\/p>","protected":false},"author":1,"featured_media":0,"parent":0,"menu_order":0,"comment_status":"closed","ping_status":"closed","template":"page-full-width.php","meta":{"footnotes":""},"class_list":["post-124","page","type-page","status-publish","hentry"],"_links":{"self":[{"href":"https:\/\/breakdance-geneve.ch\/en\/wp-json\/wp\/v2\/pages\/124","targetHints":{"allow":["GET"]}}],"collection":[{"href":"https:\/\/breakdance-geneve.ch\/en\/wp-json\/wp\/v2\/pages"}],"about":[{"href":"https:\/\/breakdance-geneve.ch\/en\/wp-json\/wp\/v2\/types\/page"}],"author":[{"embeddable":true,"href":"https:\/\/breakdance-geneve.ch\/en\/wp-json\/wp\/v2\/users\/1"}],"replies":[{"embeddable":true,"href":"https:\/\/breakdance-geneve.ch\/en\/wp-json\/wp\/v2\/comments?post=124"}],"version-history":[{"count":0,"href":"https:\/\/breakdance-geneve.ch\/en\/wp-json\/wp\/v2\/pages\/124\/revisions"}],"wp:attachment":[{"href":"https:\/\/breakdance-geneve.ch\/en\/wp-json\/wp\/v2\/media?parent=124"}],"curies":[{"name":"wp","href":"https:\/\/api.w.org\/{rel}","templated":true}]}}