{"id":5505,"date":"2025-06-26T11:19:49","date_gmt":"2025-06-26T11:19:49","guid":{"rendered":"https:\/\/www.breakdance-geneve.ch\/?page_id=5505"},"modified":"2025-08-05T15:51:24","modified_gmt":"2025-08-05T15:51:24","slug":"prestations","status":"publish","type":"page","link":"https:\/\/breakdance-geneve.ch\/en\/prestations\/","title":{"rendered":"Our services"},"content":{"rendered":"<div data-elementor-type=\"wp-page\" data-elementor-id=\"5505\" class=\"elementor elementor-5505\" data-elementor-post-type=\"page\">\n\t\t\t\t<div class=\"elementor-element elementor-element-2492053 e-con-full e-flex e-con e-parent\" data-id=\"2492053\" data-element_type=\"container\">\n\t\t<div class=\"elementor-element elementor-element-2957a7d e-con-full e-flex e-con e-child\" data-id=\"2957a7d\" data-element_type=\"container\">\n\t\t\t\t<div class=\"elementor-element elementor-element-e50869d elementor-widget elementor-widget-xrival_core_custom_font\" data-id=\"e50869d\" data-element_type=\"widget\" data-widget_type=\"xrival_core_custom_font.default\">\n\t\t\t\t<div class=\"elementor-widget-container\">\n\t\t\t\t\t<h1 class=\"qodef-shortcode qodef-m qodef-custom-font qodef-custom-font-296 qodef-layout--simple qodef--has-appear\" style=\"font-family: Arial;font-size: 132px;line-height: 0px;font-weight: 700;font-style: italic;text-align: left\">\n\t<span class=\"qodef--word\">OUR<\/span>&nbsp;<span class=\"qodef--word\">SERVICES<\/span><\/h1>\n\t\t\t\t<\/div>\n\t\t\t\t<\/div>\n\t\t\t\t<\/div>\n\t\t\t\t<\/div>\n\t\t<div class=\"elementor-element elementor-element-4393ca4 e-flex e-con-boxed e-con e-parent\" data-id=\"4393ca4\" data-element_type=\"container\">\n\t\t\t\t\t<div class=\"e-con-inner\">\n\t\t\t\t\t<\/div>\n\t\t\t\t<\/div>\n\t\t<div class=\"elementor-element elementor-element-f7bc366 e-flex e-con-boxed e-con e-parent\" data-id=\"f7bc366\" data-element_type=\"container\">\n\t\t\t\t\t<div class=\"e-con-inner\">\n\t\t<div class=\"elementor-element elementor-element-dc8482b e-con-full e-flex e-con e-child\" data-id=\"dc8482b\" data-element_type=\"container\">\n\t\t\t\t<div class=\"elementor-element elementor-element-373caa3 elementor-widget elementor-widget-image-box\" data-id=\"373caa3\" data-element_type=\"widget\" data-widget_type=\"image-box.default\">\n\t\t\t\t<div class=\"elementor-widget-container\">\n\t\t\t\t\t<div class=\"elementor-image-box-wrapper\"><div class=\"elementor-image-box-content\"><h3 class=\"elementor-image-box-title\">Breakdance classes<\/h3><p class=\"elementor-image-box-description\">Dive into the world of breakdance with our dynamic, beginner-friendly classes. Whether you\u2019re just starting out or already advanced, you\u2019ll find your place in our passionate community.\n<\/p><\/div><\/div>\t\t\t\t<\/div>\n\t\t\t\t<\/div>\n\t\t<div class=\"elementor-element elementor-element-2030d39 e-con-full e-flex e-con e-child\" data-id=\"2030d39\" data-element_type=\"container\">\n\t\t\t\t<div class=\"elementor-element elementor-element-dfea659 elementor-widget elementor-widget-xrival_core_button\" data-id=\"dfea659\" data-element_type=\"widget\" data-widget_type=\"xrival_core_button.default\">\n\t\t\t\t<div class=\"elementor-widget-container\">\n\t\t\t\t\t<a class=\"qodef-shortcode qodef-m qodef-button qodef-layout--filled qodef-html--link\" href=\"\/en\/disciplines\/\" target=\"_blank\" >\n\t<span class=\"qodef-m-text\" data-title=\"Voir plus\">See more<\/span>\n    <span class=\"qodef-btn-arrow\"><svg class=\"qodef-svg--btn-arrow\" xmlns=\"http:\/\/www.w3.org\/2000\/svg\" width=\"13.458\" height=\"13.574\" viewbox=\"0 0 13.458 13.574\"><g><path d=\"m4.74.766 7.164 6.02-7.163 6.022\"\/><path d=\"M11.904 6.787H.004\"\/><\/g><g><path d=\"m4.74.766 7.164 6.02-7.163 6.022\"\/><path d=\"M11.904 6.787H.004\"\/><\/g><\/svg><\/span>\n<\/a>\n\t\t\t\t<\/div>\n\t\t\t\t<\/div>\n\t\t\t\t<\/div>\n\t\t\t\t<\/div>\n\t\t<div class=\"elementor-element elementor-element-78b82b0 e-con-full e-flex e-con e-child\" data-id=\"78b82b0\" data-element_type=\"container\">\n\t\t\t\t<div class=\"elementor-element elementor-element-37b7272 elementor-widget elementor-widget-image-box\" data-id=\"37b7272\" data-element_type=\"widget\" data-widget_type=\"image-box.default\">\n\t\t\t\t<div class=\"elementor-widget-container\">\n\t\t\t\t\t<div class=\"elementor-image-box-wrapper\"><div class=\"elementor-image-box-content\"><h3 class=\"elementor-image-box-title\">Hip-Hop classes<\/h3><p class=\"elementor-image-box-description\">Express yourself freely with our hip-hop classes, combining style, rhythm, and energy. Discover a culture and a dance that will get you moving like never before.<\/p><\/div><\/div>\t\t\t\t<\/div>\n\t\t\t\t<\/div>\n\t\t<div class=\"elementor-element elementor-element-2ceffec e-con-full e-flex e-con e-child\" data-id=\"2ceffec\" data-element_type=\"container\">\n\t\t\t\t<div class=\"elementor-element elementor-element-496354a elementor-widget elementor-widget-xrival_core_button\" data-id=\"496354a\" data-element_type=\"widget\" data-widget_type=\"xrival_core_button.default\">\n\t\t\t\t<div class=\"elementor-widget-container\">\n\t\t\t\t\t<a class=\"qodef-shortcode qodef-m qodef-button qodef-layout--filled qodef-html--link\" href=\"\/en\/disciplines\/\" target=\"_self\" >\n\t<span class=\"qodef-m-text\" data-title=\"voir plus\">see more<\/span>\n    <span class=\"qodef-btn-arrow\"><svg class=\"qodef-svg--btn-arrow\" xmlns=\"http:\/\/www.w3.org\/2000\/svg\" width=\"13.458\" height=\"13.574\" viewbox=\"0 0 13.458 13.574\"><g><path d=\"m4.74.766 7.164 6.02-7.163 6.022\"\/><path d=\"M11.904 6.787H.004\"\/><\/g><g><path d=\"m4.74.766 7.164 6.02-7.163 6.022\"\/><path d=\"M11.904 6.787H.004\"\/><\/g><\/svg><\/span>\n<\/a>\n\t\t\t\t<\/div>\n\t\t\t\t<\/div>\n\t\t\t\t<\/div>\n\t\t\t\t<\/div>\n\t\t\t\t\t<\/div>\n\t\t\t\t<\/div>\n\t\t<div class=\"elementor-element elementor-element-64d87e6 e-flex e-con-boxed e-con e-parent\" data-id=\"64d87e6\" data-element_type=\"container\">\n\t\t\t\t\t<div class=\"e-con-inner\">\n\t\t<div class=\"elementor-element elementor-element-1fbe017 e-con-full e-flex e-con e-child\" data-id=\"1fbe017\" data-element_type=\"container\">\n\t\t\t\t<\/div>\n\t\t\t\t\t<\/div>\n\t\t\t\t<\/div>\n\t\t<div class=\"elementor-element elementor-element-fac229b e-flex e-con-boxed e-con e-parent\" data-id=\"fac229b\" data-element_type=\"container\" data-settings=\"{&quot;background_background&quot;:&quot;classic&quot;}\">\n\t\t\t\t\t<div class=\"e-con-inner\">\n\t\t<div class=\"elementor-element elementor-element-9c18432 e-con-full qodef-elementor-content-grid e-flex e-con e-child\" data-id=\"9c18432\" data-element_type=\"container\">\n\t\t<div class=\"elementor-element elementor-element-8a5d3dc e-con-full e-flex e-con e-child\" data-id=\"8a5d3dc\" data-element_type=\"container\" data-settings=\"{&quot;background_background&quot;:&quot;classic&quot;}\">\n\t\t<div class=\"elementor-element elementor-element-992f4d1 e-con-full e-flex e-con e-child\" data-id=\"992f4d1\" data-element_type=\"container\">\n\t\t\t\t<div class=\"elementor-element elementor-element-152a8c0 elementor-widget elementor-widget-xrival_core_section_title\" data-id=\"152a8c0\" data-element_type=\"widget\" data-widget_type=\"xrival_core_section_title.default\">\n\t\t\t\t<div class=\"elementor-widget-container\">\n\t\t\t\t\t<div class=\"qodef-shortcode qodef-m qodef-section-title qodef-alignment--left qodef-title-break--disabled\">\n\t\t<h2 class=\"qodef-m-title\" style=\"color: #000000\">\n\t\t\t\t\tOur<br \/> Our locations\t\t\t<\/h2>\n\t<\/div>\n\t\t\t\t<\/div>\n\t\t\t\t<\/div>\n\t\t\t\t<div class=\"elementor-element elementor-element-a7711e5 elementor-widget__width-initial elementor-widget elementor-widget-xrival_core_section_title\" data-id=\"a7711e5\" data-element_type=\"widget\" data-widget_type=\"xrival_core_section_title.default\">\n\t\t\t\t<div class=\"elementor-widget-container\">\n\t\t\t\t\t<div class=\"qodef-shortcode qodef-m qodef-section-title qodef-alignment--left\">\n\t\t<h5 class=\"qodef-m-title\" style=\"color: #000000\">\n\t\t\t\t\tRooms training\t\t\t<\/h5>\n\t\t<p class=\"qodef-m-text\" style=\"color: #000000\">Our training rooms are fully equipped and fitted for the practice of dance in optimal conditions.<\/p>\n<\/div>\n\t\t\t\t<\/div>\n\t\t\t\t<\/div>\n\t\t\t\t<div class=\"elementor-element elementor-element-369d530 elementor-widget__width-initial elementor-widget elementor-widget-xrival_core_section_title\" data-id=\"369d530\" data-element_type=\"widget\" data-widget_type=\"xrival_core_section_title.default\">\n\t\t\t\t<div class=\"elementor-widget-container\">\n\t\t\t\t\t<div class=\"qodef-shortcode qodef-m qodef-section-title qodef-alignment--left\">\n\t\t<h5 class=\"qodef-m-title\" style=\"color: #000000\">\n\t\t\t\t\tIn the region romande\t\t\t<\/h5>\n\t\t<p class=\"qodef-m-text\" style=\"color: #000000\">Our rooms are conveniently located on the lake of geneva, Geneva to Lausanne, to provide easy access to our courses throughout the region.<\/p>\n<\/div>\n\t\t\t\t<\/div>\n\t\t\t\t<\/div>\n\t\t\t\t<div class=\"elementor-element elementor-element-615047e elementor-widget elementor-widget-xrival_core_button\" data-id=\"615047e\" data-element_type=\"widget\" data-widget_type=\"xrival_core_button.default\">\n\t\t\t\t<div class=\"elementor-widget-container\">\n\t\t\t\t\t<a class=\"qodef-shortcode qodef-m qodef-button qodef-layout--textual qodef-html--link\" href=\"\/en\/cours\/\" target=\"_self\" style=\"--qode-button-color: #000000;--qode-button-icon-color: #FFFFFF;--qode-button-icon-hover-color: #FFFFFF\">\n    <span class=\"qodef-m-text\" data-title=\"nos cours\">Our locations<\/span>\n    <span class=\"qodef-btn-arrow\"><svg class=\"qodef-svg--textual-btn-arrow\" xmlns=\"http:\/\/www.w3.org\/2000\/svg\" width=\"15.254\" height=\"15.391\" viewbox=\"0 0 15.254 15.391\"><g><path d=\"m5.457.766 8.243 6.93-8.243 6.93\"\/><path d=\"M13.7 7.695H0\"\/><\/g><g><path d=\"m5.457.766 8.243 6.93-8.243 6.93\"\/><path d=\"M13.7 7.695H0\"\/><\/g><\/svg><\/span>\n<\/a>\n\t\t\t\t<\/div>\n\t\t\t\t<\/div>\n\t\t\t\t<\/div>\n\t\t\t\t<\/div>\n\t\t<div class=\"elementor-element elementor-element-6c2ae87 e-con-full e-flex e-con e-child\" data-id=\"6c2ae87\" data-element_type=\"container\" data-settings=\"{&quot;background_background&quot;:&quot;classic&quot;}\">\n\t\t\t\t<div class=\"elementor-element elementor-element-9d77ad2 elementor-widget elementor-widget-xrival_core_single_image\" data-id=\"9d77ad2\" data-element_type=\"widget\" data-widget_type=\"xrival_core_single_image.default\">\n\t\t\t\t<div class=\"elementor-widget-container\">\n\t\t\t\t\t<div class=\"qodef-shortcode qodef-m qodef-single-image qodef-layout--default\"   >\n\t<div class=\"qodef-m-inner\">\n\t\t\t\t<div class=\"qodef-m-image\">\n\t\t\t\t\t\t\t\t<img fetchpriority=\"high\" decoding=\"async\" src=\"https:\/\/breakdance-geneve.ch\/wp-content\/uploads\/2025\/06\/w4fpzcrkmnc-600x491.jpg\" class=\"qodef-list-image\" alt=\"white and black electric gas stove\" width=\"600\" height=\"491\" data-ratio=\"1.2219959266802\" \/>\t\t\t\t\t\t\t<\/div>\n\t\t\t\t<\/div>\n<\/div>\n\t\t\t\t<\/div>\n\t\t\t\t<\/div>\n\t\t\t\t<\/div>\n\t\t\t\t<\/div>\n\t\t\t\t\t<\/div>\n\t\t\t\t<\/div>\n\t\t<div class=\"elementor-element elementor-element-4291fa8 e-con-full qodef-elementor-content-grid e-flex e-con e-parent\" data-id=\"4291fa8\" data-element_type=\"container\">\n\t\t<div class=\"elementor-element elementor-element-959115c e-con-full e-flex e-con e-child\" data-id=\"959115c\" data-element_type=\"container\" data-settings=\"{&quot;background_background&quot;:&quot;classic&quot;}\">\n\t\t<div class=\"elementor-element elementor-element-aae7d2f e-con-full e-flex e-con e-child\" data-id=\"aae7d2f\" data-element_type=\"container\">\n\t\t\t\t<div class=\"elementor-element elementor-element-ff9a0b8 elementor-widget elementor-widget-xrival_core_section_title\" data-id=\"ff9a0b8\" data-element_type=\"widget\" data-widget_type=\"xrival_core_section_title.default\">\n\t\t\t\t<div class=\"elementor-widget-container\">\n\t\t\t\t\t<div class=\"qodef-shortcode qodef-m qodef-section-title qodef-alignment--left qodef-title-break--disabled\">\n\t\t<h2 class=\"qodef-m-title translation-block\" style=\"color: #000000\">Summer dance camps<\/h2>\n\t<\/div>\n\t\t\t\t<\/div>\n\t\t\t\t<\/div>\n\t\t\t\t<div class=\"elementor-element elementor-element-ea38497 elementor-widget__width-initial elementor-widget elementor-widget-xrival_core_section_title\" data-id=\"ea38497\" data-element_type=\"widget\" data-widget_type=\"xrival_core_section_title.default\">\n\t\t\t\t<div class=\"elementor-widget-container\">\n\t\t\t\t\t<div class=\"qodef-shortcode qodef-m qodef-section-title qodef-alignment--left\">\n\t\t<h5 class=\"qodef-m-title\" style=\"color: #000000\">\n\t\t\t\t\tCentre a\u00e9r\u00e9\t\t\t<\/h5>\n\t\t<p class=\"qodef-m-text\" style=\"color: #000000\">Each summer, we organize a two-week intensive camp dedicated to breakdance and Hip-Hop culture. The program includes daily training sessions, fun and immersive activities such as swimming, graffiti workshops, and a visit to a circus school. The experience concludes with a dance battle, giving students the chance to showcase everything they\u2019ve learned. Guided by our teaching team and an international guest artist, this bootcamp offers a unique blend of passion, progression, and team spirit.<\/p>\n<\/div>\n\t\t\t\t<\/div>\n\t\t\t\t<\/div>\n\t\t\t\t<div class=\"elementor-element elementor-element-1e88f8b elementor-widget elementor-widget-xrival_core_button\" data-id=\"1e88f8b\" data-element_type=\"widget\" data-widget_type=\"xrival_core_button.default\">\n\t\t\t\t<div class=\"elementor-widget-container\">\n\t\t\t\t\t<a class=\"qodef-shortcode qodef-m qodef-button qodef-layout--textual qodef-html--link\" href=\"\/en\/camps\/\" target=\"_self\" style=\"--qode-button-color: #000000;--qode-button-icon-color: #FFD630;--qode-button-icon-hover-color: #FFD630\">\n    <span class=\"qodef-m-text\" data-title=\"D\u00e9courvir\">Discover<\/span>\n    <span class=\"qodef-btn-arrow\"><svg class=\"qodef-svg--textual-btn-arrow\" xmlns=\"http:\/\/www.w3.org\/2000\/svg\" width=\"15.254\" height=\"15.391\" viewbox=\"0 0 15.254 15.391\"><g><path d=\"m5.457.766 8.243 6.93-8.243 6.93\"\/><path d=\"M13.7 7.695H0\"\/><\/g><g><path d=\"m5.457.766 8.243 6.93-8.243 6.93\"\/><path d=\"M13.7 7.695H0\"\/><\/g><\/svg><\/span>\n<\/a>\n\t\t\t\t<\/div>\n\t\t\t\t<\/div>\n\t\t\t\t<\/div>\n\t\t\t\t<\/div>\n\t\t<div class=\"elementor-element elementor-element-f236794 e-con-full e-flex e-con e-child\" data-id=\"f236794\" data-element_type=\"container\" data-settings=\"{&quot;background_background&quot;:&quot;classic&quot;}\">\n\t\t\t\t<div class=\"elementor-element elementor-element-9a8c5bf elementor-widget elementor-widget-xrival_core_single_image\" data-id=\"9a8c5bf\" data-element_type=\"widget\" data-widget_type=\"xrival_core_single_image.default\">\n\t\t\t\t<div class=\"elementor-widget-container\">\n\t\t\t\t\t<div class=\"qodef-shortcode qodef-m qodef-single-image qodef-layout--default\"   >\n\t<div class=\"qodef-m-inner\">\n\t\t\t\t<div class=\"qodef-m-image\">\n\t\t\t\t\t\t\t\t<img decoding=\"async\" src=\"https:\/\/breakdance-geneve.ch\/wp-content\/uploads\/2025\/06\/297988760_464557512346879_8747068642013016625_n-1-600x491.webp\" class=\"qodef-list-image\" alt=\"get down students\" width=\"600\" height=\"491\" data-ratio=\"1.2219959266802\" \/>\t\t\t\t\t\t\t<\/div>\n\t\t\t\t<\/div>\n<\/div>\n\t\t\t\t<\/div>\n\t\t\t\t<\/div>\n\t\t\t\t<\/div>\n\t\t\t\t<\/div>\n\t\t<div class=\"elementor-element elementor-element-cbf5a59 e-flex e-con-boxed e-con e-parent\" data-id=\"cbf5a59\" data-element_type=\"container\">\n\t\t\t\t\t<div class=\"e-con-inner\">\n\t\t\t\t\t<\/div>\n\t\t\t\t<\/div>\n\t\t<div class=\"elementor-element elementor-element-b24510f e-flex e-con-boxed e-con e-parent\" data-id=\"b24510f\" data-element_type=\"container\">\n\t\t\t\t\t<div class=\"e-con-inner\">\n\t\t<div class=\"elementor-element elementor-element-5da4730 e-con-full e-flex e-con e-child\" data-id=\"5da4730\" data-element_type=\"container\">\n\t\t\t\t<div class=\"elementor-element elementor-element-2543003 elementor-widget elementor-widget-xrival_core_single_image\" data-id=\"2543003\" data-element_type=\"widget\" data-widget_type=\"xrival_core_single_image.default\">\n\t\t\t\t<div class=\"elementor-widget-container\">\n\t\t\t\t\t<div class=\"qodef-shortcode qodef-m qodef-single-image qodef-layout--default\"   >\n\t<div class=\"qodef-m-inner\">\n\t\t\t\t<div class=\"qodef-m-image\">\n\t\t\t\t\t\t\t\t<img decoding=\"async\" width=\"750\" height=\"750\" src=\"https:\/\/breakdance-geneve.ch\/wp-content\/uploads\/2025\/06\/382818850_18263914081091678_481244342222890610_n.webp\" class=\"attachment-full size-full qodef-list-image\" alt=\"\" srcset=\"https:\/\/breakdance-geneve.ch\/wp-content\/uploads\/2025\/06\/382818850_18263914081091678_481244342222890610_n.webp 750w, https:\/\/breakdance-geneve.ch\/wp-content\/uploads\/2025\/06\/382818850_18263914081091678_481244342222890610_n-300x300.webp 300w, https:\/\/breakdance-geneve.ch\/wp-content\/uploads\/2025\/06\/382818850_18263914081091678_481244342222890610_n-150x150.webp 150w, https:\/\/breakdance-geneve.ch\/wp-content\/uploads\/2025\/06\/382818850_18263914081091678_481244342222890610_n-650x650.webp 650w\" sizes=\"(max-width: 750px) 100vw, 750px\" \/>\t\t\t\t\t\t\t<\/div>\n\t\t\t\t<\/div>\n<\/div>\n\t\t\t\t<\/div>\n\t\t\t\t<\/div>\n\t\t\t\t<\/div>\n\t\t<div class=\"elementor-element elementor-element-7832832 e-con-full e-flex e-con e-child\" data-id=\"7832832\" data-element_type=\"container\">\n\t\t\t\t<div class=\"elementor-element elementor-element-f5255e8 elementor-widget elementor-widget-xrival_core_section_title\" data-id=\"f5255e8\" data-element_type=\"widget\" data-widget_type=\"xrival_core_section_title.default\">\n\t\t\t\t<div class=\"elementor-widget-container\">\n\t\t\t\t\t<div class=\"qodef-shortcode qodef-m qodef-section-title qodef-alignment--left qodef-title-break--disabled\">\n\t\t<h2 class=\"qodef-m-title translation-block\" style=\"color: #000000\">Private shows<\/h2>\n\t<\/div>\n\t\t\t\t<\/div>\n\t\t\t\t<\/div>\n\t\t<div class=\"elementor-element elementor-element-6d90baa e-con-full e-flex e-con e-child\" data-id=\"6d90baa\" data-element_type=\"container\">\n\t\t\t\t<div class=\"elementor-element elementor-element-d8276f2 elementor-widget elementor-widget-text-editor\" data-id=\"d8276f2\" data-element_type=\"widget\" data-widget_type=\"text-editor.default\">\n\t\t\t\t<div class=\"elementor-widget-container\">\n\t\t\t\t\t\t\t\t\t<p class=\"p1\">Offer your guests an unforgettable experience with our spectacular breakdance shows and interactive workshops. Whether it\u2019s a wedding, corporate event, product launch, or birthday, we tailor each performance to match your vision and needs.<\/p><p class=\"p1\">With over 20 years of experience and dozens of events hosted each year, our team ensures energy, professionalism and originality.<\/p>\t\t\t\t\t\t\t\t<\/div>\n\t\t\t\t<\/div>\n\t\t\t\t<div class=\"elementor-element elementor-element-a2cc6f9 elementor-widget elementor-widget-xrival_core_button\" data-id=\"a2cc6f9\" data-element_type=\"widget\" data-widget_type=\"xrival_core_button.default\">\n\t\t\t\t<div class=\"elementor-widget-container\">\n\t\t\t\t\t<a class=\"qodef-shortcode qodef-m qodef-button qodef-layout--filled qodef-html--link\" href=\"\/en\/shows\/\" target=\"_self\" >\n\t<span class=\"qodef-m-text\" data-title=\"voir plus\">see more<\/span>\n    <span class=\"qodef-btn-arrow\"><svg class=\"qodef-svg--btn-arrow\" xmlns=\"http:\/\/www.w3.org\/2000\/svg\" width=\"13.458\" height=\"13.574\" viewbox=\"0 0 13.458 13.574\"><g><path d=\"m4.74.766 7.164 6.02-7.163 6.022\"\/><path d=\"M11.904 6.787H.004\"\/><\/g><g><path d=\"m4.74.766 7.164 6.02-7.163 6.022\"\/><path d=\"M11.904 6.787H.004\"\/><\/g><\/svg><\/span>\n<\/a>\n\t\t\t\t<\/div>\n\t\t\t\t<\/div>\n\t\t\t\t<\/div>\n\t\t\t\t<\/div>\n\t\t\t\t\t<\/div>\n\t\t\t\t<\/div>\n\t\t<div class=\"elementor-element elementor-element-7c5afe4 e-flex e-con-boxed e-con e-parent\" data-id=\"7c5afe4\" data-element_type=\"container\">\n\t\t\t\t\t<div class=\"e-con-inner\">\n\t\t\t\t\t<\/div>\n\t\t\t\t<\/div>\n\t\t<div class=\"elementor-element elementor-element-3f75020 e-con-full e-flex e-con e-parent\" data-id=\"3f75020\" data-element_type=\"container\" data-settings=\"{&quot;background_background&quot;:&quot;classic&quot;}\">\n\t\t\t\t<div class=\"elementor-element elementor-element-7f23a87 elementor-widget elementor-widget-xrival_core_text_marquee\" data-id=\"7f23a87\" data-element_type=\"widget\" data-widget_type=\"xrival_core_text_marquee.default\">\n\t\t\t\t<div class=\"elementor-widget-container\">\n\t\t\t\t\t<div class=\"qodef-shortcode qodef-m qodef-text-marquee qodef-text-marquee-429 qodef-layout--default qodef-direction--left\" >\n\t<div class=\"qodef-m-content\" >\n\t\t<div class=\"qodef-m-content-inner\">\n\t\t\t\t\t\t\t<span class=\"qodef-m-text-1\" >\n\t\t\t\t\tBREAKDANCE\t\t\t\t<\/span>\n\t\t\t\t\t\t\t\t\t\t\t\t\t<span class=\"qodef-m-text-2\" >\n\t\t\t\t\tHIP-HOP\t\t\t\t<\/span>\n\t\t\t\t\t\t\t\t\t\t\t\t\t<span class=\"qodef-m-text-3\" >\n\t\t\t\t\tCAMPS\t\t\t\t<\/span>\n\t\t\t\t\t\t\t\t\t\t\t\t\t<span class=\"qodef-m-text-4\" >\n\t\t\t\t\tSHOWS\t\t\t\t<\/span>\n\t\t\t\t\t\t\t\t<\/div>\n\t<\/div>\n<\/div>\n\t\t\t\t<\/div>\n\t\t\t\t<\/div>\n\t\t\t\t<\/div>\n\t\t\t\t<\/div>","protected":false},"excerpt":{"rendered":"<p>NOS&nbsp;PRESTATIONS Cours de Breakdance Plonge dans l\u2019univers du break avec nos cours dynamiques et accessibles \u00e0 tous. Que tu sois d\u00e9butant ou avanc\u00e9, tu trouveras ta place dans notre communaut\u00e9 passionn\u00e9e. Voir plus Cours de Hip-Hop Exprime-toi librement gr\u00e2ce \u00e0 nos cours de hip-hop, alliant style, rythme et \u00e9nergie. D\u00e9couvre une culture et une danse [&hellip;]<\/p>","protected":false},"author":1,"featured_media":0,"parent":0,"menu_order":0,"comment_status":"closed","ping_status":"closed","template":"page-full-width.php","meta":{"footnotes":""},"class_list":["post-5505","page","type-page","status-publish","hentry"],"_links":{"self":[{"href":"https:\/\/breakdance-geneve.ch\/en\/wp-json\/wp\/v2\/pages\/5505","targetHints":{"allow":["GET"]}}],"collection":[{"href":"https:\/\/breakdance-geneve.ch\/en\/wp-json\/wp\/v2\/pages"}],"about":[{"href":"https:\/\/breakdance-geneve.ch\/en\/wp-json\/wp\/v2\/types\/page"}],"author":[{"embeddable":true,"href":"https:\/\/breakdance-geneve.ch\/en\/wp-json\/wp\/v2\/users\/1"}],"replies":[{"embeddable":true,"href":"https:\/\/breakdance-geneve.ch\/en\/wp-json\/wp\/v2\/comments?post=5505"}],"version-history":[{"count":0,"href":"https:\/\/breakdance-geneve.ch\/en\/wp-json\/wp\/v2\/pages\/5505\/revisions"}],"wp:attachment":[{"href":"https:\/\/breakdance-geneve.ch\/en\/wp-json\/wp\/v2\/media?parent=5505"}],"curies":[{"name":"wp","href":"https:\/\/api.w.org\/{rel}","templated":true}]}}