{"id":5596,"date":"2025-06-30T12:05:13","date_gmt":"2025-06-30T12:05:13","guid":{"rendered":"https:\/\/www.breakdance-geneve.ch\/?page_id=5596"},"modified":"2025-08-18T12:05:21","modified_gmt":"2025-08-18T12:05:21","slug":"faq","status":"publish","type":"page","link":"https:\/\/breakdance-geneve.ch\/en\/faq\/","title":{"rendered":"FAQ"},"content":{"rendered":"<div data-elementor-type=\"wp-page\" data-elementor-id=\"5596\" class=\"elementor elementor-5596\" data-elementor-post-type=\"page\">\n\t\t\t\t<div class=\"elementor-element elementor-element-5fec930 e-con-full e-flex e-con e-parent\" data-id=\"5fec930\" data-element_type=\"container\">\n\t\t<div class=\"elementor-element elementor-element-02ecc10 e-con-full e-flex e-con e-child\" data-id=\"02ecc10\" data-element_type=\"container\">\n\t\t\t\t<div class=\"elementor-element elementor-element-6081cc7 elementor-widget elementor-widget-xrival_core_custom_font\" data-id=\"6081cc7\" data-element_type=\"widget\" data-widget_type=\"xrival_core_custom_font.default\">\n\t\t\t\t<div class=\"elementor-widget-container\">\n\t\t\t\t\t<p class=\"qodef-shortcode qodef-m qodef-custom-font qodef-custom-font-585 qodef-layout--simple qodef--has-appear\" style=\"font-family: Inter Tight;font-size: 132px;line-height: 0px;font-weight: 700;font-style: italic;text-align: left\">\n\t<span class=\"qodef--word\">FAQ<\/span><\/p>\n\t\t\t\t<\/div>\n\t\t\t\t<\/div>\n\t\t\t\t<\/div>\n\t\t\t\t<\/div>\n\t\t<div class=\"elementor-element elementor-element-8e6b37c e-con-full e-flex e-con e-parent\" data-id=\"8e6b37c\" data-element_type=\"container\">\n\t\t<div class=\"elementor-element elementor-element-642040b e-con-full e-flex e-con e-child\" data-id=\"642040b\" data-element_type=\"container\">\n\t\t\t\t<div class=\"elementor-element elementor-element-40c8fd5 elementor-widget elementor-widget-xrival_core_accordion\" data-id=\"40c8fd5\" data-element_type=\"widget\" data-widget_type=\"xrival_core_accordion.default\">\n\t\t\t\t<div class=\"elementor-widget-container\">\n\t\t\t\t\t<div class=\"qodef-shortcode qodef-m qodef-accordion clear qodef-behavior--accordion qodef-layout--simple\">\n\t<h4 class=\"qodef-accordion-title\">\n\t<span class=\"qodef-tab-title\">What clothes should I wear to the class ?<\/span>\n\t<span class=\"qodef-accordion-mark\">\n\t\t<span class=\"qodef-icon--plus\">+<\/span>\n\t\t<span class=\"qodef-icon--minus\">-<\/span>\n\t<\/span>\n<\/h4>\n<div class=\"qodef-accordion-content\">\n\t<div class=\"qodef-accordion-content-inner\">\n\t\t<p class=\"p1\">To dance comfortably and safely, we recommend that you come up with a <span class=\"s1\"><b>sport outfit soft<\/b><\/span>as a <span class=\"s1\"><b>training or a jogging pants<\/b><\/span>, a <span class=\"s1\"><b>t-shirt<\/b><\/span>and especially a <span class=\"s1\"><b>sneaker own<\/b><\/span> dedicated to the interior. Avoid jeans or clothing that is too rigid.<\/p>\t<\/div>\n<\/div>\n<h4 class=\"qodef-accordion-title\">\n\t<span class=\"qodef-tab-title\">Do I need any dance experience to get started ?<\/span>\n\t<span class=\"qodef-accordion-mark\">\n\t\t<span class=\"qodef-icon--plus\">+<\/span>\n\t\t<span class=\"qodef-icon--minus\">-<\/span>\n\t<\/span>\n<\/h4>\n<div class=\"qodef-accordion-content\">\n\t<div class=\"qodef-accordion-content-inner\">\n\t\t<p class=\"p1\">Not at all ! Our courses are <span class=\"s1\"><b>accessible to beginners<\/b><\/span>. The important thing is the motivation and desire to learn.<\/p>\t<\/div>\n<\/div>\n<h4 class=\"qodef-accordion-title\">\n\t<span class=\"qodef-tab-title\">How do I register ?<\/span>\n\t<span class=\"qodef-accordion-mark\">\n\t\t<span class=\"qodef-icon--plus\">+<\/span>\n\t\t<span class=\"qodef-icon--minus\">-<\/span>\n\t<\/span>\n<\/h4>\n<div class=\"qodef-accordion-content\">\n\t<div class=\"qodef-accordion-content-inner\">\n\t\t<p class=\"p1\">Registration is done directly online through our website. You can choose your classes, create an account, and pay in just a few clicks thanks to our new simplified registration system.<\/p>\t<\/div>\n<\/div>\n<h4 class=\"qodef-accordion-title\">\n\t<span class=\"qodef-tab-title\"> Where are the courses held ?<\/span>\n\t<span class=\"qodef-accordion-mark\">\n\t\t<span class=\"qodef-icon--plus\">+<\/span>\n\t\t<span class=\"qodef-icon--minus\">-<\/span>\n\t<\/span>\n<\/h4>\n<div class=\"qodef-accordion-content\">\n\t<div class=\"qodef-accordion-content-inner\">\n\t\t<p class=\"p1 translation-block\">Our classes are held in several cities along the C\u00f4te Vaudoise up to Lausanne, including Geneva, Nyon, Gland, and Lausanne. Visit our Classes page for accurate information on schedules and locations.<\/p>\n<p>\u00a0<\/p>\t<\/div>\n<\/div>\n<h4 class=\"qodef-accordion-title\">\n\t<span class=\"qodef-tab-title\">How old do you have to be to join the class?<\/span>\n\t<span class=\"qodef-accordion-mark\">\n\t\t<span class=\"qodef-icon--plus\">+<\/span>\n\t\t<span class=\"qodef-icon--minus\">-<\/span>\n\t<\/span>\n<\/h4>\n<div class=\"qodef-accordion-content\">\n\t<div class=\"qodef-accordion-content-inner\">\n\t\t<p class=\"p1 translation-block\">Classes are open to children from the age of 5. We also offer courses for teenagers and adults.<\/p>\t<\/div>\n<\/div>\n<\/div>\n\t\t\t\t<\/div>\n\t\t\t\t<\/div>\n\t\t\t\t<\/div>\n\t\t<div class=\"elementor-element elementor-element-e6ad978 e-con-full e-flex e-con e-child\" data-id=\"e6ad978\" data-element_type=\"container\">\n\t\t\t\t<div class=\"elementor-element elementor-element-eafb7a9 elementor-widget elementor-widget-sidebar\" data-id=\"eafb7a9\" data-element_type=\"widget\" data-widget_type=\"sidebar.default\">\n\t\t\t\t<div class=\"elementor-widget-container\">\n\t\t\t\t\t<div class=\"widget widget_block\" data-area=\"faq-sidebar\">\n<div class=\"wp-block-group\"><div class=\"wp-block-group__inner-container is-layout-constrained wp-block-group-is-layout-constrained\"><div class=\"widget widget_xrival_core_title_widget\">\t\t\t\t\t\t\t<h5 class=\"qodef-widget-title\" >\n\t\t\t\tContact us\t\t\t\t<\/h5>\n\t\t\t\t\t\t<\/div>\n\n\n<div class=\"wp-block-qi-blocks-advanced-text qodef-block-container qodef-widget-block-f9e0962b\"><div class=\"qi-block-advanced-text qodef-block qodef-m\"><p><a href=\"https:\/\/www.google.com\/maps\/place\/33+Thomas+Street,+33+Thomas+St,+New+York,+NY+10007,+USA\/@40.7166039,-74.0109279,17z\/data=!3m1!4b1!4m15!1m8!3m7!1s0x89c24fa5d33f083b:0xc80b8f06e177fe62!2sNew+York,+NY,+USA!3b1!8m2!3d40.7127753!4d-74.0059728!16zL20vMDJfMjg2!3m5!1s0x89c25a202da93785:0x647d236777581d1c!8m2!3d40.7165999!4d-74.006057!16s%2Fg%2F11bc5vtggx?entry=ttu&amp;g_ep=EgoyMDI0MDkxOC4xIKXMDSoASAFQAw%3D%3D\" target=\"_blank\" rel=\"noreferrer noopener\"><\/a><a href=\"https:\/\/www.google.com\/maps\/place\/Rue+Lamartine+24,+1203+Gen%C3%A8ve\/data=!4m2!3m1!1s0x478c64c4f6a0403b:0xb09ee3d144fa542e?sa=X&amp;ved=1t:242&amp;ictx=111\" target=\"_blank\" rel=\"noopener\"><br><br>Rue de dole 17&nbsp;<br>1203 Geneva<\/a><br><a href=\"https:\/\/breakdance-geneve.ch\/en\/about-us\/\">+41 788462112<\/a><br><a href=\"mailto:geneva.breakdance@gmail.com\">geneva.breakdance@gmail.com<\/a><\/p><\/div><\/div>\n\n\n\n<div class=\"wp-block-qi-blocks-divider qodef-block-container qodef-widget-block-46012aa0\"><div class=\"qi-block-divider qodef-block qodef-m qodef-layout--standard qodef-position--center\"><div class=\"qodef-m-line\"><\/div><\/div><\/div>\n\n\n\n<figure class=\"wp-block-gallery has-nested-images columns-default is-cropped wp-block-gallery-1 is-layout-flex wp-block-gallery-is-layout-flex\">\n<figure class=\"wp-block-image size-full\"><img fetchpriority=\"high\" decoding=\"async\" width=\"2500\" height=\"2504\" data-id=\"5266\" src=\"https:\/\/www.breakdance-geneve.ch\/wp-content\/uploads\/2025\/05\/cropped-6304af71513fe9fdc1306ac3_TheGetDown_Logo-02-3-1-scaled-3.png\" alt=\"\" class=\"wp-image-5266\" srcset=\"https:\/\/breakdance-geneve.ch\/wp-content\/uploads\/2025\/05\/cropped-6304af71513fe9fdc1306ac3_TheGetDown_Logo-02-3-1-scaled-3.png 2500w, https:\/\/breakdance-geneve.ch\/wp-content\/uploads\/2025\/05\/cropped-6304af71513fe9fdc1306ac3_TheGetDown_Logo-02-3-1-scaled-3-300x300.png 300w, https:\/\/breakdance-geneve.ch\/wp-content\/uploads\/2025\/05\/cropped-6304af71513fe9fdc1306ac3_TheGetDown_Logo-02-3-1-scaled-3-1022x1024.png 1022w, https:\/\/breakdance-geneve.ch\/wp-content\/uploads\/2025\/05\/cropped-6304af71513fe9fdc1306ac3_TheGetDown_Logo-02-3-1-scaled-3-150x150.png 150w, https:\/\/breakdance-geneve.ch\/wp-content\/uploads\/2025\/05\/cropped-6304af71513fe9fdc1306ac3_TheGetDown_Logo-02-3-1-scaled-3-768x769.png 768w, https:\/\/breakdance-geneve.ch\/wp-content\/uploads\/2025\/05\/cropped-6304af71513fe9fdc1306ac3_TheGetDown_Logo-02-3-1-scaled-3-1534x1536.png 1534w, https:\/\/breakdance-geneve.ch\/wp-content\/uploads\/2025\/05\/cropped-6304af71513fe9fdc1306ac3_TheGetDown_Logo-02-3-1-scaled-3-2045x2048.png 2045w, https:\/\/breakdance-geneve.ch\/wp-content\/uploads\/2025\/05\/cropped-6304af71513fe9fdc1306ac3_TheGetDown_Logo-02-3-1-scaled-3-650x650.png 650w, https:\/\/breakdance-geneve.ch\/wp-content\/uploads\/2025\/05\/cropped-6304af71513fe9fdc1306ac3_TheGetDown_Logo-02-3-1-scaled-3-600x601.png 600w, https:\/\/breakdance-geneve.ch\/wp-content\/uploads\/2025\/05\/cropped-6304af71513fe9fdc1306ac3_TheGetDown_Logo-02-3-1-scaled-3-100x100.png 100w\" sizes=\"(max-width: 2500px) 100vw, 2500px\" \/><\/figure>\n<\/figure>\n<\/div><\/div>\n<\/div>\t\t\t\t<\/div>\n\t\t\t\t<\/div>\n\t\t\t\t<\/div>\n\t\t\t\t<\/div>\n\t\t\t\t<\/div>","protected":false},"excerpt":{"rendered":"<p>FAQ Quels v\u00eatements faut-il porter pour les cours ? + &#8211; Pour danser confortablement et en toute s\u00e9curit\u00e9, nous recommandons de venir avec une tenue de sport souple, comme un training ou un pantalon de jogging, un t-shirt, et surtout une paire de baskets propres d\u00e9di\u00e9es \u00e0 l\u2019int\u00e9rieur. \u00c9vitez les jeans ou les v\u00eatements trop [&hellip;]<\/p>","protected":false},"author":1,"featured_media":0,"parent":0,"menu_order":0,"comment_status":"closed","ping_status":"closed","template":"page-full-width.php","meta":{"footnotes":""},"class_list":["post-5596","page","type-page","status-publish","hentry"],"_links":{"self":[{"href":"https:\/\/breakdance-geneve.ch\/en\/wp-json\/wp\/v2\/pages\/5596","targetHints":{"allow":["GET"]}}],"collection":[{"href":"https:\/\/breakdance-geneve.ch\/en\/wp-json\/wp\/v2\/pages"}],"about":[{"href":"https:\/\/breakdance-geneve.ch\/en\/wp-json\/wp\/v2\/types\/page"}],"author":[{"embeddable":true,"href":"https:\/\/breakdance-geneve.ch\/en\/wp-json\/wp\/v2\/users\/1"}],"replies":[{"embeddable":true,"href":"https:\/\/breakdance-geneve.ch\/en\/wp-json\/wp\/v2\/comments?post=5596"}],"version-history":[{"count":0,"href":"https:\/\/breakdance-geneve.ch\/en\/wp-json\/wp\/v2\/pages\/5596\/revisions"}],"wp:attachment":[{"href":"https:\/\/breakdance-geneve.ch\/en\/wp-json\/wp\/v2\/media?parent=5596"}],"curies":[{"name":"wp","href":"https:\/\/api.w.org\/{rel}","templated":true}]}}