{"id":5607,"date":"2025-06-30T13:55:27","date_gmt":"2025-06-30T13:55:27","guid":{"rendered":"https:\/\/www.breakdance-geneve.ch\/?page_id=5607"},"modified":"2026-03-23T09:22:26","modified_gmt":"2026-03-23T09:22:26","slug":"camps","status":"publish","type":"page","link":"https:\/\/breakdance-geneve.ch\/en\/prestations\/camps\/","title":{"rendered":"Camps"},"content":{"rendered":"<div data-elementor-type=\"wp-page\" data-elementor-id=\"5607\" class=\"elementor elementor-5607\" data-elementor-post-type=\"page\">\n\t\t\t\t<div class=\"elementor-element elementor-element-2492053 e-con-full e-flex e-con e-parent\" data-id=\"2492053\" data-element_type=\"container\">\n\t\t<div class=\"elementor-element elementor-element-2957a7d e-con-full e-flex e-con e-child\" data-id=\"2957a7d\" data-element_type=\"container\">\n\t\t\t\t<div class=\"elementor-element elementor-element-e50869d elementor-widget elementor-widget-xrival_core_custom_font\" data-id=\"e50869d\" data-element_type=\"widget\" data-widget_type=\"xrival_core_custom_font.default\">\n\t\t\t\t<div class=\"elementor-widget-container\">\n\t\t\t\t\t<h1 class=\"qodef-shortcode qodef-m qodef-custom-font qodef-custom-font-241 qodef-layout--simple qodef--has-appear translation-block\" style=\"font-family: arial black;font-size: 132px;line-height: 0px;font-weight: 700;font-style: italic;text-align: left\">SUMMER CAMPS<\/h1>\n\t\t\t\t<\/div>\n\t\t\t\t<\/div>\n\t\t\t\t<\/div>\n\t\t\t\t<\/div>\n\t\t<div class=\"elementor-element elementor-element-4393ca4 e-flex e-con-boxed e-con e-parent\" data-id=\"4393ca4\" data-element_type=\"container\">\n\t\t\t\t\t<div class=\"e-con-inner\">\n\t\t\t\t\t<\/div>\n\t\t\t\t<\/div>\n\t\t<div class=\"elementor-element elementor-element-fac229b e-flex e-con-boxed e-con e-parent\" data-id=\"fac229b\" data-element_type=\"container\" data-settings=\"{&quot;background_background&quot;:&quot;classic&quot;}\">\n\t\t\t\t\t<div class=\"e-con-inner\">\n\t\t<div class=\"elementor-element elementor-element-9c18432 e-con-full qodef-elementor-content-grid e-flex e-con e-child\" data-id=\"9c18432\" data-element_type=\"container\">\n\t\t<div class=\"elementor-element elementor-element-8a5d3dc e-con-full e-flex e-con e-child\" data-id=\"8a5d3dc\" data-element_type=\"container\" data-settings=\"{&quot;background_background&quot;:&quot;classic&quot;}\">\n\t\t<div class=\"elementor-element elementor-element-992f4d1 e-con-full e-flex e-con e-child\" data-id=\"992f4d1\" data-element_type=\"container\">\n\t\t\t\t<div class=\"elementor-element elementor-element-152a8c0 elementor-widget elementor-widget-xrival_core_section_title\" data-id=\"152a8c0\" data-element_type=\"widget\" data-widget_type=\"xrival_core_section_title.default\">\n\t\t\t\t<div class=\"elementor-widget-container\">\n\t\t\t\t\t<div class=\"qodef-shortcode qodef-m qodef-section-title qodef-alignment--left qodef-title-break--disabled\">\n\t\t<h2 class=\"qodef-m-title\" style=\"color: #000000\">\n\t\t\t\t\tBreakdance &amp; Hip-hop<br \/>\t\t\t<\/h2>\n\t<\/div>\n\t\t\t\t<\/div>\n\t\t\t\t<\/div>\n\t\t\t\t<div class=\"elementor-element elementor-element-369d530 elementor-widget__width-initial elementor-widget elementor-widget-xrival_core_section_title\" data-id=\"369d530\" data-element_type=\"widget\" data-widget_type=\"xrival_core_section_title.default\">\n\t\t\t\t<div class=\"elementor-widget-container\">\n\t\t\t\t\t<div class=\"qodef-shortcode qodef-m qodef-section-title qodef-alignment--left\">\n\t\t\t<p class=\"qodef-m-text\" style=\"color: #000000\">Each summer, our intensive camp immerses young people in the world of breakdance and Hip-Hop culture. A unique week filled with training sessions, creative activities, and a final battle, all guided by our instructors and a special international guest. It\u2019s a real boost of style, energy, and fun!<\/p>\n<\/div>\n\t\t\t\t<\/div>\n\t\t\t\t<\/div>\n\t\t\t\t<\/div>\n\t\t\t\t<div class=\"elementor-element elementor-element-4e5d81b elementor-widget elementor-widget-xrival_core_button\" data-id=\"4e5d81b\" data-element_type=\"widget\" data-widget_type=\"xrival_core_button.default\">\n\t\t\t\t<div class=\"elementor-widget-container\">\n\t\t\t\t\t<a class=\"qodef-shortcode qodef-m qodef-button qodef-layout--filled qodef-html--link\" href=\"https:\/\/breakdance-geneve.ch\/en\/inscription\/\" target=\"_blank\" >\n\t<span class=\"qodef-m-text\" data-title=\"S&#039;INSCRIRE\">REGISTER<\/span>\n    <span class=\"qodef-btn-arrow\"><svg class=\"qodef-svg--btn-arrow\" xmlns=\"http:\/\/www.w3.org\/2000\/svg\" width=\"13.458\" height=\"13.574\" viewbox=\"0 0 13.458 13.574\"><g><path d=\"m4.74.766 7.164 6.02-7.163 6.022\"\/><path d=\"M11.904 6.787H.004\"\/><\/g><g><path d=\"m4.74.766 7.164 6.02-7.163 6.022\"\/><path d=\"M11.904 6.787H.004\"\/><\/g><\/svg><\/span>\n<\/a>\n\t\t\t\t<\/div>\n\t\t\t\t<\/div>\n\t\t\t\t<\/div>\n\t\t<div class=\"elementor-element elementor-element-6c2ae87 e-con-full e-flex e-con e-child\" data-id=\"6c2ae87\" data-element_type=\"container\" data-settings=\"{&quot;background_background&quot;:&quot;classic&quot;}\">\n\t\t\t\t<div class=\"elementor-element elementor-element-c0146a4 elementor-widget elementor-widget-video\" data-id=\"c0146a4\" data-element_type=\"widget\" data-settings=\"{&quot;youtube_url&quot;:&quot;https:\\\/\\\/www.youtube.com\\\/watch?v=J8mEwJcZvGk&quot;,&quot;video_type&quot;:&quot;youtube&quot;,&quot;controls&quot;:&quot;yes&quot;}\" data-widget_type=\"video.default\">\n\t\t\t\t<div class=\"elementor-widget-container\">\n\t\t\t\t\t\t\t<div class=\"elementor-wrapper elementor-open-inline\">\n\t\t\t<div class=\"elementor-video\"><\/div>\t\t<\/div>\n\t\t\t\t\t\t<\/div>\n\t\t\t\t<\/div>\n\t\t\t\t<\/div>\n\t\t\t\t<\/div>\n\t\t\t\t\t<\/div>\n\t\t\t\t<\/div>\n\t\t<div class=\"elementor-element elementor-element-556c891 e-flex e-con-boxed e-con e-parent\" data-id=\"556c891\" data-element_type=\"container\">\n\t\t\t\t\t<div class=\"e-con-inner\">\n\t\t\t\t\t<\/div>\n\t\t\t\t<\/div>\n\t\t<div class=\"elementor-element elementor-element-6587fad e-flex e-con-boxed e-con e-parent\" data-id=\"6587fad\" data-element_type=\"container\">\n\t\t\t\t\t<div class=\"e-con-inner\">\n\t\t\t\t<div class=\"elementor-element elementor-element-c0e9524 elementor-widget elementor-widget-heading\" data-id=\"c0e9524\" data-element_type=\"widget\" data-widget_type=\"heading.default\">\n\t\t\t\t<div class=\"elementor-widget-container\">\n\t\t\t\t\t<h2 class=\"elementor-heading-title elementor-size-default\">INFORMATION<\/h2>\t\t\t\t<\/div>\n\t\t\t\t<\/div>\n\t\t\t\t\t<\/div>\n\t\t\t\t<\/div>\n\t\t<div class=\"elementor-element elementor-element-ffa89a8 e-flex e-con-boxed e-con e-parent\" data-id=\"ffa89a8\" data-element_type=\"container\">\n\t\t\t\t\t<div class=\"e-con-inner\">\n\t\t\t\t<div class=\"elementor-element elementor-element-22783e2 elementor-widget elementor-widget-text-editor\" data-id=\"22783e2\" data-element_type=\"widget\" data-widget_type=\"text-editor.default\">\n\t\t\t\t<div class=\"elementor-widget-container\">\n\t\t\t\t\t\t\t\t\t<div id=\"bgLayers_comp-leowbbzj\" class=\"MW5IWV\" data-hook=\"bgLayers\" data-motion-part=\"BG_LAYER comp-leowbbzj\"><div id=\"bgMedia_comp-leowbbzj\" class=\"VgO9Yg\" data-motion-part=\"BG_MEDIA comp-leowbbzj\">\u00a0<\/div><\/div><div class=\"\" data-mesh-id=\"comp-leowbbzjinlineContent\" data-testid=\"inline-content\"><div data-mesh-id=\"comp-leowbbzjinlineContent-gridContainer\" data-testid=\"mesh-container-content\"><div id=\"comp-j7zdtdbe\" class=\"Z_l5lU ku3DBC zQ9jDz qvSjx3 Vq6kJx comp-j7zdtdbe wixui-rich-text\" data-testid=\"richTextElement\"><p class=\"font_7 wixui-rich-text__text translation-block\">Each year, our dance school offers two weeks of camp dedicated to breakdance and Hip-Hop. These are intensive weeks combining daily training sessions with outdoor activities. Every day, students take part in three hours of breakdance classes, along with an additional activity such as swimming.\n\nActivities include swimming, graffiti workshops, visits and training sessions at a circus school, and more. Depending on the year, the activities may vary.<\/p><p class=\"font_7 wixui-rich-text__text\"><br class=\"wixui-rich-text__text\" \/><span class=\"wixui-rich-text__text\">On the final day of the camp, a breakdance and Hip-Hop battle is organized, giving students the chance to showcase everything they\u2019ve learned throughout the week.<\/span><\/p><p class=\"font_7 wixui-rich-text__text\">\u00a0<\/p><\/div><\/div><\/div>\t\t\t\t\t\t\t\t<\/div>\n\t\t\t\t<\/div>\n\t\t\t\t\t<\/div>\n\t\t\t\t<\/div>\n\t\t<div class=\"elementor-element elementor-element-cbf5a59 e-flex e-con-boxed e-con e-parent\" data-id=\"cbf5a59\" data-element_type=\"container\">\n\t\t\t\t\t<div class=\"e-con-inner\">\n\t\t<div class=\"elementor-element elementor-element-cbe64c7 e-con-full e-flex e-con e-child\" data-id=\"cbe64c7\" data-element_type=\"container\">\n\t\t\t\t<div class=\"elementor-element elementor-element-e8f8a52 elementor-widget elementor-widget-heading\" data-id=\"e8f8a52\" data-element_type=\"widget\" data-widget_type=\"heading.default\">\n\t\t\t\t<div class=\"elementor-widget-container\">\n\t\t\t\t\t<h2 class=\"elementor-heading-title elementor-size-default\">ORGANISATION<\/h2>\t\t\t\t<\/div>\n\t\t\t\t<\/div>\n\t\t\t\t<\/div>\n\t\t\t\t\t<\/div>\n\t\t\t\t<\/div>\n\t\t<div class=\"elementor-element elementor-element-09cdcd1 e-flex e-con-boxed e-con e-parent\" data-id=\"09cdcd1\" data-element_type=\"container\">\n\t\t\t\t\t<div class=\"e-con-inner\">\n\t\t\t\t<div class=\"elementor-element elementor-element-7720002 elementor-widget elementor-widget-text-editor\" data-id=\"7720002\" data-element_type=\"widget\" data-widget_type=\"text-editor.default\">\n\t\t\t\t<div class=\"elementor-widget-container\">\n\t\t\t\t\t\t\t\t\t<div id=\"bgLayers_comp-leowbbzj\" class=\"MW5IWV\" data-hook=\"bgLayers\" data-motion-part=\"BG_LAYER comp-leowbbzj\"><div id=\"bgMedia_comp-leowbbzj\" class=\"VgO9Yg\" data-motion-part=\"BG_MEDIA comp-leowbbzj\"><p class=\"font_7 wixui-rich-text__text\"><span class=\"wixui-rich-text__text\">Students are guided by four experienced breakdance instructors. Each year, an international guest dancer is invited to share their knowledge and unique perspective on breakdance and Hip-Hop culture.<\/span><\/p><p class=\"font_7 wixui-rich-text__text translation-block\">The bootcamp takes place from Monday to Friday, from 9:15 AM to 5:00 PM. Students arrive at 9:15 in the morning and leave at the end of the afternoon at 5:00.<\/p><\/div><p>Le camp \u00e0 lieu \u00e0 l&rsquo;adresse suivante :\u00a0 <strong>Rue de Lyon 99 \u00e0 l&rsquo;espace 99, 1203 Gen\u00e8ve\u00a0<\/strong><\/p><div id=\"bgMedia_comp-leowbbzj\" class=\"VgO9Yg\" data-motion-part=\"BG_MEDIA comp-leowbbzj\"><p class=\"font_7 wixui-rich-text__text\">\u00a0<\/p><\/div><\/div>\t\t\t\t\t\t\t\t<\/div>\n\t\t\t\t<\/div>\n\t\t\t\t\t<\/div>\n\t\t\t\t<\/div>\n\t\t<div class=\"elementor-element elementor-element-4d88454 e-flex e-con-boxed e-con e-parent\" data-id=\"4d88454\" data-element_type=\"container\">\n\t\t\t\t\t<div class=\"e-con-inner\">\n\t\t<div class=\"elementor-element elementor-element-d57afd9 e-con-full e-flex e-con e-child\" data-id=\"d57afd9\" data-element_type=\"container\">\n\t\t\t\t<div class=\"elementor-element elementor-element-c81fd8a elementor-widget elementor-widget-heading\" data-id=\"c81fd8a\" data-element_type=\"widget\" data-widget_type=\"heading.default\">\n\t\t\t\t<div class=\"elementor-widget-container\">\n\t\t\t\t\t<h2 class=\"elementor-heading-title elementor-size-default\">SCHEDULE &amp; PRICING<\/h2>\t\t\t\t<\/div>\n\t\t\t\t<\/div>\n\t\t\t\t<\/div>\n\t\t\t\t\t<\/div>\n\t\t\t\t<\/div>\n\t\t<div class=\"elementor-element elementor-element-beb3f83 e-flex e-con-boxed e-con e-parent\" data-id=\"beb3f83\" data-element_type=\"container\">\n\t\t\t\t\t<div class=\"e-con-inner\">\n\t\t\t\t<div class=\"elementor-element elementor-element-8b63ecb elementor-widget elementor-widget-text-editor\" data-id=\"8b63ecb\" data-element_type=\"widget\" data-widget_type=\"text-editor.default\">\n\t\t\t\t<div class=\"elementor-widget-container\">\n\t\t\t\t\t\t\t\t\t<div data-hook=\"bgLayers\" data-motion-part=\"BG_LAYER comp-leowbbzj\"><div data-motion-part=\"BG_MEDIA comp-leowbbzj\"><p>Le\u00a0summer <strong>break<\/strong> bootcamp 1 a lieu la semaine du <strong>29 juin au 3 juillet 2026.\u00a0<\/strong><\/p><p>Le summer <strong>Hip-hop<\/strong> bootcamp 1 a lieu la semaine du <strong>29 juin au 3 juillet 2026.\u00a0<\/strong><\/p><p><strong>\u00a0<\/strong><\/p><p>Le\u00a0summer <strong>break<\/strong> bootcamp 2 a lieu la semaine du <strong>6 au 10 juillet 2026.<\/strong><\/p><p>Le\u00a0summer <strong>Hip-hop<\/strong> bootcamp 2 a lieu la semaine du <strong>6 au 10 juillet 2026.<\/strong><\/p><p><strong>\u00a0<\/strong><\/p><p class=\"translation-block\">The fee is 500 CHF, which includes meals, activities, and breakdance and Hip-Hop classes.<\/p><\/div><\/div><div data-hook=\"bgLayers\" data-motion-part=\"BG_LAYER comp-leowbbzj\">\u00a0<\/div>\t\t\t\t\t\t\t\t<\/div>\n\t\t\t\t<\/div>\n\t\t\t\t\t<\/div>\n\t\t\t\t<\/div>\n\t\t<div class=\"elementor-element elementor-element-adcb476 e-flex e-con-boxed e-con e-parent\" data-id=\"adcb476\" data-element_type=\"container\">\n\t\t\t\t\t<div class=\"e-con-inner\">\n\t\t\t\t\t<\/div>\n\t\t\t\t<\/div>\n\t\t\t\t<\/div>","protected":false},"excerpt":{"rendered":"<p>CAMPS&nbsp;D&rsquo;\u00c9T\u00c9 Breakdance &amp; Hip-hop Chaque \u00e9t\u00e9, notre camp intensif plonge les jeunes dans l\u2019univers du breakdance et de la culture Hip-Hop. Entra\u00eenements, activit\u00e9s cr\u00e9atives et battle final rythment une semaine unique, encadr\u00e9e par nos profs et un invit\u00e9 international. Un vrai boost de style, d\u2019\u00e9nergie et de fun\u202f! S&#039;INSCRIRE INFORMATION \u00a0 Notre \u00e9cole de danse [&hellip;]<\/p>","protected":false},"author":1,"featured_media":0,"parent":5505,"menu_order":0,"comment_status":"closed","ping_status":"closed","template":"page-full-width.php","meta":{"footnotes":""},"class_list":["post-5607","page","type-page","status-publish","hentry"],"_links":{"self":[{"href":"https:\/\/breakdance-geneve.ch\/en\/wp-json\/wp\/v2\/pages\/5607","targetHints":{"allow":["GET"]}}],"collection":[{"href":"https:\/\/breakdance-geneve.ch\/en\/wp-json\/wp\/v2\/pages"}],"about":[{"href":"https:\/\/breakdance-geneve.ch\/en\/wp-json\/wp\/v2\/types\/page"}],"author":[{"embeddable":true,"href":"https:\/\/breakdance-geneve.ch\/en\/wp-json\/wp\/v2\/users\/1"}],"replies":[{"embeddable":true,"href":"https:\/\/breakdance-geneve.ch\/en\/wp-json\/wp\/v2\/comments?post=5607"}],"version-history":[{"count":0,"href":"https:\/\/breakdance-geneve.ch\/en\/wp-json\/wp\/v2\/pages\/5607\/revisions"}],"up":[{"embeddable":true,"href":"https:\/\/breakdance-geneve.ch\/en\/wp-json\/wp\/v2\/pages\/5505"}],"wp:attachment":[{"href":"https:\/\/breakdance-geneve.ch\/en\/wp-json\/wp\/v2\/media?parent=5607"}],"curies":[{"name":"wp","href":"https:\/\/api.w.org\/{rel}","templated":true}]}}