{"id":5644,"date":"2025-07-01T08:22:59","date_gmt":"2025-07-01T08:22:59","guid":{"rendered":"https:\/\/www.breakdance-geneve.ch\/?page_id=5644"},"modified":"2025-09-18T09:49:14","modified_gmt":"2025-09-18T09:49:14","slug":"cours","status":"publish","type":"page","link":"https:\/\/breakdance-geneve.ch\/en\/prestations\/cours\/","title":{"rendered":"Our classes"},"content":{"rendered":"<div data-elementor-type=\"wp-page\" data-elementor-id=\"5644\" class=\"elementor elementor-5644\" data-elementor-post-type=\"page\">\n\t\t\t\t<div class=\"elementor-element elementor-element-da133b0 e-con-full e-flex e-con e-parent\" data-id=\"da133b0\" data-element_type=\"container\">\n\t\t<div class=\"elementor-element elementor-element-9bb1254 e-con-full e-flex e-con e-child\" data-id=\"9bb1254\" data-element_type=\"container\">\n\t\t\t\t<div class=\"elementor-element elementor-element-c387a90 elementor-widget elementor-widget-xrival_core_custom_font\" data-id=\"c387a90\" data-element_type=\"widget\" data-widget_type=\"xrival_core_custom_font.default\">\n\t\t\t\t<div class=\"elementor-widget-container\">\n\t\t\t\t\t<h1 class=\"qodef-shortcode qodef-m qodef-custom-font qodef-custom-font-837 qodef-layout--simple qodef--has-appear\" style=\"font-family: arial black;font-size: 132px;line-height: 0px;font-weight: 700;font-style: italic;text-align: left\">\n\t<span class=\"qodef--word\">OUR<\/span>&nbsp;<span class=\"qodef--word\">CLASSES<\/span><\/h1>\n\t\t\t\t<\/div>\n\t\t\t\t<\/div>\n\t\t\t\t<\/div>\n\t\t\t\t<\/div>\n\t\t<div class=\"elementor-element elementor-element-9611df8 e-con-full e-flex e-con e-parent\" data-id=\"9611df8\" data-element_type=\"container\" data-settings=\"{&quot;background_background&quot;:&quot;classic&quot;}\">\n\t\t<div class=\"elementor-element elementor-element-dbed0fb e-con-full e-flex e-con e-child\" data-id=\"dbed0fb\" data-element_type=\"container\">\n\t\t<div class=\"elementor-element elementor-element-fa7ee56 e-con-full qodef-blur-box e-flex e-con e-child\" data-id=\"fa7ee56\" data-element_type=\"container\">\n\t\t\t\t<div class=\"elementor-element elementor-element-9808b37 elementor-widget elementor-widget-xrival_core_section_title\" data-id=\"9808b37\" data-element_type=\"widget\" data-widget_type=\"xrival_core_section_title.default\">\n\t\t\t\t<div class=\"elementor-widget-container\">\n\t\t\t\t\t<div class=\"qodef-shortcode qodef-m qodef-section-title qodef-skin--light qodef-alignment--left\">\n\t\t<h5 class=\"qodef-m-title\" style=\"color: #FFFFFF\">\n\t\t\t\t\tFIND OUT WHERE OUR CLASSES TAKE PLACE\t\t\t<\/h5>\n\t\t<p class=\"qodef-m-text\" style=\"margin-top: 10px;color: #FFFFFF\">Nous proposons des cours de breakdance et de hip-hop tout au long de l\u2019ann\u00e9e, de Gen\u00e8ve \u00e0 Gland. Pour d\u00e9couvrir les lieux d\u2019entra\u00eenement, les horaires et les niveaux disponibles dans chaque r\u00e9gion, cliquez simplement sur la zone qui vous int\u00e9resse. Vous y trouverez toutes les informations n\u00e9cessaires pour rejoindre nos cours pr\u00e8s de chez vous.\n<\/p>\n<\/div>\n\t\t\t\t<\/div>\n\t\t\t\t<\/div>\n\t\t\t\t<\/div>\n\t\t\t\t<\/div>\n\t\t<div class=\"elementor-element elementor-element-96646be e-con-full elementor-hidden-mobile e-flex e-con e-child\" data-id=\"96646be\" data-element_type=\"container\">\n\t\t\t\t<\/div>\n\t\t\t\t<\/div>\n\t\t<div class=\"elementor-element elementor-element-4393ca4 e-flex e-con-boxed e-con e-parent\" data-id=\"4393ca4\" data-element_type=\"container\">\n\t\t\t\t\t<div class=\"e-con-inner\">\n\t\t\t\t\t<\/div>\n\t\t\t\t<\/div>\n\t\t<div class=\"elementor-element elementor-element-f91184b e-flex e-con-boxed e-con e-parent\" data-id=\"f91184b\" data-element_type=\"container\">\n\t\t\t\t\t<div class=\"e-con-inner\">\n\t\t<div class=\"elementor-element elementor-element-98e46a0 e-con-full e-flex e-con e-child\" data-id=\"98e46a0\" data-element_type=\"container\">\n\t\t\t\t<div class=\"elementor-element elementor-element-5f14d58 elementor-widget elementor-widget-image-box\" data-id=\"5f14d58\" data-element_type=\"widget\" data-widget_type=\"image-box.default\">\n\t\t\t\t<div class=\"elementor-widget-container\">\n\t\t\t\t\t<div class=\"elementor-image-box-wrapper\"><div class=\"elementor-image-box-content\"><h3 class=\"elementor-image-box-title\">Gen\u00e8ve<\/h3><p class=\"elementor-image-box-description\">From Monday to Friday, we offer breakdance and hip-hop classes in Geneva for kids, teens, and adults. Held in various neighborhoods, our classes are open to all levels. Click to see the schedules and locations.<\/p><\/div><\/div>\t\t\t\t<\/div>\n\t\t\t\t<\/div>\n\t\t<div class=\"elementor-element elementor-element-b51c7ce e-con-full e-flex e-con e-child\" data-id=\"b51c7ce\" data-element_type=\"container\">\n\t\t\t\t<div class=\"elementor-element elementor-element-90a930f elementor-widget elementor-widget-xrival_core_button\" data-id=\"90a930f\" data-element_type=\"widget\" data-widget_type=\"xrival_core_button.default\">\n\t\t\t\t<div class=\"elementor-widget-container\">\n\t\t\t\t\t<a class=\"qodef-shortcode qodef-m qodef-button qodef-layout--filled qodef-html--link\" href=\"https:\/\/breakdance-geneve.ch\/en\/prestations\/cours\/geneve\/\" target=\"_blank\" >\n\t<span class=\"qodef-m-text\" data-title=\"Voir plus\">See more<\/span>\n    <span class=\"qodef-btn-arrow\"><svg class=\"qodef-svg--btn-arrow\" xmlns=\"http:\/\/www.w3.org\/2000\/svg\" width=\"13.458\" height=\"13.574\" viewbox=\"0 0 13.458 13.574\"><g><path d=\"m4.74.766 7.164 6.02-7.163 6.022\"\/><path d=\"M11.904 6.787H.004\"\/><\/g><g><path d=\"m4.74.766 7.164 6.02-7.163 6.022\"\/><path d=\"M11.904 6.787H.004\"\/><\/g><\/svg><\/span>\n<\/a>\n\t\t\t\t<\/div>\n\t\t\t\t<\/div>\n\t\t\t\t<\/div>\n\t\t\t\t<\/div>\n\t\t<div class=\"elementor-element elementor-element-750359c e-con-full e-flex e-con e-child\" data-id=\"750359c\" data-element_type=\"container\">\n\t\t\t\t<div class=\"elementor-element elementor-element-b91fc55 elementor-widget elementor-widget-image-box\" data-id=\"b91fc55\" data-element_type=\"widget\" data-widget_type=\"image-box.default\">\n\t\t\t\t<div class=\"elementor-widget-container\">\n\t\t\t\t\t<div class=\"elementor-image-box-wrapper\"><div class=\"elementor-image-box-content\"><h3 class=\"elementor-image-box-title\">Nyon<\/h3><p class=\"elementor-image-box-description\">Each week, we offer breakdance and hip-hop classes in Nyon for children, teens, and adults. Our schedule is designed to fit the pace of family life. Click to view class locations and time slots.<\/p><\/div><\/div>\t\t\t\t<\/div>\n\t\t\t\t<\/div>\n\t\t<div class=\"elementor-element elementor-element-135899b e-con-full e-flex e-con e-child\" data-id=\"135899b\" data-element_type=\"container\">\n\t\t\t\t<div class=\"elementor-element elementor-element-d2359cf elementor-widget elementor-widget-xrival_core_button\" data-id=\"d2359cf\" data-element_type=\"widget\" data-widget_type=\"xrival_core_button.default\">\n\t\t\t\t<div class=\"elementor-widget-container\">\n\t\t\t\t\t<a class=\"qodef-shortcode qodef-m qodef-button qodef-layout--filled qodef-html--link\" href=\"https:\/\/breakdance-geneve.ch\/en\/prestations\/cours\/nyon\/\" target=\"_self\" >\n\t<span class=\"qodef-m-text\" data-title=\"voir plus\">see more<\/span>\n    <span class=\"qodef-btn-arrow\"><svg class=\"qodef-svg--btn-arrow\" xmlns=\"http:\/\/www.w3.org\/2000\/svg\" width=\"13.458\" height=\"13.574\" viewbox=\"0 0 13.458 13.574\"><g><path d=\"m4.74.766 7.164 6.02-7.163 6.022\"\/><path d=\"M11.904 6.787H.004\"\/><\/g><g><path d=\"m4.74.766 7.164 6.02-7.163 6.022\"\/><path d=\"M11.904 6.787H.004\"\/><\/g><\/svg><\/span>\n<\/a>\n\t\t\t\t<\/div>\n\t\t\t\t<\/div>\n\t\t\t\t<\/div>\n\t\t\t\t<\/div>\n\t\t\t\t\t<\/div>\n\t\t\t\t<\/div>\n\t\t<div class=\"elementor-element elementor-element-4dc1b99 e-flex e-con-boxed e-con e-parent\" data-id=\"4dc1b99\" data-element_type=\"container\">\n\t\t\t\t\t<div class=\"e-con-inner\">\n\t\t<div class=\"elementor-element elementor-element-e98902c e-con-full e-flex e-con e-child\" data-id=\"e98902c\" data-element_type=\"container\">\n\t\t\t\t<div class=\"elementor-element elementor-element-b6185a2 elementor-widget elementor-widget-image-box\" data-id=\"b6185a2\" data-element_type=\"widget\" data-widget_type=\"image-box.default\">\n\t\t\t\t<div class=\"elementor-widget-container\">\n\t\t\t\t\t<div class=\"elementor-image-box-wrapper\"><div class=\"elementor-image-box-content\"><h3 class=\"elementor-image-box-title\">Gland<\/h3><p class=\"elementor-image-box-description\">Our weekly classes in Gland are designed for kids and teens passionate about breakdance. Open to all levels, they take place in fully equipped studios. Click to see all the details.<\/p><\/div><\/div>\t\t\t\t<\/div>\n\t\t\t\t<\/div>\n\t\t<div class=\"elementor-element elementor-element-d64c4b1 e-con-full e-flex e-con e-child\" data-id=\"d64c4b1\" data-element_type=\"container\">\n\t\t\t\t<div class=\"elementor-element elementor-element-e9d6ad1 elementor-widget elementor-widget-xrival_core_button\" data-id=\"e9d6ad1\" data-element_type=\"widget\" data-widget_type=\"xrival_core_button.default\">\n\t\t\t\t<div class=\"elementor-widget-container\">\n\t\t\t\t\t<a class=\"qodef-shortcode qodef-m qodef-button qodef-layout--filled qodef-html--link\" href=\"https:\/\/breakdance-geneve.ch\/en\/prestations\/cours\/gland\/\" target=\"_blank\" >\n\t<span class=\"qodef-m-text\" data-title=\"Voir plus\">See more<\/span>\n    <span class=\"qodef-btn-arrow\"><svg class=\"qodef-svg--btn-arrow\" xmlns=\"http:\/\/www.w3.org\/2000\/svg\" width=\"13.458\" height=\"13.574\" viewbox=\"0 0 13.458 13.574\"><g><path d=\"m4.74.766 7.164 6.02-7.163 6.022\"\/><path d=\"M11.904 6.787H.004\"\/><\/g><g><path d=\"m4.74.766 7.164 6.02-7.163 6.022\"\/><path d=\"M11.904 6.787H.004\"\/><\/g><\/svg><\/span>\n<\/a>\n\t\t\t\t<\/div>\n\t\t\t\t<\/div>\n\t\t\t\t<\/div>\n\t\t\t\t<\/div>\n\t\t\t\t\t<\/div>\n\t\t\t\t<\/div>\n\t\t<div class=\"elementor-element elementor-element-3f29176 e-flex e-con-boxed e-con e-parent\" data-id=\"3f29176\" data-element_type=\"container\">\n\t\t\t\t\t<div class=\"e-con-inner\">\n\t\t\t\t\t<\/div>\n\t\t\t\t<\/div>\n\t\t\t\t<\/div>","protected":false},"excerpt":{"rendered":"<p>NOS&nbsp;COURS D\u00c9COUVREZ O\u00d9 NOUS DONNONS COURS Nous proposons des cours de breakdance et de hip-hop tout au long de l\u2019ann\u00e9e, de Gen\u00e8ve \u00e0 Gland. Pour d\u00e9couvrir les lieux d\u2019entra\u00eenement, les horaires et les niveaux disponibles dans chaque r\u00e9gion, cliquez simplement sur la zone qui vous int\u00e9resse. Vous y trouverez toutes les informations n\u00e9cessaires pour rejoindre [&hellip;]<\/p>","protected":false},"author":1,"featured_media":0,"parent":5505,"menu_order":0,"comment_status":"closed","ping_status":"closed","template":"page-full-width.php","meta":{"footnotes":""},"class_list":["post-5644","page","type-page","status-publish","hentry"],"_links":{"self":[{"href":"https:\/\/breakdance-geneve.ch\/en\/wp-json\/wp\/v2\/pages\/5644","targetHints":{"allow":["GET"]}}],"collection":[{"href":"https:\/\/breakdance-geneve.ch\/en\/wp-json\/wp\/v2\/pages"}],"about":[{"href":"https:\/\/breakdance-geneve.ch\/en\/wp-json\/wp\/v2\/types\/page"}],"author":[{"embeddable":true,"href":"https:\/\/breakdance-geneve.ch\/en\/wp-json\/wp\/v2\/users\/1"}],"replies":[{"embeddable":true,"href":"https:\/\/breakdance-geneve.ch\/en\/wp-json\/wp\/v2\/comments?post=5644"}],"version-history":[{"count":0,"href":"https:\/\/breakdance-geneve.ch\/en\/wp-json\/wp\/v2\/pages\/5644\/revisions"}],"up":[{"embeddable":true,"href":"https:\/\/breakdance-geneve.ch\/en\/wp-json\/wp\/v2\/pages\/5505"}],"wp:attachment":[{"href":"https:\/\/breakdance-geneve.ch\/en\/wp-json\/wp\/v2\/media?parent=5644"}],"curies":[{"name":"wp","href":"https:\/\/api.w.org\/{rel}","templated":true}]}}