{"id":5835,"date":"2025-07-02T12:31:27","date_gmt":"2025-07-02T12:31:27","guid":{"rendered":"https:\/\/www.breakdance-geneve.ch\/?page_id=5835"},"modified":"2025-07-26T08:53:44","modified_gmt":"2025-07-26T08:53:44","slug":"charmilles","status":"publish","type":"page","link":"https:\/\/breakdance-geneve.ch\/en\/prestations\/cours\/geneve\/charmilles\/","title":{"rendered":"Charmilles"},"content":{"rendered":"<div data-elementor-type=\"wp-page\" data-elementor-id=\"5835\" class=\"elementor elementor-5835\" data-elementor-post-type=\"page\">\n\t\t\t\t<div class=\"elementor-element elementor-element-2492053 e-con-full e-flex e-con e-parent\" data-id=\"2492053\" data-element_type=\"container\">\n\t\t<div class=\"elementor-element elementor-element-2957a7d e-con-full e-flex e-con e-child\" data-id=\"2957a7d\" data-element_type=\"container\">\n\t\t\t\t<div class=\"elementor-element elementor-element-e50869d elementor-widget elementor-widget-xrival_core_custom_font\" data-id=\"e50869d\" data-element_type=\"widget\" data-widget_type=\"xrival_core_custom_font.default\">\n\t\t\t\t<div class=\"elementor-widget-container\">\n\t\t\t\t\t<p class=\"qodef-shortcode qodef-m qodef-custom-font qodef-custom-font-829 qodef-layout--simple qodef--has-appear\" style=\"font-family: Inter Tight;font-size: 60px;line-height: 0px;font-weight: 700;font-style: italic;text-align: left\">\n\t<span class=\"qodef--word\">CLASSES<\/span>&nbsp;<span class=\"qodef--word\">AUX<\/span>&nbsp;<span class=\"qodef--word\">CHARMILLES<\/span><\/p>\n\t\t\t\t<\/div>\n\t\t\t\t<\/div>\n\t\t\t\t<\/div>\n\t\t\t\t<\/div>\n\t\t<div class=\"elementor-element elementor-element-1d25f10 e-flex e-con-boxed e-con e-parent\" data-id=\"1d25f10\" data-element_type=\"container\">\n\t\t\t\t\t<div class=\"e-con-inner\">\n\t\t\t\t\t<\/div>\n\t\t\t\t<\/div>\n\t\t<div class=\"elementor-element elementor-element-2d632a5 e-flex e-con-boxed e-con e-parent\" data-id=\"2d632a5\" data-element_type=\"container\">\n\t\t\t\t\t<div class=\"e-con-inner\">\n\t\t<div class=\"elementor-element elementor-element-08ff1c8 e-con-full e-flex e-con e-child\" data-id=\"08ff1c8\" data-element_type=\"container\">\n\t\t\t\t<div class=\"elementor-element elementor-element-2a9522e elementor-widget elementor-widget-xrival_core_section_title\" data-id=\"2a9522e\" data-element_type=\"widget\" data-widget_type=\"xrival_core_section_title.default\">\n\t\t\t\t<div class=\"elementor-widget-container\">\n\t\t\t\t\t<div class=\"qodef-shortcode qodef-m qodef-section-title qodef-alignment--left qodef-title-break--disabled\">\n\t\t<h2 class=\"qodef-m-title\" style=\"color: #000000\">\n\t\t\t\t\tESPACE 99\t\t\t<\/h2>\n\t<\/div>\n\t\t\t\t<\/div>\n\t\t\t\t<\/div>\n\t\t\t\t<div class=\"elementor-element elementor-element-16448e2 elementor-widget__width-initial elementor-widget elementor-widget-xrival_core_section_title\" data-id=\"16448e2\" data-element_type=\"widget\" data-widget_type=\"xrival_core_section_title.default\">\n\t\t\t\t<div class=\"elementor-widget-container\">\n\t\t\t\t\t<div class=\"qodef-shortcode qodef-m qodef-section-title qodef-alignment--left\">\n\t\t\t<p class=\"qodef-m-text\" style=\"color: #000000\">Les cours de breakdance et de Hip-Hop ont lieu les mercredi et les jeudi \u00e0 l&#039;espace 99. La salle se situe \u00e0 la rue de Lyon 99, 1203 Gen\u00e8ve. Nous donnons des cours pour enfants et pour adultes.<\/p>\n<\/div>\n\t\t\t\t<\/div>\n\t\t\t\t<\/div>\n\t\t\t\t<div class=\"elementor-element elementor-element-e30c18d elementor-widget__width-initial elementor-widget elementor-widget-xrival_core_section_title\" data-id=\"e30c18d\" data-element_type=\"widget\" data-widget_type=\"xrival_core_section_title.default\">\n\t\t\t\t<div class=\"elementor-widget-container\">\n\t\t\t\t\t<div class=\"qodef-shortcode qodef-m qodef-section-title qodef-alignment--left\">\n\t\t\t<p class=\"qodef-m-text\" style=\"color: #000000\">\nRue de Lyon 99, 1203 Gen\u00e8ve<\/p>\n<\/div>\n\t\t\t\t<\/div>\n\t\t\t\t<\/div>\n\t\t\t\t<div class=\"elementor-element elementor-element-7979439 elementor-widget elementor-widget-xrival_core_button\" data-id=\"7979439\" data-element_type=\"widget\" data-widget_type=\"xrival_core_button.default\">\n\t\t\t\t<div class=\"elementor-widget-container\">\n\t\t\t\t\t<a class=\"qodef-shortcode qodef-m qodef-button qodef-layout--filled qodef-html--link\" href=\"\/en\/inscription\/\" target=\"_blank\" >\n\t<span class=\"qodef-m-text\" data-title=\"S&#039;INSCRIRE\">REGISTER<\/span>\n    <span class=\"qodef-btn-arrow\"><svg class=\"qodef-svg--btn-arrow\" xmlns=\"http:\/\/www.w3.org\/2000\/svg\" width=\"13.458\" height=\"13.574\" viewbox=\"0 0 13.458 13.574\"><g><path d=\"m4.74.766 7.164 6.02-7.163 6.022\"\/><path d=\"M11.904 6.787H.004\"\/><\/g><g><path d=\"m4.74.766 7.164 6.02-7.163 6.022\"\/><path d=\"M11.904 6.787H.004\"\/><\/g><\/svg><\/span>\n<\/a>\n\t\t\t\t<\/div>\n\t\t\t\t<\/div>\n\t\t\t\t<\/div>\n\t\t<div class=\"elementor-element elementor-element-ecf78b9 e-con-full e-flex e-con e-child\" data-id=\"ecf78b9\" data-element_type=\"container\">\n\t\t\t\t<div class=\"elementor-element elementor-element-941b46d elementor-arrows-position-inside elementor-pagination-position-outside elementor-widget elementor-widget-image-carousel\" data-id=\"941b46d\" data-element_type=\"widget\" data-settings=\"{&quot;slides_to_show&quot;:&quot;1&quot;,&quot;navigation&quot;:&quot;both&quot;,&quot;autoplay&quot;:&quot;yes&quot;,&quot;pause_on_hover&quot;:&quot;yes&quot;,&quot;pause_on_interaction&quot;:&quot;yes&quot;,&quot;autoplay_speed&quot;:5000,&quot;infinite&quot;:&quot;yes&quot;,&quot;effect&quot;:&quot;slide&quot;,&quot;speed&quot;:500}\" data-widget_type=\"image-carousel.default\">\n\t\t\t\t<div class=\"elementor-widget-container\">\n\t\t\t\t\t\t\t<div class=\"elementor-image-carousel-wrapper swiper\" role=\"region\" aria-roledescription=\"carousel\" aria-label=\"Image carousel\" dir=\"ltr\">\n\t\t\t<div class=\"elementor-image-carousel swiper-wrapper\" aria-live=\"off\">\n\t\t\t\t\t\t\t\t<div class=\"swiper-slide\" role=\"group\" aria-roledescription=\"slide\" aria-label=\"1 sur 2\"><figure class=\"swiper-slide-inner\"><img decoding=\"async\" class=\"swiper-slide-image\" src=\"https:\/\/breakdance-geneve.ch\/wp-content\/uploads\/2025\/07\/9eghGN04qbFAHNizNifT6K.webp\" alt=\"9eghGN04qbFAHNizNifT6K\" \/><\/figure><\/div><div class=\"swiper-slide\" role=\"group\" aria-roledescription=\"slide\" aria-label=\"2 sur 2\"><figure class=\"swiper-slide-inner\"><img decoding=\"async\" class=\"swiper-slide-image\" src=\"https:\/\/breakdance-geneve.ch\/wp-content\/uploads\/2025\/07\/9e1be2_3fdaa2511c324aa386d03749bc6f3c09mv2-1.webp\" alt=\"9e1be2_3fdaa2511c324aa386d03749bc6f3c09mv2 (1)\" \/><\/figure><\/div>\t\t\t<\/div>\n\t\t\t\t\t\t\t\t\t\t\t\t<div class=\"elementor-swiper-button elementor-swiper-button-prev\" role=\"button\" tabindex=\"0\">\n\t\t\t\t\t\t<svg aria-hidden=\"true\" class=\"e-font-icon-svg e-eicon-chevron-left\" viewbox=\"0 0 1000 1000\" xmlns=\"http:\/\/www.w3.org\/2000\/svg\"><path d=\"M646 125C629 125 613 133 604 142L308 442C296 454 292 471 292 487 292 504 296 521 308 533L604 854C617 867 629 875 646 875 663 875 679 871 692 858 704 846 713 829 713 812 713 796 708 779 692 767L438 487 692 225C700 217 708 204 708 187 708 171 704 154 692 142 675 129 663 125 646 125Z\"><\/path><\/svg>\t\t\t\t\t<\/div>\n\t\t\t\t\t<div class=\"elementor-swiper-button elementor-swiper-button-next\" role=\"button\" tabindex=\"0\">\n\t\t\t\t\t\t<svg aria-hidden=\"true\" class=\"e-font-icon-svg e-eicon-chevron-right\" viewbox=\"0 0 1000 1000\" xmlns=\"http:\/\/www.w3.org\/2000\/svg\"><path d=\"M696 533C708 521 713 504 713 487 713 471 708 454 696 446L400 146C388 133 375 125 354 125 338 125 325 129 313 142 300 154 292 171 292 187 292 204 296 221 308 233L563 492 304 771C292 783 288 800 288 817 288 833 296 850 308 863 321 871 338 875 354 875 371 875 388 867 400 854L696 533Z\"><\/path><\/svg>\t\t\t\t\t<\/div>\n\t\t\t\t\n\t\t\t\t\t\t\t\t\t<div class=\"swiper-pagination\"><\/div>\n\t\t\t\t\t\t\t\t\t<\/div>\n\t\t\t\t\t\t<\/div>\n\t\t\t\t<\/div>\n\t\t\t\t<\/div>\n\t\t\t\t\t<\/div>\n\t\t\t\t<\/div>\n\t\t<div class=\"elementor-element elementor-element-c34e439 e-flex e-con-boxed e-con e-parent\" data-id=\"c34e439\" data-element_type=\"container\">\n\t\t\t\t\t<div class=\"e-con-inner\">\n\t\t<div class=\"elementor-element elementor-element-2f15a64 e-con-full e-flex e-con e-child\" data-id=\"2f15a64\" data-element_type=\"container\">\n\t\t\t\t<div class=\"elementor-element elementor-element-feed1a9 elementor-widget elementor-widget-text-editor\" data-id=\"feed1a9\" data-element_type=\"widget\" data-widget_type=\"text-editor.default\">\n\t\t\t\t<div class=\"elementor-widget-container\">\n\t\t\t\t\t\t\t\t\t<p><b>Wednesday<\/b><\/p><p>\ud83d\udd52 15h00 \u2013 16h00 : Cours de <b>Breakdance<\/b> (children)<\/p><p>\ud83d\udd52 16h00 \u2013 17h00 : Cours de <b>Breakdance<\/b> (teens)<\/p><p>\ud83d\udd52 17: 00 \u2013 18 : 00: Courses <b>Hip-Hop<\/b> (ados-enfants)<\/p><p><b>Jeudi<\/b><\/p><p>\ud83d\udd52 17: 00 \u2013 18 : 00: Courses <b>Breakdance<\/b> (children)<\/p><p>\ud83d\udd52 18: 00 \u2013 19: 00 : Over <b>Hip-Hop<\/b> (teens)<\/p><p>\ud83d\udd52 19: 00 \u2013 20: 00 : Courses <b>Hip-Hop<\/b> (adults)<\/p>\t\t\t\t\t\t\t\t<\/div>\n\t\t\t\t<\/div>\n\t\t\t\t<\/div>\n\t\t<div class=\"elementor-element elementor-element-80b77cf e-con-full e-flex e-con e-child\" data-id=\"80b77cf\" data-element_type=\"container\">\n\t\t\t\t<div class=\"elementor-element elementor-element-a1838f6 elementor-widget elementor-widget-google_maps\" data-id=\"a1838f6\" data-element_type=\"widget\" data-widget_type=\"google_maps.default\">\n\t\t\t\t<div class=\"elementor-widget-container\">\n\t\t\t\t\t\t\t<div class=\"elementor-custom-embed\">\n\t\t\t<iframe loading=\"lazy\"\n\t\t\t\t\tsrc=\"https:\/\/maps.google.com\/maps?q=Rue%20de%20Lyon%2099%2C%201203%20Gen%C3%A8ve&#038;t=m&#038;z=15&#038;output=embed&#038;iwloc=near\"\n\t\t\t\t\ttitle=\"Rue de Lyon 99, 1203 Gen\u00e8ve\"\n\t\t\t\t\taria-label=\"Rue de Lyon 99, 1203 Gen\u00e8ve\"\n\t\t\t><\/iframe>\n\t\t<\/div>\n\t\t\t\t\t\t<\/div>\n\t\t\t\t<\/div>\n\t\t\t\t<\/div>\n\t\t\t\t\t<\/div>\n\t\t\t\t<\/div>\n\t\t<div class=\"elementor-element elementor-element-eabeec8 e-flex e-con-boxed e-con e-parent\" data-id=\"eabeec8\" data-element_type=\"container\">\n\t\t\t\t\t<div class=\"e-con-inner\">\n\t\t\t\t\t<\/div>\n\t\t\t\t<\/div>\n\t\t\t\t<\/div>","protected":false},"excerpt":{"rendered":"<p>COURS&nbsp;AUX&nbsp;CHARMILLES ESPACE 99 Les cours de breakdance et de Hip-Hop ont lieu les mercredi et les jeudi \u00e0 l&#039;espace 99. La salle se situe \u00e0 la rue de Lyon 99, 1203 Gen\u00e8ve. Nous donnons des cours pour enfants et pour adultes. Rue de Lyon 99, 1203 Gen\u00e8ve S&#039;INSCRIRE Mercredi \ud83d\udd52 15h00 \u2013 16h00 : Cours [&hellip;]<\/p>","protected":false},"author":1,"featured_media":0,"parent":5690,"menu_order":0,"comment_status":"closed","ping_status":"closed","template":"page-full-width.php","meta":{"footnotes":""},"class_list":["post-5835","page","type-page","status-publish","hentry"],"_links":{"self":[{"href":"https:\/\/breakdance-geneve.ch\/en\/wp-json\/wp\/v2\/pages\/5835","targetHints":{"allow":["GET"]}}],"collection":[{"href":"https:\/\/breakdance-geneve.ch\/en\/wp-json\/wp\/v2\/pages"}],"about":[{"href":"https:\/\/breakdance-geneve.ch\/en\/wp-json\/wp\/v2\/types\/page"}],"author":[{"embeddable":true,"href":"https:\/\/breakdance-geneve.ch\/en\/wp-json\/wp\/v2\/users\/1"}],"replies":[{"embeddable":true,"href":"https:\/\/breakdance-geneve.ch\/en\/wp-json\/wp\/v2\/comments?post=5835"}],"version-history":[{"count":0,"href":"https:\/\/breakdance-geneve.ch\/en\/wp-json\/wp\/v2\/pages\/5835\/revisions"}],"up":[{"embeddable":true,"href":"https:\/\/breakdance-geneve.ch\/en\/wp-json\/wp\/v2\/pages\/5690"}],"wp:attachment":[{"href":"https:\/\/breakdance-geneve.ch\/en\/wp-json\/wp\/v2\/media?parent=5835"}],"curies":[{"name":"wp","href":"https:\/\/api.w.org\/{rel}","templated":true}]}}