{"id":5889,"date":"2025-07-02T13:29:08","date_gmt":"2025-07-02T13:29:08","guid":{"rendered":"https:\/\/www.breakdance-geneve.ch\/?page_id=5889"},"modified":"2025-08-26T14:38:13","modified_gmt":"2025-08-26T14:38:13","slug":"plan-les-ouates","status":"publish","type":"page","link":"https:\/\/breakdance-geneve.ch\/en\/prestations\/cours\/geneve\/plan-les-ouates\/","title":{"rendered":"Plan-Les-ouates"},"content":{"rendered":"<div data-elementor-type=\"wp-page\" data-elementor-id=\"5889\" class=\"elementor elementor-5889\" data-elementor-post-type=\"page\">\n\t\t\t\t<div class=\"elementor-element elementor-element-2492053 e-con-full e-flex e-con e-parent\" data-id=\"2492053\" data-element_type=\"container\">\n\t\t<div class=\"elementor-element elementor-element-2957a7d e-con-full e-flex e-con e-child\" data-id=\"2957a7d\" data-element_type=\"container\">\n\t\t\t\t<div class=\"elementor-element elementor-element-e50869d elementor-widget elementor-widget-xrival_core_custom_font\" data-id=\"e50869d\" data-element_type=\"widget\" data-widget_type=\"xrival_core_custom_font.default\">\n\t\t\t\t<div class=\"elementor-widget-container\">\n\t\t\t\t\t<p class=\"qodef-shortcode qodef-m qodef-custom-font qodef-custom-font-376 qodef-layout--simple qodef--has-appear\" style=\"font-family: arial black;font-size: 60px;line-height: 0px;font-weight: 700;font-style: italic;text-align: left\">\n\t<span class=\"qodef--word\">PLAN-LES-OUATES<\/span><\/p>\n\t\t\t\t<\/div>\n\t\t\t\t<\/div>\n\t\t\t\t<\/div>\n\t\t\t\t<\/div>\n\t\t<div class=\"elementor-element elementor-element-1d25f10 e-flex e-con-boxed e-con e-parent\" data-id=\"1d25f10\" data-element_type=\"container\">\n\t\t\t\t\t<div class=\"e-con-inner\">\n\t\t\t\t\t<\/div>\n\t\t\t\t<\/div>\n\t\t<div class=\"elementor-element elementor-element-2d632a5 e-flex e-con-boxed e-con e-parent\" data-id=\"2d632a5\" data-element_type=\"container\">\n\t\t\t\t\t<div class=\"e-con-inner\">\n\t\t<div class=\"elementor-element elementor-element-08ff1c8 e-con-full e-flex e-con e-child\" data-id=\"08ff1c8\" data-element_type=\"container\">\n\t\t\t\t<div class=\"elementor-element elementor-element-2a9522e elementor-widget elementor-widget-xrival_core_section_title\" data-id=\"2a9522e\" data-element_type=\"widget\" data-widget_type=\"xrival_core_section_title.default\">\n\t\t\t\t<div class=\"elementor-widget-container\">\n\t\t\t\t\t<div class=\"qodef-shortcode qodef-m qodef-section-title qodef-alignment--left qodef-title-break--disabled\">\n\t\t<h2 class=\"qodef-m-title\" style=\"color: #000000\">\n\t\t\t\t\t\u00c9COLE CHAMP-JOLY\t\t\t<\/h2>\n\t<\/div>\n\t\t\t\t<\/div>\n\t\t\t\t<\/div>\n\t\t\t\t<div class=\"elementor-element elementor-element-16448e2 elementor-widget__width-initial elementor-widget elementor-widget-xrival_core_section_title\" data-id=\"16448e2\" data-element_type=\"widget\" data-widget_type=\"xrival_core_section_title.default\">\n\t\t\t\t<div class=\"elementor-widget-container\">\n\t\t\t\t\t<div class=\"qodef-shortcode qodef-m qodef-section-title qodef-alignment--left\">\n\t\t\t<p class=\"qodef-m-text\" style=\"color: #000000\">Les cours de hip-hop ont lieu le mardi \u00e0 l\u2019\u00e9cole Champ-Joly, \u00e0 Plan-les-Ouates. Ils sont ouverts aux enfants.<\/p>\n<\/div>\n\t\t\t\t<\/div>\n\t\t\t\t<\/div>\n\t\t\t\t<div class=\"elementor-element elementor-element-e30c18d elementor-widget__width-initial elementor-widget elementor-widget-xrival_core_section_title\" data-id=\"e30c18d\" data-element_type=\"widget\" data-widget_type=\"xrival_core_section_title.default\">\n\t\t\t\t<div class=\"elementor-widget-container\">\n\t\t\t\t\t<div class=\"qodef-shortcode qodef-m qodef-section-title qodef-alignment--left\">\n\t\t\t<p class=\"qodef-m-text\" style=\"color: #000000\">ch de la m\u00e8re voie 60, 1228 plan-les-ouates<\/p>\n<\/div>\n\t\t\t\t<\/div>\n\t\t\t\t<\/div>\n\t\t\t\t<div class=\"elementor-element elementor-element-7979439 elementor-widget elementor-widget-xrival_core_button\" data-id=\"7979439\" data-element_type=\"widget\" data-widget_type=\"xrival_core_button.default\">\n\t\t\t\t<div class=\"elementor-widget-container\">\n\t\t\t\t\t<a class=\"qodef-shortcode qodef-m qodef-button qodef-layout--filled qodef-html--link\" href=\"\/en\/inscription\/\" target=\"_blank\" >\n\t<span class=\"qodef-m-text\" data-title=\"S&#039;INSCRIRE\">REGISTER<\/span>\n    <span class=\"qodef-btn-arrow\"><svg class=\"qodef-svg--btn-arrow\" xmlns=\"http:\/\/www.w3.org\/2000\/svg\" width=\"13.458\" height=\"13.574\" viewbox=\"0 0 13.458 13.574\"><g><path d=\"m4.74.766 7.164 6.02-7.163 6.022\"\/><path d=\"M11.904 6.787H.004\"\/><\/g><g><path d=\"m4.74.766 7.164 6.02-7.163 6.022\"\/><path d=\"M11.904 6.787H.004\"\/><\/g><\/svg><\/span>\n<\/a>\n\t\t\t\t<\/div>\n\t\t\t\t<\/div>\n\t\t\t\t<\/div>\n\t\t<div class=\"elementor-element elementor-element-ecf78b9 e-con-full e-flex e-con e-child\" data-id=\"ecf78b9\" data-element_type=\"container\">\n\t\t\t\t<div class=\"elementor-element elementor-element-941b46d elementor-arrows-position-inside elementor-pagination-position-outside elementor-widget elementor-widget-image-carousel\" data-id=\"941b46d\" data-element_type=\"widget\" data-settings=\"{&quot;slides_to_show&quot;:&quot;1&quot;,&quot;navigation&quot;:&quot;both&quot;,&quot;autoplay&quot;:&quot;yes&quot;,&quot;pause_on_hover&quot;:&quot;yes&quot;,&quot;pause_on_interaction&quot;:&quot;yes&quot;,&quot;autoplay_speed&quot;:5000,&quot;infinite&quot;:&quot;yes&quot;,&quot;effect&quot;:&quot;slide&quot;,&quot;speed&quot;:500}\" data-widget_type=\"image-carousel.default\">\n\t\t\t\t<div class=\"elementor-widget-container\">\n\t\t\t\t\t\t\t<div class=\"elementor-image-carousel-wrapper swiper\" role=\"region\" aria-roledescription=\"carousel\" aria-label=\"Image carousel\" dir=\"ltr\">\n\t\t\t<div class=\"elementor-image-carousel swiper-wrapper\" aria-live=\"off\">\n\t\t\t\t\t\t\t\t<div class=\"swiper-slide\" role=\"group\" aria-roledescription=\"slide\" aria-label=\"1 sur 1\"><figure class=\"swiper-slide-inner\"><img decoding=\"async\" class=\"swiper-slide-image\" src=\"https:\/\/breakdance-geneve.ch\/wp-content\/uploads\/2025\/07\/champjolycm_05-17_2_0-768x432.webp\" alt=\"champjolycm_05-17_2_0\" \/><\/figure><\/div>\t\t\t<\/div>\n\t\t\t\t\t<\/div>\n\t\t\t\t\t\t<\/div>\n\t\t\t\t<\/div>\n\t\t\t\t<\/div>\n\t\t\t\t\t<\/div>\n\t\t\t\t<\/div>\n\t\t<div class=\"elementor-element elementor-element-c34e439 e-flex e-con-boxed e-con e-parent\" data-id=\"c34e439\" data-element_type=\"container\">\n\t\t\t\t\t<div class=\"e-con-inner\">\n\t\t<div class=\"elementor-element elementor-element-2f15a64 e-con-full e-flex e-con e-child\" data-id=\"2f15a64\" data-element_type=\"container\">\n\t\t\t\t<div class=\"elementor-element elementor-element-feed1a9 elementor-widget elementor-widget-text-editor\" data-id=\"feed1a9\" data-element_type=\"widget\" data-widget_type=\"text-editor.default\">\n\t\t\t\t<div class=\"elementor-widget-container\">\n\t\t\t\t\t\t\t\t\t<p class=\"p1\"><b>Tuesday<\/b><\/p><p class=\"p2\">\ud83d\udd52 17h30 \u2013 18h30 : Cours de Hip-Hop (enfants)<\/p><p><strong>Wednesday\u00a0<\/strong><\/p><p>\ud83d\udd52 13h00 \u2013 14h00 : Cours de Breakdance (avanc\u00e9)<\/p><p class=\"p4\">\ud83d\udd52 14h00 \u2013 15h00 : Cours de Breakdance (enfants)<\/p><p class=\"p4\">\ud83d\udd52 15h00 \u2013 16h00 : Cours de Breakdance (ados)<\/p><p>\ud83d\udd52 16h00 \u2013 17h00 : Cours de Hip-Hop (enfants)<\/p>\t\t\t\t\t\t\t\t<\/div>\n\t\t\t\t<\/div>\n\t\t\t\t<\/div>\n\t\t<div class=\"elementor-element elementor-element-80b77cf e-con-full e-flex e-con e-child\" data-id=\"80b77cf\" data-element_type=\"container\">\n\t\t\t\t<div class=\"elementor-element elementor-element-a1838f6 elementor-widget elementor-widget-google_maps\" data-id=\"a1838f6\" data-element_type=\"widget\" data-widget_type=\"google_maps.default\">\n\t\t\t\t<div class=\"elementor-widget-container\">\n\t\t\t\t\t\t\t<div class=\"elementor-custom-embed\">\n\t\t\t<iframe loading=\"lazy\"\n\t\t\t\t\tsrc=\"https:\/\/maps.google.com\/maps?q=ch%20de%20la%20m%C3%A8re%20voie%2060%2C%201228%20plan-les-ouates&#038;t=m&#038;z=15&#038;output=embed&#038;iwloc=near\"\n\t\t\t\t\ttitle=\"ch de la m\u00e8re voie 60, 1228 plan-les-ouates\"\n\t\t\t\t\taria-label=\"ch de la m\u00e8re voie 60, 1228 plan-les-ouates\"\n\t\t\t><\/iframe>\n\t\t<\/div>\n\t\t\t\t\t\t<\/div>\n\t\t\t\t<\/div>\n\t\t\t\t<\/div>\n\t\t\t\t\t<\/div>\n\t\t\t\t<\/div>\n\t\t<div class=\"elementor-element elementor-element-eabeec8 e-flex e-con-boxed e-con e-parent\" data-id=\"eabeec8\" data-element_type=\"container\">\n\t\t\t\t\t<div class=\"e-con-inner\">\n\t\t\t\t\t<\/div>\n\t\t\t\t<\/div>\n\t\t\t\t<\/div>","protected":false},"excerpt":{"rendered":"<p>PLAN-LES-OUATES \u00c9COLE CHAMP-JOLY Les cours de hip-hop ont lieu le mardi \u00e0 l\u2019\u00e9cole Champ-Joly, \u00e0 Plan-les-Ouates. Ils sont ouverts aux enfants. ch de la m\u00e8re voie 60, 1228 plan-les-ouates S&#039;INSCRIRE Mardi \ud83d\udd52 17h30 \u2013 18h30 : Cours de Hip-Hop (enfants) Mercredi\u00a0 \ud83d\udd52 13h00 \u2013 14h00 : Cours de Breakdance (avanc\u00e9) \ud83d\udd52 14h00 \u2013 15h00 : [&hellip;]<\/p>","protected":false},"author":1,"featured_media":0,"parent":5690,"menu_order":0,"comment_status":"closed","ping_status":"closed","template":"page-full-width.php","meta":{"footnotes":""},"class_list":["post-5889","page","type-page","status-publish","hentry"],"_links":{"self":[{"href":"https:\/\/breakdance-geneve.ch\/en\/wp-json\/wp\/v2\/pages\/5889","targetHints":{"allow":["GET"]}}],"collection":[{"href":"https:\/\/breakdance-geneve.ch\/en\/wp-json\/wp\/v2\/pages"}],"about":[{"href":"https:\/\/breakdance-geneve.ch\/en\/wp-json\/wp\/v2\/types\/page"}],"author":[{"embeddable":true,"href":"https:\/\/breakdance-geneve.ch\/en\/wp-json\/wp\/v2\/users\/1"}],"replies":[{"embeddable":true,"href":"https:\/\/breakdance-geneve.ch\/en\/wp-json\/wp\/v2\/comments?post=5889"}],"version-history":[{"count":0,"href":"https:\/\/breakdance-geneve.ch\/en\/wp-json\/wp\/v2\/pages\/5889\/revisions"}],"up":[{"embeddable":true,"href":"https:\/\/breakdance-geneve.ch\/en\/wp-json\/wp\/v2\/pages\/5690"}],"wp:attachment":[{"href":"https:\/\/breakdance-geneve.ch\/en\/wp-json\/wp\/v2\/media?parent=5889"}],"curies":[{"name":"wp","href":"https:\/\/api.w.org\/{rel}","templated":true}]}}