{"id":6026,"date":"2025-07-03T09:18:56","date_gmt":"2025-07-03T09:18:56","guid":{"rendered":"https:\/\/www.breakdance-geneve.ch\/?page_id=6026"},"modified":"2025-08-09T10:49:05","modified_gmt":"2025-08-09T10:49:05","slug":"disciplines","status":"publish","type":"page","link":"https:\/\/breakdance-geneve.ch\/en\/prestations\/disciplines\/","title":{"rendered":"What We Teach"},"content":{"rendered":"<div data-elementor-type=\"wp-page\" data-elementor-id=\"6026\" class=\"elementor elementor-6026\" data-elementor-post-type=\"page\">\n\t\t\t\t<div class=\"elementor-element elementor-element-2492053 e-con-full e-flex e-con e-parent\" data-id=\"2492053\" data-element_type=\"container\">\n\t\t<div class=\"elementor-element elementor-element-2957a7d e-con-full e-flex e-con e-child\" data-id=\"2957a7d\" data-element_type=\"container\">\n\t\t\t\t<div class=\"elementor-element elementor-element-e50869d elementor-widget elementor-widget-xrival_core_custom_font\" data-id=\"e50869d\" data-element_type=\"widget\" data-widget_type=\"xrival_core_custom_font.default\">\n\t\t\t\t<div class=\"elementor-widget-container\">\n\t\t\t\t\t<h1 class=\"qodef-shortcode qodef-m qodef-custom-font qodef-custom-font-105 qodef-layout--simple qodef--has-appear\" style=\"font-family: arial black;font-size: 132px;line-height: 0px;font-weight: 700;font-style: italic;text-align: left\">\n\t<span class=\"qodef--word\">OUR<\/span>&nbsp;<span class=\"qodef--word\">DISCIPLINES<\/span><\/h1>\n\t\t\t\t<\/div>\n\t\t\t\t<\/div>\n\t\t\t\t<\/div>\n\t\t\t\t<\/div>\n\t\t<div class=\"elementor-element elementor-element-4393ca4 e-flex e-con-boxed e-con e-parent\" data-id=\"4393ca4\" data-element_type=\"container\">\n\t\t\t\t\t<div class=\"e-con-inner\">\n\t\t\t\t\t<\/div>\n\t\t\t\t<\/div>\n\t\t<div class=\"elementor-element elementor-element-7089cd5 e-flex e-con-boxed e-con e-parent\" data-id=\"7089cd5\" data-element_type=\"container\" data-settings=\"{&quot;background_background&quot;:&quot;classic&quot;}\">\n\t\t\t\t\t<div class=\"e-con-inner\">\n\t\t<div class=\"elementor-element elementor-element-e28c0a4 e-con-full qodef-elementor-content-grid e-flex e-con e-child\" data-id=\"e28c0a4\" data-element_type=\"container\">\n\t\t<div class=\"elementor-element elementor-element-21fa26e e-con-full e-flex e-con e-child\" data-id=\"21fa26e\" data-element_type=\"container\" data-settings=\"{&quot;background_background&quot;:&quot;classic&quot;}\">\n\t\t<div class=\"elementor-element elementor-element-45f0af0 e-con-full e-flex e-con e-child\" data-id=\"45f0af0\" data-element_type=\"container\">\n\t\t\t\t<div class=\"elementor-element elementor-element-81f3dfc elementor-widget elementor-widget-xrival_core_section_title\" data-id=\"81f3dfc\" data-element_type=\"widget\" data-widget_type=\"xrival_core_section_title.default\">\n\t\t\t\t<div class=\"elementor-widget-container\">\n\t\t\t\t\t<div class=\"qodef-shortcode qodef-m qodef-section-title qodef-alignment--left qodef-title-break--disabled\">\n\t\t<h2 class=\"qodef-m-title\" style=\"color: #000000\">\n\t\t\t\t\tBreakdance\t\t\t<\/h2>\n\t<\/div>\n\t\t\t\t<\/div>\n\t\t\t\t<\/div>\n\t\t\t\t<div class=\"elementor-element elementor-element-b92116f elementor-widget__width-initial elementor-widget elementor-widget-xrival_core_section_title\" data-id=\"b92116f\" data-element_type=\"widget\" data-widget_type=\"xrival_core_section_title.default\">\n\t\t\t\t<div class=\"elementor-widget-container\">\n\t\t\t\t\t<div class=\"qodef-shortcode qodef-m qodef-section-title qodef-alignment--left\">\n\t\t\t<p class=\"qodef-m-text\" style=\"color: #000000\">Le Bboying, aussi appel\u00e9 Breakdance, est n\u00e9 dans les rues du Bronx dans les ann\u00e9es 1970. Cette danse urbaine se distingue par sa richesse technique et son \u00e9nergie explosive. Elle combine des figures acrobatiques spectaculaires, des jeux de jambes rapides et cr\u00e9atifs au sol, ainsi que des mouvements debout, le tout rythm\u00e9 par la musique. V\u00e9ritable expression corporelle, le Bboying m\u00eale performance physique, style et musicalit\u00e9 avec une intensit\u00e9 unique.\n<\/p>\n<\/div>\n\t\t\t\t<\/div>\n\t\t\t\t<\/div>\n\t\t\t\t<div class=\"elementor-element elementor-element-2d0c0a2 elementor-widget elementor-widget-xrival_core_button\" data-id=\"2d0c0a2\" data-element_type=\"widget\" data-widget_type=\"xrival_core_button.default\">\n\t\t\t\t<div class=\"elementor-widget-container\">\n\t\t\t\t\t<a class=\"qodef-shortcode qodef-m qodef-button qodef-layout--textual qodef-html--link\" href=\"\/en\/inscription\/\" target=\"_self\" style=\"--qode-button-color: #000000;--qode-button-icon-color: #000000;--qode-button-icon-hover-color: #000000\">\n    <span class=\"qodef-m-text\" data-title=\"Inscription\">Registration<\/span>\n    <span class=\"qodef-btn-arrow\"><svg class=\"qodef-svg--textual-btn-arrow\" xmlns=\"http:\/\/www.w3.org\/2000\/svg\" width=\"15.254\" height=\"15.391\" viewbox=\"0 0 15.254 15.391\"><g><path d=\"m5.457.766 8.243 6.93-8.243 6.93\"\/><path d=\"M13.7 7.695H0\"\/><\/g><g><path d=\"m5.457.766 8.243 6.93-8.243 6.93\"\/><path d=\"M13.7 7.695H0\"\/><\/g><\/svg><\/span>\n<\/a>\n\t\t\t\t<\/div>\n\t\t\t\t<\/div>\n\t\t\t\t<\/div>\n\t\t\t\t<\/div>\n\t\t<div class=\"elementor-element elementor-element-98e0b6d e-con-full e-flex e-con e-child\" data-id=\"98e0b6d\" data-element_type=\"container\" data-settings=\"{&quot;background_background&quot;:&quot;classic&quot;}\">\n\t\t\t\t<div class=\"elementor-element elementor-element-080061d elementor-widget elementor-widget-video\" data-id=\"080061d\" data-element_type=\"widget\" data-settings=\"{&quot;youtube_url&quot;:&quot;https:\\\/\\\/www.youtube.com\\\/watch?v=oKPcBGH9Kpc&quot;,&quot;video_type&quot;:&quot;youtube&quot;,&quot;controls&quot;:&quot;yes&quot;}\" data-widget_type=\"video.default\">\n\t\t\t\t<div class=\"elementor-widget-container\">\n\t\t\t\t\t\t\t<div class=\"elementor-wrapper elementor-open-inline\">\n\t\t\t<div class=\"elementor-video\"><\/div>\t\t<\/div>\n\t\t\t\t\t\t<\/div>\n\t\t\t\t<\/div>\n\t\t\t\t<\/div>\n\t\t\t\t<\/div>\n\t\t\t\t\t<\/div>\n\t\t\t\t<\/div>\n\t\t<div class=\"elementor-element elementor-element-3646952 e-flex e-con-boxed e-con e-parent\" data-id=\"3646952\" data-element_type=\"container\" data-settings=\"{&quot;background_background&quot;:&quot;classic&quot;}\">\n\t\t\t\t\t<div class=\"e-con-inner\">\n\t\t<div class=\"elementor-element elementor-element-a97bf7a e-con-full qodef-elementor-content-grid e-flex e-con e-child\" data-id=\"a97bf7a\" data-element_type=\"container\">\n\t\t<div class=\"elementor-element elementor-element-b1e4345 e-con-full e-flex e-con e-child\" data-id=\"b1e4345\" data-element_type=\"container\" data-settings=\"{&quot;background_background&quot;:&quot;classic&quot;}\">\n\t\t<div class=\"elementor-element elementor-element-59f9f28 e-con-full e-flex e-con e-child\" data-id=\"59f9f28\" data-element_type=\"container\">\n\t\t\t\t<div class=\"elementor-element elementor-element-63d8d91 elementor-widget elementor-widget-xrival_core_section_title\" data-id=\"63d8d91\" data-element_type=\"widget\" data-widget_type=\"xrival_core_section_title.default\">\n\t\t\t\t<div class=\"elementor-widget-container\">\n\t\t\t\t\t<div class=\"qodef-shortcode qodef-m qodef-section-title qodef-alignment--left qodef-title-break--disabled\">\n\t\t<h2 class=\"qodef-m-title\" style=\"color: #000000\">\n\t\t\t\t\tHip-Hop\t\t\t<\/h2>\n\t<\/div>\n\t\t\t\t<\/div>\n\t\t\t\t<\/div>\n\t\t\t\t<div class=\"elementor-element elementor-element-26fc1c3 elementor-widget__width-initial elementor-widget elementor-widget-xrival_core_section_title\" data-id=\"26fc1c3\" data-element_type=\"widget\" data-widget_type=\"xrival_core_section_title.default\">\n\t\t\t\t<div class=\"elementor-widget-container\">\n\t\t\t\t\t<div class=\"qodef-shortcode qodef-m qodef-section-title qodef-alignment--left\">\n\t\t\t<p class=\"qodef-m-text\" style=\"color: #000000\">La danse Hip-Hop est apparue \u00e0 la fin des ann\u00e9es 1970 dans les rues de New York, au c\u0153ur d\u2019un mouvement culturel riche et vibrant. Elle se caract\u00e9rise par des mouvements rythm\u00e9s, saccad\u00e9s et dynamiques, alliant expressivit\u00e9 et pr\u00e9cision. Inspir\u00e9e de plusieurs styles comme le Breakdance et les Funky Styles (Locking, Popping, etc.), cette danse refl\u00e8te \u00e0 la fois l\u2019individualit\u00e9, la cr\u00e9ativit\u00e9 et l\u2019\u00e9nergie de la culture urbaine.<\/p>\n<\/div>\n\t\t\t\t<\/div>\n\t\t\t\t<\/div>\n\t\t\t\t<div class=\"elementor-element elementor-element-59ab883 elementor-widget elementor-widget-xrival_core_button\" data-id=\"59ab883\" data-element_type=\"widget\" data-widget_type=\"xrival_core_button.default\">\n\t\t\t\t<div class=\"elementor-widget-container\">\n\t\t\t\t\t<a class=\"qodef-shortcode qodef-m qodef-button qodef-layout--textual qodef-html--link\" href=\"\/en\/inscription\/\" target=\"_self\" style=\"--qode-button-color: #000000;--qode-button-icon-color: #FFD630;--qode-button-icon-hover-color: #FFD630\">\n    <span class=\"qodef-m-text\" data-title=\"Inscription\">Registration<\/span>\n    <span class=\"qodef-btn-arrow\"><svg class=\"qodef-svg--textual-btn-arrow\" xmlns=\"http:\/\/www.w3.org\/2000\/svg\" width=\"15.254\" height=\"15.391\" viewbox=\"0 0 15.254 15.391\"><g><path d=\"m5.457.766 8.243 6.93-8.243 6.93\"\/><path d=\"M13.7 7.695H0\"\/><\/g><g><path d=\"m5.457.766 8.243 6.93-8.243 6.93\"\/><path d=\"M13.7 7.695H0\"\/><\/g><\/svg><\/span>\n<\/a>\n\t\t\t\t<\/div>\n\t\t\t\t<\/div>\n\t\t\t\t<\/div>\n\t\t\t\t<\/div>\n\t\t<div class=\"elementor-element elementor-element-1504f0d e-con-full e-flex e-con e-child\" data-id=\"1504f0d\" data-element_type=\"container\" data-settings=\"{&quot;background_background&quot;:&quot;classic&quot;}\">\n\t\t\t\t<div class=\"elementor-element elementor-element-86209b9 elementor-widget elementor-widget-video\" data-id=\"86209b9\" data-element_type=\"widget\" data-settings=\"{&quot;youtube_url&quot;:&quot;https:\\\/\\\/www.youtube.com\\\/watch?v=qwthAA-5HqQ&quot;,&quot;video_type&quot;:&quot;youtube&quot;,&quot;controls&quot;:&quot;yes&quot;}\" data-widget_type=\"video.default\">\n\t\t\t\t<div class=\"elementor-widget-container\">\n\t\t\t\t\t\t\t<div class=\"elementor-wrapper elementor-open-inline\">\n\t\t\t<div class=\"elementor-video\"><\/div>\t\t<\/div>\n\t\t\t\t\t\t<\/div>\n\t\t\t\t<\/div>\n\t\t\t\t<\/div>\n\t\t\t\t<\/div>\n\t\t\t\t\t<\/div>\n\t\t\t\t<\/div>\n\t\t<div class=\"elementor-element elementor-element-3f75020 e-con-full e-flex e-con e-parent\" data-id=\"3f75020\" data-element_type=\"container\" data-settings=\"{&quot;background_background&quot;:&quot;classic&quot;}\">\n\t\t\t\t<div class=\"elementor-element elementor-element-7f23a87 elementor-widget elementor-widget-xrival_core_text_marquee\" data-id=\"7f23a87\" data-element_type=\"widget\" data-widget_type=\"xrival_core_text_marquee.default\">\n\t\t\t\t<div class=\"elementor-widget-container\">\n\t\t\t\t\t<div class=\"qodef-shortcode qodef-m qodef-text-marquee qodef-text-marquee-198 qodef-layout--default qodef-direction--left\" >\n\t<div class=\"qodef-m-content\" >\n\t\t<div class=\"qodef-m-content-inner\">\n\t\t\t\t\t\t\t<span class=\"qodef-m-text-1\" >\n\t\t\t\t\tBREAKDANCE\t\t\t\t<\/span>\n\t\t\t\t\t\t\t\t\t\t\t\t\t<span class=\"qodef-m-text-2\" >\n\t\t\t\t\tHIP-HOP\t\t\t\t<\/span>\n\t\t\t\t\t\t\t\t\t\t\t\t\t\t\t\t\t\t\t\t<\/div>\n\t<\/div>\n<\/div>\n\t\t\t\t<\/div>\n\t\t\t\t<\/div>\n\t\t\t\t<\/div>\n\t\t\t\t<\/div>","protected":false},"excerpt":{"rendered":"<p>NOS&nbsp;DISCIPLINES Breakdance Le Bboying, aussi appel\u00e9 Breakdance, est n\u00e9 dans les rues du Bronx dans les ann\u00e9es 1970. Cette danse urbaine se distingue par sa richesse technique et son \u00e9nergie explosive. Elle combine des figures acrobatiques spectaculaires, des jeux de jambes rapides et cr\u00e9atifs au sol, ainsi que des mouvements debout, le tout rythm\u00e9 par [&hellip;]<\/p>","protected":false},"author":1,"featured_media":0,"parent":5505,"menu_order":0,"comment_status":"closed","ping_status":"closed","template":"page-full-width.php","meta":{"footnotes":""},"class_list":["post-6026","page","type-page","status-publish","hentry"],"_links":{"self":[{"href":"https:\/\/breakdance-geneve.ch\/en\/wp-json\/wp\/v2\/pages\/6026","targetHints":{"allow":["GET"]}}],"collection":[{"href":"https:\/\/breakdance-geneve.ch\/en\/wp-json\/wp\/v2\/pages"}],"about":[{"href":"https:\/\/breakdance-geneve.ch\/en\/wp-json\/wp\/v2\/types\/page"}],"author":[{"embeddable":true,"href":"https:\/\/breakdance-geneve.ch\/en\/wp-json\/wp\/v2\/users\/1"}],"replies":[{"embeddable":true,"href":"https:\/\/breakdance-geneve.ch\/en\/wp-json\/wp\/v2\/comments?post=6026"}],"version-history":[{"count":0,"href":"https:\/\/breakdance-geneve.ch\/en\/wp-json\/wp\/v2\/pages\/6026\/revisions"}],"up":[{"embeddable":true,"href":"https:\/\/breakdance-geneve.ch\/en\/wp-json\/wp\/v2\/pages\/5505"}],"wp:attachment":[{"href":"https:\/\/breakdance-geneve.ch\/en\/wp-json\/wp\/v2\/media?parent=6026"}],"curies":[{"name":"wp","href":"https:\/\/api.w.org\/{rel}","templated":true}]}}