{"id":6034,"date":"2025-07-03T14:05:28","date_gmt":"2025-07-03T14:05:28","guid":{"rendered":"https:\/\/www.breakdance-geneve.ch\/?page_id=6034"},"modified":"2025-08-07T09:11:29","modified_gmt":"2025-08-07T09:11:29","slug":"shows","status":"publish","type":"page","link":"https:\/\/breakdance-geneve.ch\/en\/prestations\/shows\/","title":{"rendered":"Shows"},"content":{"rendered":"<div data-elementor-type=\"wp-page\" data-elementor-id=\"6034\" class=\"elementor elementor-6034\" data-elementor-post-type=\"page\">\n\t\t\t\t<div class=\"elementor-element elementor-element-2492053 e-con-full e-flex e-con e-parent\" data-id=\"2492053\" data-element_type=\"container\">\n\t\t<div class=\"elementor-element elementor-element-2957a7d e-con-full e-flex e-con e-child\" data-id=\"2957a7d\" data-element_type=\"container\">\n\t\t\t\t<div class=\"elementor-element elementor-element-e50869d elementor-widget elementor-widget-xrival_core_custom_font\" data-id=\"e50869d\" data-element_type=\"widget\" data-widget_type=\"xrival_core_custom_font.default\">\n\t\t\t\t<div class=\"elementor-widget-container\">\n\t\t\t\t\t<h1 class=\"qodef-shortcode qodef-m qodef-custom-font qodef-custom-font-906 qodef-layout--simple qodef--has-appear translation-block\" style=\"font-family: arial black;font-size: 132px;line-height: 0px;font-weight: 700;font-style: italic;text-align: left\">SHOWS &amp; PERFORMANCES<\/h1>\n\t\t\t\t<\/div>\n\t\t\t\t<\/div>\n\t\t\t\t<\/div>\n\t\t\t\t<\/div>\n\t\t<div class=\"elementor-element elementor-element-4291fa8 e-con-full qodef-elementor-content-grid e-flex e-con e-parent\" data-id=\"4291fa8\" data-element_type=\"container\">\n\t\t<div class=\"elementor-element elementor-element-959115c e-con-full e-flex e-con e-child\" data-id=\"959115c\" data-element_type=\"container\" data-settings=\"{&quot;background_background&quot;:&quot;classic&quot;}\">\n\t\t<div class=\"elementor-element elementor-element-aae7d2f e-con-full e-flex e-con e-child\" data-id=\"aae7d2f\" data-element_type=\"container\">\n\t\t\t\t<div class=\"elementor-element elementor-element-ff9a0b8 elementor-widget elementor-widget-xrival_core_section_title\" data-id=\"ff9a0b8\" data-element_type=\"widget\" data-widget_type=\"xrival_core_section_title.default\">\n\t\t\t\t<div class=\"elementor-widget-container\">\n\t\t\t\t\t<div class=\"qodef-shortcode qodef-m qodef-section-title qodef-alignment--left qodef-title-break--disabled\">\n\t\t<\/div>\n\t\t\t\t<\/div>\n\t\t\t\t<\/div>\n\t\t\t\t<div class=\"elementor-element elementor-element-42ff4ac elementor-widget elementor-widget-text-editor\" data-id=\"42ff4ac\" data-element_type=\"widget\" data-widget_type=\"text-editor.default\">\n\t\t\t\t<div class=\"elementor-widget-container\">\n\t\t\t\t\t\t\t\t\t<p class=\"font_8 wixui-rich-text__text\"><span class=\"wixui-rich-text__text\">Would you like to offer your employees an exceptional, unique, and unforgettable evening ? \nOne that will leave a lasting impression and reflect your company\u2019s innovative spirit and attentiveness to their desires?\u00a0<\/span><\/p><p class=\"font_8 wixui-rich-text__text\"><span class=\"wixui-rich-text__text\">\u200b<\/span><\/p><p class=\"font_8 wixui-rich-text__text\"><span class=\"wixui-rich-text__text\">With over 20 years of experience in hosting corporate events, graduation ceremonies, weddings, and Bar Mitzvahs, we offer dynamic performances and dance workshops to elevate and energize your event. From breakdance shows to a variety of dance classes, our team brings a vibrant and memorable touch to every occasion.<\/span><\/p><p class=\"font_8 wixui-rich-text__text\"><span class=\"wixui-rich-text__text\">\u200b<\/span><\/p><p class=\"font_8 wixui-rich-text__text\"><span class=\"wixui-rich-text__text\">Our services are highly personalized to meet each client\u2019s specific needs. The association delivers around thirty performances per year. Its ongoing success is the result of several key factors, including strong management, the quality of its members, and a client-focused strategy.\u00a0<\/span><\/p><p class=\"font_8 wixui-rich-text__text\"><span class=\"wixui-rich-text__text\">\u200b<\/span><\/p><p class=\"font_8 wixui-rich-text__text translation-block\">Take the first step just like they did. Visit our contact page and work with one of our advisors to define your needs for your event.<\/p>\t\t\t\t\t\t\t\t<\/div>\n\t\t\t\t<\/div>\n\t\t\t\t<div class=\"elementor-element elementor-element-1e88f8b elementor-widget elementor-widget-xrival_core_button\" data-id=\"1e88f8b\" data-element_type=\"widget\" data-widget_type=\"xrival_core_button.default\">\n\t\t\t\t<div class=\"elementor-widget-container\">\n\t\t\t\t\t<a class=\"qodef-shortcode qodef-m qodef-button qodef-layout--textual qodef-html--link\" href=\"\/en\/contact\/\" target=\"_self\" style=\"--qode-button-color: #000000;--qode-button-icon-color: #FFD630;--qode-button-icon-hover-color: #FFD630\">\n    <span class=\"qodef-m-text\" data-title=\"Nous contacter\">Nous contacter<\/span>\n    <span class=\"qodef-btn-arrow\"><svg class=\"qodef-svg--textual-btn-arrow\" xmlns=\"http:\/\/www.w3.org\/2000\/svg\" width=\"15.254\" height=\"15.391\" viewbox=\"0 0 15.254 15.391\"><g><path d=\"m5.457.766 8.243 6.93-8.243 6.93\"\/><path d=\"M13.7 7.695H0\"\/><\/g><g><path d=\"m5.457.766 8.243 6.93-8.243 6.93\"\/><path d=\"M13.7 7.695H0\"\/><\/g><\/svg><\/span>\n<\/a>\n\t\t\t\t<\/div>\n\t\t\t\t<\/div>\n\t\t\t\t<\/div>\n\t\t\t\t<\/div>\n\t\t<div class=\"elementor-element elementor-element-f236794 e-con-full e-flex e-con e-child\" data-id=\"f236794\" data-element_type=\"container\" data-settings=\"{&quot;background_background&quot;:&quot;classic&quot;}\">\n\t\t\t\t<div class=\"elementor-element elementor-element-fd7b105 elementor-widget elementor-widget-video\" data-id=\"fd7b105\" data-element_type=\"widget\" data-settings=\"{&quot;youtube_url&quot;:&quot;https:\\\/\\\/www.youtube.com\\\/watch?v=wMR6sCOGVJI&quot;,&quot;video_type&quot;:&quot;youtube&quot;,&quot;controls&quot;:&quot;yes&quot;}\" data-widget_type=\"video.default\">\n\t\t\t\t<div class=\"elementor-widget-container\">\n\t\t\t\t\t\t\t<div class=\"elementor-wrapper elementor-open-inline\">\n\t\t\t<div class=\"elementor-video\"><\/div>\t\t<\/div>\n\t\t\t\t\t\t<\/div>\n\t\t\t\t<\/div>\n\t\t\t\t<\/div>\n\t\t\t\t<\/div>\n\t\t<div class=\"elementor-element elementor-element-0842993 e-flex e-con-boxed e-con e-parent\" data-id=\"0842993\" data-element_type=\"container\" data-settings=\"{&quot;background_background&quot;:&quot;classic&quot;}\">\n\t\t\t\t\t<div class=\"e-con-inner\">\n\t\t\t\t<div class=\"elementor-element elementor-element-68388fc elementor-widget elementor-widget-heading\" data-id=\"68388fc\" data-element_type=\"widget\" data-widget_type=\"heading.default\">\n\t\t\t\t<div class=\"elementor-widget-container\">\n\t\t\t\t\t<h2 class=\"elementor-heading-title elementor-size-default\">They trusted us <\/h2>\t\t\t\t<\/div>\n\t\t\t\t<\/div>\n\t\t\t\t\t<\/div>\n\t\t\t\t<\/div>\n\t\t<div class=\"elementor-element elementor-element-17d419c e-con-full e-flex e-con e-parent\" data-id=\"17d419c\" data-element_type=\"container\" data-settings=\"{&quot;background_background&quot;:&quot;classic&quot;}\">\n\t\t\t\t<div class=\"elementor-element elementor-element-74dbe5f elementor-arrows-position-inside elementor-pagination-position-outside elementor-widget elementor-widget-image-carousel\" data-id=\"74dbe5f\" data-element_type=\"widget\" data-settings=\"{&quot;slides_to_show&quot;:&quot;3&quot;,&quot;navigation&quot;:&quot;both&quot;,&quot;autoplay&quot;:&quot;yes&quot;,&quot;pause_on_hover&quot;:&quot;yes&quot;,&quot;pause_on_interaction&quot;:&quot;yes&quot;,&quot;autoplay_speed&quot;:5000,&quot;infinite&quot;:&quot;yes&quot;,&quot;speed&quot;:500}\" data-widget_type=\"image-carousel.default\">\n\t\t\t\t<div class=\"elementor-widget-container\">\n\t\t\t\t\t\t\t<div class=\"elementor-image-carousel-wrapper swiper\" role=\"region\" aria-roledescription=\"carousel\" aria-label=\"Image carousel\" dir=\"ltr\">\n\t\t\t<div class=\"elementor-image-carousel swiper-wrapper\" aria-live=\"off\">\n\t\t\t\t\t\t\t\t<div class=\"swiper-slide\" role=\"group\" aria-roledescription=\"slide\" aria-label=\"1 of 3\" data-no-translation-aria-label=\"\"><figure class=\"swiper-slide-inner\"><img decoding=\"async\" class=\"swiper-slide-image\" src=\"https:\/\/breakdance-geneve.ch\/wp-content\/uploads\/2025\/06\/GTG_Logo-300x193-1.png\" alt=\"grand theatre\" \/><\/figure><\/div><div class=\"swiper-slide\" role=\"group\" aria-roledescription=\"slide\" aria-label=\"2 of 3\" data-no-translation-aria-label=\"\"><figure class=\"swiper-slide-inner\"><img decoding=\"async\" class=\"swiper-slide-image\" src=\"https:\/\/breakdance-geneve.ch\/wp-content\/uploads\/2025\/06\/Genf_logo.svg-1-300x190.png\" alt=\"geneva\" \/><\/figure><\/div><div class=\"swiper-slide\" role=\"group\" aria-roledescription=\"slide\" aria-label=\"3 of 3\" data-no-translation-aria-label=\"\"><figure class=\"swiper-slide-inner\"><img decoding=\"async\" class=\"swiper-slide-image\" src=\"https:\/\/breakdance-geneve.ch\/wp-content\/uploads\/2025\/06\/m-schools2-300x157.png\" alt=\"m-schools2\" \/><\/figure><\/div>\t\t\t<\/div>\n\t\t\t\t\t\t\t\t\t\t\t\t<div class=\"elementor-swiper-button elementor-swiper-button-prev\" role=\"button\" tabindex=\"0\">\n\t\t\t\t\t\t<svg aria-hidden=\"true\" class=\"e-font-icon-svg e-eicon-chevron-left\" viewbox=\"0 0 1000 1000\" xmlns=\"http:\/\/www.w3.org\/2000\/svg\"><path d=\"M646 125C629 125 613 133 604 142L308 442C296 454 292 471 292 487 292 504 296 521 308 533L604 854C617 867 629 875 646 875 663 875 679 871 692 858 704 846 713 829 713 812 713 796 708 779 692 767L438 487 692 225C700 217 708 204 708 187 708 171 704 154 692 142 675 129 663 125 646 125Z\"><\/path><\/svg>\t\t\t\t\t<\/div>\n\t\t\t\t\t<div class=\"elementor-swiper-button elementor-swiper-button-next\" role=\"button\" tabindex=\"0\">\n\t\t\t\t\t\t<svg aria-hidden=\"true\" class=\"e-font-icon-svg e-eicon-chevron-right\" viewbox=\"0 0 1000 1000\" xmlns=\"http:\/\/www.w3.org\/2000\/svg\"><path d=\"M696 533C708 521 713 504 713 487 713 471 708 454 696 446L400 146C388 133 375 125 354 125 338 125 325 129 313 142 300 154 292 171 292 187 292 204 296 221 308 233L563 492 304 771C292 783 288 800 288 817 288 833 296 850 308 863 321 871 338 875 354 875 371 875 388 867 400 854L696 533Z\"><\/path><\/svg>\t\t\t\t\t<\/div>\n\t\t\t\t\n\t\t\t\t\t\t\t\t\t<div class=\"swiper-pagination\"><\/div>\n\t\t\t\t\t\t\t\t\t<\/div>\n\t\t\t\t\t\t<\/div>\n\t\t\t\t<\/div>\n\t\t\t\t<\/div>\n\t\t\t\t<\/div>","protected":false},"excerpt":{"rendered":"<p>SHOWS&nbsp;ET&nbsp;SPECTACLES Vous souhaitez offrir \u00e0 vos employ\u00e9s une soir\u00e9e exceptionnelle, unique et \u00e9poustouflante qui marquera les esprits des collaborateurs et et ainsi vous permettre de donner une image de votre entreprise innovante et \u00e0 l&rsquo;\u00e9coute de leur envie ?\u00a0 \u200b Avec plus de 20\u00a0ans d&rsquo;exp\u00e9rience\u00a0dans\u00a0l&rsquo;animation de\u00a0soir\u00e9e d&rsquo;entreprise,\u00a0c\u00e9r\u00e9monie de promotion,ou encore\u00a0mariage,\u00a0Bar-Mitzvah\u00a0nous offrons des shows et des [&hellip;]<\/p>","protected":false},"author":1,"featured_media":0,"parent":5505,"menu_order":0,"comment_status":"closed","ping_status":"closed","template":"page-full-width.php","meta":{"footnotes":""},"class_list":["post-6034","page","type-page","status-publish","hentry"],"_links":{"self":[{"href":"https:\/\/breakdance-geneve.ch\/en\/wp-json\/wp\/v2\/pages\/6034","targetHints":{"allow":["GET"]}}],"collection":[{"href":"https:\/\/breakdance-geneve.ch\/en\/wp-json\/wp\/v2\/pages"}],"about":[{"href":"https:\/\/breakdance-geneve.ch\/en\/wp-json\/wp\/v2\/types\/page"}],"author":[{"embeddable":true,"href":"https:\/\/breakdance-geneve.ch\/en\/wp-json\/wp\/v2\/users\/1"}],"replies":[{"embeddable":true,"href":"https:\/\/breakdance-geneve.ch\/en\/wp-json\/wp\/v2\/comments?post=6034"}],"version-history":[{"count":0,"href":"https:\/\/breakdance-geneve.ch\/en\/wp-json\/wp\/v2\/pages\/6034\/revisions"}],"up":[{"embeddable":true,"href":"https:\/\/breakdance-geneve.ch\/en\/wp-json\/wp\/v2\/pages\/5505"}],"wp:attachment":[{"href":"https:\/\/breakdance-geneve.ch\/en\/wp-json\/wp\/v2\/media?parent=6034"}],"curies":[{"name":"wp","href":"https:\/\/api.w.org\/{rel}","templated":true}]}}