{"id":6134,"date":"2025-07-05T11:58:08","date_gmt":"2025-07-05T11:58:08","guid":{"rendered":"https:\/\/www.breakdance-geneve.ch\/?page_id=6134"},"modified":"2025-08-19T12:55:26","modified_gmt":"2025-08-19T12:55:26","slug":"punisher","status":"publish","type":"page","link":"https:\/\/breakdance-geneve.ch\/en\/notre-equipe\/punisher\/","title":{"rendered":"Punisher"},"content":{"rendered":"<div data-elementor-type=\"wp-page\" data-elementor-id=\"6134\" class=\"elementor elementor-6134\" data-elementor-post-type=\"page\">\n\t\t\t\t<div class=\"elementor-element elementor-element-6759f50 e-con-full e-flex e-con e-parent\" data-id=\"6759f50\" data-element_type=\"container\">\n\t\t<div class=\"elementor-element elementor-element-c9b36ac e-con-full e-flex e-con e-child\" data-id=\"c9b36ac\" data-element_type=\"container\">\n\t\t\t\t<div class=\"elementor-element elementor-element-a726bda elementor-widget elementor-widget-xrival_core_google_map\" data-id=\"a726bda\" data-element_type=\"widget\" data-widget_type=\"xrival_core_google_map.default\">\n\t\t\t\t<div class=\"elementor-widget-container\">\n\t\t\t\t\t<div class=\"qodef-shortcode qodef-m qodef-google-map\">\n\t<div class=\"qodef-m-map\" id=\"qodef-map-id--888\" data-addresses='[\"https:\/\/www.google.com\/maps\/place\/10+White+St,+New+York,+NY+10013,+%D0%A1%D1%98%D0%B5%D0%B4%D0%B8%D1%9A%D0%B5%D0%BD%D0%B5+%D0%94%D1%80%D0%B6%D0%B0%D0%B2%D0%B5\/@40.7192711,-74.0068654,18z\/data=!4m14!1m7!3m6!1s0x89c2598aacb4bb2f:0x38c5e64bc037bc99!2sTerra!8m2!3d40.7191892!4d-74.0060229!16s%2Fg%2F1pp2x5n2q!3m5!1s0x89c2598abb2a06d9:0xb95d04fd35a73764!8m2!3d40.7193468!4d-74.0057203!16s%2Fg%2F11cs8d7y0h?entry=ttu&amp;g_ep=EgoyMDI0MDgyMy4wIKXMDSoASAFQAw%3D%3D\"]' data-pin=\"https:\/\/breakdance-geneve.ch\/wp-content\/plugins\/xrival-core\/inc\/maps\/assets\/img\/pin.png\" data-unique-id=\"888\" data-height=\"615\"><\/div>\n<\/div>\n\t\t\t\t<\/div>\n\t\t\t\t<\/div>\n\t\t\t\t<\/div>\n\t\t\t\t<\/div>\n\t\t<div class=\"elementor-element elementor-element-ee505d4 e-con-full qodef-elementor-content-grid e-flex e-con e-child\" data-id=\"ee505d4\" data-element_type=\"container\">\n\t\t\t\t<div class=\"elementor-element elementor-element-ee2e60b elementor-widget elementor-widget-xrival_core_single_image\" data-id=\"ee2e60b\" data-element_type=\"widget\" data-widget_type=\"xrival_core_single_image.default\">\n\t\t\t\t<div class=\"elementor-widget-container\">\n\t\t\t\t\t<div class=\"qodef-shortcode qodef-m qodef-single-image qodef-layout--default\"   >\n\t<div class=\"qodef-m-inner\">\n\t\t\t\t<div class=\"qodef-m-image\">\n\t\t\t\t\t\t\t\t<img decoding=\"async\" width=\"184\" height=\"180\" src=\"https:\/\/breakdance-geneve.ch\/wp-content\/uploads\/2025\/06\/9e1be2_9ad966ef41d74893a08884dda0ec658bmv2_d_4299_4397_s_4_2-1.avif\" class=\"attachment-full size-full qodef-list-image\" alt=\"get down show\" \/>\t\t\t\t\t\t\t<\/div>\n\t\t\t\t<\/div>\n<\/div>\n\t\t\t\t<\/div>\n\t\t\t\t<\/div>\n\t\t\t\t<div class=\"elementor-element elementor-element-555060a elementor-widget elementor-widget-xrival_core_section_title\" data-id=\"555060a\" data-element_type=\"widget\" data-widget_type=\"xrival_core_section_title.default\">\n\t\t\t\t<div class=\"elementor-widget-container\">\n\t\t\t\t\t<div class=\"qodef-shortcode qodef-m qodef-section-title qodef-skin--light qodef-alignment--center\">\n\t\t<h2 class=\"qodef-m-title\" style=\"color: #000000\">\n\t\t\t\t\tPunisher\t\t\t<\/h2>\n\t<\/div>\n\t\t\t\t<\/div>\n\t\t\t\t<\/div>\n\t\t\t\t<\/div>\n\t\t<div class=\"elementor-element elementor-element-1ea5501 e-flex e-con-boxed e-con e-parent\" data-id=\"1ea5501\" data-element_type=\"container\">\n\t\t\t\t\t<div class=\"e-con-inner\">\n\t\t<div class=\"elementor-element elementor-element-0d7e9a5 e-con-full e-flex e-con e-child\" data-id=\"0d7e9a5\" data-element_type=\"container\">\n\t\t\t\t<div class=\"elementor-element elementor-element-df668ba elementor-widget__width-initial elementor-widget elementor-widget-xrival_core_section_title\" data-id=\"df668ba\" data-element_type=\"widget\" data-widget_type=\"xrival_core_section_title.default\">\n\t\t\t\t<div class=\"elementor-widget-container\">\n\t\t\t\t\t<div class=\"qodef-shortcode qodef-m qodef-section-title qodef-alignment--left\">\n\t\t<h5 class=\"qodef-m-title\" style=\"color: #000000\">\n\t\t\t\t\tPresentation\t\t\t<\/h5>\n\t\t<p class=\"qodef-m-text\" style=\"color: #000000\">Moussa started dancing at the age of 8. Over the years, he has honed his skills by competing in numerous international battles. He is one of the rising stars of Swiss breakdance. His flexibility and unique style make him a truly distinctive dancer.<\/p>\n<\/div>\n\t\t\t\t<\/div>\n\t\t\t\t<\/div>\n\t\t\t\t<\/div>\n\t\t<div class=\"elementor-element elementor-element-2db3767 e-con-full e-flex e-con e-child\" data-id=\"2db3767\" data-element_type=\"container\">\n\t\t\t\t<div class=\"elementor-element elementor-element-f55af7c elementor-widget elementor-widget-video\" data-id=\"f55af7c\" data-element_type=\"widget\" data-settings=\"{&quot;youtube_url&quot;:&quot;https:\\\/\\\/www.youtube.com\\\/shorts\\\/bgOHPqMbNLk&quot;,&quot;video_type&quot;:&quot;youtube&quot;,&quot;controls&quot;:&quot;yes&quot;}\" data-widget_type=\"video.default\">\n\t\t\t\t<div class=\"elementor-widget-container\">\n\t\t\t\t\t\t\t<div class=\"elementor-wrapper elementor-open-inline\">\n\t\t\t<div class=\"elementor-video\"><\/div>\t\t<\/div>\n\t\t\t\t\t\t<\/div>\n\t\t\t\t<\/div>\n\t\t\t\t<\/div>\n\t\t\t\t\t<\/div>\n\t\t\t\t<\/div>\n\t\t<div class=\"elementor-element elementor-element-a0129ba e-flex e-con-boxed e-con e-parent\" data-id=\"a0129ba\" data-element_type=\"container\">\n\t\t\t\t\t<div class=\"e-con-inner\">\n\t\t\t\t\t<\/div>\n\t\t\t\t<\/div>\n\t\t<div class=\"elementor-element elementor-element-bbc2d40 e-flex e-con-boxed e-con e-parent\" data-id=\"bbc2d40\" data-element_type=\"container\" data-settings=\"{&quot;background_background&quot;:&quot;classic&quot;}\">\n\t\t\t\t\t<div class=\"e-con-inner\">\n\t\t\t\t\t<\/div>\n\t\t\t\t<\/div>\n\t\t<div class=\"elementor-element elementor-element-be8326c e-flex e-con-boxed e-con e-parent\" data-id=\"be8326c\" data-element_type=\"container\" data-settings=\"{&quot;background_background&quot;:&quot;classic&quot;}\">\n\t\t\t\t\t<div class=\"e-con-inner\">\n\t\t\t\t<div class=\"elementor-element elementor-element-a985325 elementor-widget elementor-widget-qi_addons_for_elementor_image_slider\" data-id=\"a985325\" data-element_type=\"widget\" data-widget_type=\"qi_addons_for_elementor_image_slider.default\">\n\t\t\t\t<div class=\"elementor-widget-container\">\n\t\t\t\t\t<div class=\"qodef-shortcode qodef-m qodef-qi-image-slider qodef-qi-fslightbox-popup qodef-popup-gallery qodef-col-num--3 qodef-qi-grid qodef-qi-swiper-container qodef-navigation--inside qodef-pagination--inside qodef-navigation--hover-move\" data-options=\"{&quot;direction&quot;:&quot;horizontal&quot;,&quot;slidesPerView&quot;:&quot;3&quot;,&quot;spaceBetween&quot;:30,&quot;spaceBetweenTablet&quot;:30,&quot;spaceBetweenMobile&quot;:30,&quot;effect&quot;:&quot;&quot;,&quot;loop&quot;:true,&quot;autoplay&quot;:true,&quot;centeredSlides&quot;:false,&quot;speed&quot;:&quot;&quot;,&quot;speedAnimation&quot;:&quot;&quot;,&quot;outsideNavigation&quot;:&quot;no&quot;,&quot;outsidePagination&quot;:&quot;no&quot;,&quot;unique&quot;:884,&quot;partialValue&quot;:0,&quot;disablePartialValue&quot;:&quot;&quot;,&quot;parallax&quot;:&quot;no&quot;}\">\n\t<div class=\"swiper-wrapper\">\n\t\t<div class=\"qodef-e swiper-slide\">\n\t<div class=\"qodef-e-inner\">\n\t\t<div class=\"qodef-e-inner-holder\">\n\t\t\t\t\t\t\t<a class=\"qodef-popup-item\" itemprop=\"image\" href=\"https:\/\/breakdance-geneve.ch\/wp-content\/uploads\/2025\/07\/Group-9.webp\" data-type=\"image\" data-fslightbox=\"gallery-884\" data-e-disable-page-transition=\"\u201dtrue\u201d\">\n\t\t\t\t\t\t\t<img fetchpriority=\"high\" decoding=\"async\" width=\"1004\" height=\"1466\" src=\"https:\/\/breakdance-geneve.ch\/wp-content\/uploads\/2025\/07\/Group-9.webp\" class=\"attachment-full size-full\" alt=\"\" srcset=\"https:\/\/breakdance-geneve.ch\/wp-content\/uploads\/2025\/07\/Group-9.webp 1004w, https:\/\/breakdance-geneve.ch\/wp-content\/uploads\/2025\/07\/Group-9-205x300.webp 205w, https:\/\/breakdance-geneve.ch\/wp-content\/uploads\/2025\/07\/Group-9-701x1024.webp 701w, https:\/\/breakdance-geneve.ch\/wp-content\/uploads\/2025\/07\/Group-9-768x1121.webp 768w, https:\/\/breakdance-geneve.ch\/wp-content\/uploads\/2025\/07\/Group-9-8x12.webp 8w\" sizes=\"(max-width: 1004px) 100vw, 1004px\" \/>\t\t\t\t\t\t\t<\/a>\n\t\t\t\t\t<\/div>\n\t<\/div>\n\t<\/div>\n<div class=\"qodef-e swiper-slide\">\n\t<div class=\"qodef-e-inner\">\n\t\t<div class=\"qodef-e-inner-holder\">\n\t\t\t\t\t\t\t<a class=\"qodef-popup-item\" itemprop=\"image\" href=\"https:\/\/breakdance-geneve.ch\/wp-content\/uploads\/2025\/07\/E31CD7DA-AE0D-4444-8CDA-07C6DD20DBE3_1_102_a-1.webp\" data-type=\"image\" data-fslightbox=\"gallery-884\" data-e-disable-page-transition=\"\u201dtrue\u201d\">\n\t\t\t\t\t\t\t<img decoding=\"async\" width=\"1004\" height=\"1466\" src=\"https:\/\/breakdance-geneve.ch\/wp-content\/uploads\/2025\/07\/E31CD7DA-AE0D-4444-8CDA-07C6DD20DBE3_1_102_a-1.webp\" class=\"attachment-full size-full\" alt=\"\" srcset=\"https:\/\/breakdance-geneve.ch\/wp-content\/uploads\/2025\/07\/E31CD7DA-AE0D-4444-8CDA-07C6DD20DBE3_1_102_a-1.webp 1004w, https:\/\/breakdance-geneve.ch\/wp-content\/uploads\/2025\/07\/E31CD7DA-AE0D-4444-8CDA-07C6DD20DBE3_1_102_a-1-205x300.webp 205w, https:\/\/breakdance-geneve.ch\/wp-content\/uploads\/2025\/07\/E31CD7DA-AE0D-4444-8CDA-07C6DD20DBE3_1_102_a-1-701x1024.webp 701w, https:\/\/breakdance-geneve.ch\/wp-content\/uploads\/2025\/07\/E31CD7DA-AE0D-4444-8CDA-07C6DD20DBE3_1_102_a-1-768x1121.webp 768w\" sizes=\"(max-width: 1004px) 100vw, 1004px\" \/>\t\t\t\t\t\t\t<\/a>\n\t\t\t\t\t<\/div>\n\t<\/div>\n\t<\/div>\n<div class=\"qodef-e swiper-slide\">\n\t<div class=\"qodef-e-inner\">\n\t\t<div class=\"qodef-e-inner-holder\">\n\t\t\t\t\t\t\t<a class=\"qodef-popup-item\" itemprop=\"image\" href=\"https:\/\/breakdance-geneve.ch\/wp-content\/uploads\/2025\/07\/8C299359-D7BC-4B94-9F6C-B5CF96891398_1_105_c.webp\" data-type=\"image\" data-fslightbox=\"gallery-884\" data-e-disable-page-transition=\"\u201dtrue\u201d\">\n\t\t\t\t\t\t\t<img loading=\"lazy\" decoding=\"async\" width=\"1004\" height=\"1466\" src=\"https:\/\/breakdance-geneve.ch\/wp-content\/uploads\/2025\/07\/8C299359-D7BC-4B94-9F6C-B5CF96891398_1_105_c.webp\" class=\"attachment-full size-full\" alt=\"\" srcset=\"https:\/\/breakdance-geneve.ch\/wp-content\/uploads\/2025\/07\/8C299359-D7BC-4B94-9F6C-B5CF96891398_1_105_c.webp 1004w, https:\/\/breakdance-geneve.ch\/wp-content\/uploads\/2025\/07\/8C299359-D7BC-4B94-9F6C-B5CF96891398_1_105_c-205x300.webp 205w, https:\/\/breakdance-geneve.ch\/wp-content\/uploads\/2025\/07\/8C299359-D7BC-4B94-9F6C-B5CF96891398_1_105_c-701x1024.webp 701w, https:\/\/breakdance-geneve.ch\/wp-content\/uploads\/2025\/07\/8C299359-D7BC-4B94-9F6C-B5CF96891398_1_105_c-768x1121.webp 768w\" sizes=\"(max-width: 1004px) 100vw, 1004px\" \/>\t\t\t\t\t\t\t<\/a>\n\t\t\t\t\t<\/div>\n\t<\/div>\n\t<\/div>\n\t<\/div>\n\t\t<div class=\"swiper-button-prev\"><svg class=\"qodef-swiper-arrow-left\" xmlns=\"http:\/\/www.w3.org\/2000\/svg\" x=\"0px\" y=\"0px\" viewbox=\"0 0 34.2 32.3\" xml:space=\"preserve\" style=\"stroke-width: 2;\"><line x1=\"0.5\" y1=\"16\" x2=\"33.5\" y2=\"16\"\/><line x1=\"0.3\" y1=\"16.5\" x2=\"16.2\" y2=\"0.7\"\/><line x1=\"0\" y1=\"15.4\" x2=\"16.2\" y2=\"31.6\"\/><\/svg><\/div>\n\t<div class=\"swiper-button-next\"><svg class=\"qodef-swiper-arrow-right\" xmlns=\"http:\/\/www.w3.org\/2000\/svg\" x=\"0px\" y=\"0px\" viewbox=\"0 0 34.2 32.3\" xml:space=\"preserve\" style=\"stroke-width: 2;\"><line x1=\"0\" y1=\"16\" x2=\"33\" y2=\"16\"\/><line x1=\"17.3\" y1=\"0.7\" x2=\"33.2\" y2=\"16.5\"\/><line x1=\"17.3\" y1=\"31.6\" x2=\"33.5\" y2=\"15.4\"\/><\/svg><\/div>\n\t<div class=\"swiper-pagination\"><\/div>\n<\/div>\n\t\t\t\t<\/div>\n\t\t\t\t<\/div>\n\t\t\t\t\t<\/div>\n\t\t\t\t<\/div>\n\t\t\t\t<\/div>","protected":false},"excerpt":{"rendered":"<p>Punisher Pr\u00e9sentation Moussa a commenc\u00e9 \u00e0 danser \u00e0 l&#039;age de 8 ans. Pendant de nombreuses ann\u00e9es, il s&#039;est perfectionn\u00e9 en effectuant plusieurs battles internationaux. C&#039;est une des \u00e9toiles montantes du breakdance suisse. Sa souplesse et son style font de lui un danseur unique en son genre.<\/p>","protected":false},"author":1,"featured_media":0,"parent":1934,"menu_order":0,"comment_status":"closed","ping_status":"closed","template":"page-full-width.php","meta":{"footnotes":""},"class_list":["post-6134","page","type-page","status-publish","hentry"],"_links":{"self":[{"href":"https:\/\/breakdance-geneve.ch\/en\/wp-json\/wp\/v2\/pages\/6134","targetHints":{"allow":["GET"]}}],"collection":[{"href":"https:\/\/breakdance-geneve.ch\/en\/wp-json\/wp\/v2\/pages"}],"about":[{"href":"https:\/\/breakdance-geneve.ch\/en\/wp-json\/wp\/v2\/types\/page"}],"author":[{"embeddable":true,"href":"https:\/\/breakdance-geneve.ch\/en\/wp-json\/wp\/v2\/users\/1"}],"replies":[{"embeddable":true,"href":"https:\/\/breakdance-geneve.ch\/en\/wp-json\/wp\/v2\/comments?post=6134"}],"version-history":[{"count":0,"href":"https:\/\/breakdance-geneve.ch\/en\/wp-json\/wp\/v2\/pages\/6134\/revisions"}],"up":[{"embeddable":true,"href":"https:\/\/breakdance-geneve.ch\/en\/wp-json\/wp\/v2\/pages\/1934"}],"wp:attachment":[{"href":"https:\/\/breakdance-geneve.ch\/en\/wp-json\/wp\/v2\/media?parent=6134"}],"curies":[{"name":"wp","href":"https:\/\/api.w.org\/{rel}","templated":true}]}}