{"id":6830,"date":"2025-08-04T12:01:13","date_gmt":"2025-08-04T12:01:13","guid":{"rendered":"https:\/\/breakdance-geneve.ch\/?page_id=6830"},"modified":"2025-09-18T09:47:21","modified_gmt":"2025-09-18T09:47:21","slug":"inscription","status":"publish","type":"page","link":"https:\/\/breakdance-geneve.ch\/en\/inscription\/","title":{"rendered":"Registration"},"content":{"rendered":"<div data-elementor-type=\"wp-page\" data-elementor-id=\"6830\" class=\"elementor elementor-6830\" data-elementor-post-type=\"page\">\n\t\t\t\t<div class=\"elementor-element elementor-element-6759f50 e-con-full e-flex e-con e-parent\" data-id=\"6759f50\" data-element_type=\"container\">\n\t\t<div class=\"elementor-element elementor-element-c9b36ac e-con-full e-flex e-con e-child\" data-id=\"c9b36ac\" data-element_type=\"container\">\n\t\t\t\t<div class=\"elementor-element elementor-element-a726bda elementor-widget elementor-widget-xrival_core_google_map\" data-id=\"a726bda\" data-element_type=\"widget\" data-widget_type=\"xrival_core_google_map.default\">\n\t\t\t\t<div class=\"elementor-widget-container\">\n\t\t\t\t\t<div class=\"qodef-shortcode qodef-m qodef-google-map\">\n\t<div class=\"qodef-m-map\" id=\"qodef-map-id--736\" data-addresses='[\"https:\/\/www.google.com\/maps\/place\/10+White+St,+New+York,+NY+10013,+%D0%A1%D1%98%D0%B5%D0%B4%D0%B8%D1%9A%D0%B5%D0%BD%D0%B5+%D0%94%D1%80%D0%B6%D0%B0%D0%B2%D0%B5\/@40.7192711,-74.0068654,18z\/data=!4m14!1m7!3m6!1s0x89c2598aacb4bb2f:0x38c5e64bc037bc99!2sTerra!8m2!3d40.7191892!4d-74.0060229!16s%2Fg%2F1pp2x5n2q!3m5!1s0x89c2598abb2a06d9:0xb95d04fd35a73764!8m2!3d40.7193468!4d-74.0057203!16s%2Fg%2F11cs8d7y0h?entry=ttu&amp;g_ep=EgoyMDI0MDgyMy4wIKXMDSoASAFQAw%3D%3D\"]' data-pin=\"https:\/\/breakdance-geneve.ch\/wp-content\/plugins\/xrival-core\/inc\/maps\/assets\/img\/pin.png\" data-unique-id=\"736\" data-height=\"615\"><\/div>\n<\/div>\n\t\t\t\t<\/div>\n\t\t\t\t<\/div>\n\t\t\t\t<\/div>\n\t\t\t\t<\/div>\n\t\t<div class=\"elementor-element elementor-element-ee505d4 e-con-full qodef-elementor-content-grid e-flex e-con e-child\" data-id=\"ee505d4\" data-element_type=\"container\">\n\t\t\t\t<div class=\"elementor-element elementor-element-ee2e60b elementor-widget elementor-widget-xrival_core_single_image\" data-id=\"ee2e60b\" data-element_type=\"widget\" data-widget_type=\"xrival_core_single_image.default\">\n\t\t\t\t<div class=\"elementor-widget-container\">\n\t\t\t\t\t<div class=\"qodef-shortcode qodef-m qodef-single-image qodef-layout--default\"   >\n\t<div class=\"qodef-m-inner\">\n\t\t\t\t<div class=\"qodef-m-image\">\n\t\t\t\t\t\t\t\t<img decoding=\"async\" width=\"184\" height=\"180\" src=\"https:\/\/breakdance-geneve.ch\/wp-content\/uploads\/2025\/06\/9e1be2_9ad966ef41d74893a08884dda0ec658bmv2_d_4299_4397_s_4_2-1.avif\" class=\"attachment-full size-full qodef-list-image\" alt=\"get down show\" \/>\t\t\t\t\t\t\t<\/div>\n\t\t\t\t<\/div>\n<\/div>\n\t\t\t\t<\/div>\n\t\t\t\t<\/div>\n\t\t\t\t<div class=\"elementor-element elementor-element-555060a elementor-widget elementor-widget-xrival_core_section_title\" data-id=\"555060a\" data-element_type=\"widget\" data-widget_type=\"xrival_core_section_title.default\">\n\t\t\t\t<div class=\"elementor-widget-container\">\n\t\t\t\t\t<div class=\"qodef-shortcode qodef-m qodef-section-title qodef-skin--light qodef-alignment--center\">\n\t\t<h2 class=\"qodef-m-title\" style=\"color: #000000\">\n\t\t\t\t\tRegistration\t\t\t<\/h2>\n\t<\/div>\n\t\t\t\t<\/div>\n\t\t\t\t<\/div>\n\t\t\t\t<\/div>\n\t\t<div class=\"elementor-element elementor-element-457bfa5 e-flex e-con-boxed e-con e-parent\" data-id=\"457bfa5\" data-element_type=\"container\">\n\t\t\t\t\t<div class=\"e-con-inner\">\n\t\t\t\t<div class=\"elementor-element elementor-element-550b561 elementor-widget elementor-widget-heading\" data-id=\"550b561\" data-element_type=\"widget\" data-widget_type=\"heading.default\">\n\t\t\t\t<div class=\"elementor-widget-container\">\n\t\t\t\t\t<h2 class=\"elementor-heading-title elementor-size-default\">Information<\/h2>\t\t\t\t<\/div>\n\t\t\t\t<\/div>\n\t\t\t\t\t<\/div>\n\t\t\t\t<\/div>\n\t\t<div class=\"elementor-element elementor-element-587340b e-flex e-con-boxed e-con e-parent\" data-id=\"587340b\" data-element_type=\"container\">\n\t\t\t\t\t<div class=\"e-con-inner\">\n\t\t<div class=\"elementor-element elementor-element-66361a9 e-con-full e-flex e-con e-child\" data-id=\"66361a9\" data-element_type=\"container\">\n\t\t\t\t<div class=\"elementor-element elementor-element-c4746f2 elementor-widget elementor-widget-text-editor\" data-id=\"c4746f2\" data-element_type=\"widget\" data-widget_type=\"text-editor.default\">\n\t\t\t\t<div class=\"elementor-widget-container\">\n\t\t\t\t\t\t\t\t\t<p>La rentr\u00e9e des cours \u00e0 lieu le 1er septembre 2025.\u00a0<\/p>\t\t\t\t\t\t\t\t<\/div>\n\t\t\t\t<\/div>\n\t\t\t\t<\/div>\n\t\t\t\t\t<\/div>\n\t\t\t\t<\/div>\n\t\t<div class=\"elementor-element elementor-element-ae0325e e-flex e-con-boxed e-con e-parent\" data-id=\"ae0325e\" data-element_type=\"container\">\n\t\t\t\t\t<div class=\"e-con-inner\">\n\t\t\t\t<div class=\"elementor-element elementor-element-a3a95bc elementor-widget elementor-widget-heading\" data-id=\"a3a95bc\" data-element_type=\"widget\" data-widget_type=\"heading.default\">\n\t\t\t\t<div class=\"elementor-widget-container\">\n\t\t\t\t\t<h2 class=\"elementor-heading-title elementor-size-default\">Inscription \u00e0 tous les cours<\/h2>\t\t\t\t<\/div>\n\t\t\t\t<\/div>\n\t\t\t\t\t<\/div>\n\t\t\t\t<\/div>\n\t\t<div class=\"elementor-element elementor-element-9b67221 e-flex e-con-boxed e-con e-parent\" data-id=\"9b67221\" data-element_type=\"container\">\n\t\t\t\t\t<div class=\"e-con-inner\">\n\t\t<div class=\"elementor-element elementor-element-c07e08f e-con-full e-flex e-con e-child\" data-id=\"c07e08f\" data-element_type=\"container\">\n\t\t\t\t<div class=\"elementor-element elementor-element-191a170 elementor-widget elementor-widget-xrival_core_accordion\" data-id=\"191a170\" data-element_type=\"widget\" data-widget_type=\"xrival_core_accordion.default\">\n\t\t\t\t<div class=\"elementor-widget-container\">\n\t\t\t\t\t<div class=\"qodef-shortcode qodef-m qodef-accordion clear qodef-behavior--accordion qodef-layout--simple\">\n\t<h4 class=\"qodef-accordion-title\">\n\t<span class=\"qodef-tab-title\">\u00c9tape 1<\/span>\n\t<span class=\"qodef-accordion-mark\">\n\t\t<span class=\"qodef-icon--plus\">+<\/span>\n\t\t<span class=\"qodef-icon--minus\">-<\/span>\n\t<\/span>\n<\/h4>\n<div class=\"qodef-accordion-content\">\n\t<div class=\"qodef-accordion-content-inner\">\n\t\t<p class=\"p1\">Cliquez sur le bouton inscription, vous serez redirig\u00e9 sur la page de l'\u00e9cole sur le site de SportsNow<\/p>\t<\/div>\n<\/div>\n<h4 class=\"qodef-accordion-title\">\n\t<span class=\"qodef-tab-title\">\u00c9tape 2<\/span>\n\t<span class=\"qodef-accordion-mark\">\n\t\t<span class=\"qodef-icon--plus\">+<\/span>\n\t\t<span class=\"qodef-icon--minus\">-<\/span>\n\t<\/span>\n<\/h4>\n<div class=\"qodef-accordion-content\">\n\t<div class=\"qodef-accordion-content-inner\">\n\t\t<p class=\"p1\">Naviguez sur l'onglet abonnements sur la page de l'\u00e9cole\u00a0<\/p>\t<\/div>\n<\/div>\n<h4 class=\"qodef-accordion-title\">\n\t<span class=\"qodef-tab-title\">\u00c9tape 3<\/span>\n\t<span class=\"qodef-accordion-mark\">\n\t\t<span class=\"qodef-icon--plus\">+<\/span>\n\t\t<span class=\"qodef-icon--minus\">-<\/span>\n\t<\/span>\n<\/h4>\n<div class=\"qodef-accordion-content\">\n\t<div class=\"qodef-accordion-content-inner\">\n\t\t<p class=\"p1\">S\u00e9lectionnez l'abonnement auquel vous d\u00e9sirez vous inscrire<\/p>\t<\/div>\n<\/div>\n<h4 class=\"qodef-accordion-title\">\n\t<span class=\"qodef-tab-title\">\u00c9tape 4<\/span>\n\t<span class=\"qodef-accordion-mark\">\n\t\t<span class=\"qodef-icon--plus\">+<\/span>\n\t\t<span class=\"qodef-icon--minus\">-<\/span>\n\t<\/span>\n<\/h4>\n<div class=\"qodef-accordion-content\">\n\t<div class=\"qodef-accordion-content-inner\">\n\t\t<p class=\"p1\">Suivez la proc\u00e9dure sur le site, remplissez le questionnaire de sant\u00e9, s\u00e9lectionnez la m\u00e9thode de paiement et proc\u00e9dez \u00e0 la r\u00e9servation<\/p>\t<\/div>\n<\/div>\n<\/div>\n\t\t\t\t<\/div>\n\t\t\t\t<\/div>\n\t\t\t\t<\/div>\n\t\t<div class=\"elementor-element elementor-element-3582c0d e-con-full e-flex e-con e-child\" data-id=\"3582c0d\" data-element_type=\"container\">\n\t\t\t\t<div class=\"elementor-element elementor-element-f5ce24c elementor-widget elementor-widget-video\" data-id=\"f5ce24c\" data-element_type=\"widget\" data-settings=\"{&quot;youtube_url&quot;:&quot;https:\\\/\\\/youtu.be\\\/qg-QYCcpehg&quot;,&quot;video_type&quot;:&quot;youtube&quot;,&quot;controls&quot;:&quot;yes&quot;}\" data-widget_type=\"video.default\">\n\t\t\t\t<div class=\"elementor-widget-container\">\n\t\t\t\t\t\t\t<div class=\"elementor-wrapper elementor-open-inline\">\n\t\t\t<div class=\"elementor-video\"><\/div>\t\t<\/div>\n\t\t\t\t\t\t<\/div>\n\t\t\t\t<\/div>\n\t\t\t\t<div class=\"elementor-element elementor-element-e6d424a elementor-widget elementor-widget-xrival_core_button\" data-id=\"e6d424a\" data-element_type=\"widget\" data-widget_type=\"xrival_core_button.default\">\n\t\t\t\t<div class=\"elementor-widget-container\">\n\t\t\t\t\t<a class=\"qodef-shortcode qodef-m qodef-button qodef-layout--filled qodef-html--link\" href=\"https:\/\/www.sportsnow.ch\/go\/the-get-down\/prices?locale=fr\" target=\"_blank\" rel=\"noopener\">\n\t<span class=\"qodef-m-text\" data-title=\"s&#039;inscrire\">s&#039;inscrire<\/span>\n    <span class=\"qodef-btn-arrow\"><svg class=\"qodef-svg--btn-arrow\" xmlns=\"http:\/\/www.w3.org\/2000\/svg\" width=\"13.458\" height=\"13.574\" viewbox=\"0 0 13.458 13.574\"><g><path d=\"m4.74.766 7.164 6.02-7.163 6.022\"\/><path d=\"M11.904 6.787H.004\"\/><\/g><g><path d=\"m4.74.766 7.164 6.02-7.163 6.022\"\/><path d=\"M11.904 6.787H.004\"\/><\/g><\/svg><\/span>\n<\/a>\n\t\t\t\t<\/div>\n\t\t\t\t<\/div>\n\t\t\t\t<\/div>\n\t\t\t\t\t<\/div>\n\t\t\t\t<\/div>\n\t\t<div class=\"elementor-element elementor-element-95fbf1a e-flex e-con-boxed e-con e-parent\" data-id=\"95fbf1a\" data-element_type=\"container\">\n\t\t\t\t\t<div class=\"e-con-inner\">\n\t\t\t\t<div class=\"elementor-element elementor-element-ae240f9 elementor-widget elementor-widget-heading\" data-id=\"ae240f9\" data-element_type=\"widget\" data-widget_type=\"heading.default\">\n\t\t\t\t<div class=\"elementor-widget-container\">\n\t\t\t\t\t<h2 class=\"elementor-heading-title elementor-size-default\">Inscriptions aux cours de Plan-les-Ouates | La Julienne| Pr\u00e9-Champs<\/h2>\t\t\t\t<\/div>\n\t\t\t\t<\/div>\n\t\t\t\t\t<\/div>\n\t\t\t\t<\/div>\n\t\t<div class=\"elementor-element elementor-element-1580e11 e-flex e-con-boxed e-con e-parent\" data-id=\"1580e11\" data-element_type=\"container\">\n\t\t\t\t\t<div class=\"e-con-inner\">\n\t\t<div class=\"elementor-element elementor-element-9f66565 e-con-full e-flex e-con e-child\" data-id=\"9f66565\" data-element_type=\"container\">\n\t\t\t\t<div class=\"elementor-element elementor-element-7432457 elementor-widget elementor-widget-text-editor\" data-id=\"7432457\" data-element_type=\"widget\" data-widget_type=\"text-editor.default\">\n\t\t\t\t<div class=\"elementor-widget-container\">\n\t\t\t\t\t\t\t\t\t<p class=\"p1\">Pour s\u2019inscrire aux cours organis\u00e9s \u00e0 Plan-les-Ouates, il est n\u00e9cessaire de t\u00e9l\u00e9charger le formulaire d\u2019inscription, de le remplir soigneusement, puis de l\u2019envoyer par e-mail \u00e0 l\u2019adresse suivante : <span class=\"s1\"><b>schooldance.plo@gmail.com<\/b><\/span>.<\/p><p class=\"p1\">Pour toute question ou information compl\u00e9mentaire concernant ces cours, vous pouvez contacter directement le <span class=\"s1\"><b>078 909 79 32<\/b><\/span>.<\/p>\t\t\t\t\t\t\t\t<\/div>\n\t\t\t\t<\/div>\n\t\t\t\t<\/div>\n\t\t\t\t\t<\/div>\n\t\t\t\t<\/div>\n\t\t<div class=\"elementor-element elementor-element-fe00e30 e-flex e-con-boxed e-con e-parent\" data-id=\"fe00e30\" data-element_type=\"container\">\n\t\t\t\t\t<div class=\"e-con-inner\">\n\t\t\t\t\t<\/div>\n\t\t\t\t<\/div>\n\t\t\t\t<\/div>","protected":false},"excerpt":{"rendered":"<p>Inscription Informations La rentr\u00e9e des cours \u00e0 lieu le 1er septembre 2025.\u00a0 Inscription \u00e0 tous les cours \u00c9tape 1 + &#8211; Cliquez sur le bouton inscription, vous serez redirig\u00e9 sur la page de l&rsquo;\u00e9cole sur le site de SportsNow \u00c9tape 2 + &#8211; Naviguez sur l&rsquo;onglet abonnements sur la page de l&rsquo;\u00e9cole\u00a0 \u00c9tape 3 + [&hellip;]<\/p>","protected":false},"author":1,"featured_media":0,"parent":0,"menu_order":0,"comment_status":"closed","ping_status":"closed","template":"page-full-width.php","meta":{"footnotes":""},"class_list":["post-6830","page","type-page","status-publish","hentry"],"_links":{"self":[{"href":"https:\/\/breakdance-geneve.ch\/en\/wp-json\/wp\/v2\/pages\/6830","targetHints":{"allow":["GET"]}}],"collection":[{"href":"https:\/\/breakdance-geneve.ch\/en\/wp-json\/wp\/v2\/pages"}],"about":[{"href":"https:\/\/breakdance-geneve.ch\/en\/wp-json\/wp\/v2\/types\/page"}],"author":[{"embeddable":true,"href":"https:\/\/breakdance-geneve.ch\/en\/wp-json\/wp\/v2\/users\/1"}],"replies":[{"embeddable":true,"href":"https:\/\/breakdance-geneve.ch\/en\/wp-json\/wp\/v2\/comments?post=6830"}],"version-history":[{"count":0,"href":"https:\/\/breakdance-geneve.ch\/en\/wp-json\/wp\/v2\/pages\/6830\/revisions"}],"wp:attachment":[{"href":"https:\/\/breakdance-geneve.ch\/en\/wp-json\/wp\/v2\/media?parent=6830"}],"curies":[{"name":"wp","href":"https:\/\/api.w.org\/{rel}","templated":true}]}}